{"id":759575,"date":"2025-08-28T08:38:42","date_gmt":"2025-08-28T05:38:42","guid":{"rendered":"https:\/\/roveyayinevi.com.tr\/index.php\/urun\/tedbirat-i-ilahiyye-2\/"},"modified":"2026-04-16T03:12:35","modified_gmt":"2026-04-16T00:12:35","slug":"tedbirat-i-ilahiyye-2","status":"publish","type":"product","link":"https:\/\/roveyayinevi.com.tr\/index.php\/urun\/tedbirat-i-ilahiyye-2\/","title":{"rendered":"Tedbirat-\u0131 \u0130lahiyye"},"content":{"rendered":"<p>Tedb\u00eer\u00e2t-\u0131 \u0130l\u00e2hiyye veya Siyaset ve Ahl\u00e2k, \u0130bn\u00fc\u2019l-Arab\u00ee\u2019nin ahl\u00e2k teorisi hakk\u0131nda yazd\u0131\u011f\u0131 en anla\u015f\u0131l\u0131r ve takip edilebilir eserdir. Kitap Aristoteles\u2019e ait say\u0131lan siyaset kitab\u0131n\u0131n tamamlanmas\u0131 gayesiyle yaz\u0131lm\u0131\u015ft\u0131r. Kadim d\u00fcnyada ahl\u00e2k \u00fc\u00e7 alanda ele al\u0131n\u0131rd\u0131: Birinci alanda ahl\u00e2k, az say\u0131daki se\u00e7kinin ya\u015fad\u0131\u011f\u0131 \u015fehrin y\u00f6netimi ve kurallar\u0131yd\u0131. Buna \u015fehir siyaseti denilirdi. Ahl\u00e2k\u0131n ikinci alan\u0131 ise ev kurallar\u0131, ev hukuku diyebilece\u011fimiz tedb\u00eer-i menzildir. Buradaki kurallar ile siyaset alan\u0131ndaki kurallar birbirini ikmal eder, birbirine a\u00e7\u0131l\u0131r. \u0130bn\u00fc\u2019l-Arab\u00ee\u2019nin eseri ise bu iki alandan daha \u00e7ok bireysel ahl\u00e2k\u0131, nefsin terbiye edilmesini, nefsin varolu\u015f amac\u0131n\u0131 dikkate alarak o istikamette kemale erdirilmesini ama\u00e7lar. Bu da ahl\u00e2k\u0131n \u00fc\u00e7\u00fcnc\u00fc k\u0131sm\u0131n\u0131 te\u015fkil eder. Fakat s\u00fbf\u00eeler i\u00e7in bu k\u0131s\u0131m, ahl\u00e2k\u0131n ve varolu\u015fun amac\u0131d\u0131r. \u00c7\u00fcnk\u00fc ahl\u00e2k, insan\u0131n varolu\u015f amac\u0131na ula\u015fma yolunda zihinsel ve ahl\u00e2k\u00ee y\u00f6nden terbiye edilmesi demektir. Bu sayede insan ger\u00e7ek insan, b\u00fct\u00fcn varl\u0131kla ili\u015fkili bir kevn-i c\u00e2mi haline gelerek \u2018evrensel\u2019 insan olur. Elinizdeki kitapta, \u0130bn\u00fc\u2019l-Arab\u00ee\u2019nin insan ve ahl\u00e2k teorisi ile birlikte Ekrem Demirli\u2019nin a\u00e7\u0131klama ve notlar\u0131 yer almaktad\u0131r. Tedb\u00eer\u00e2t-\u0131 \u0130l\u00e2hiyye, \u00e7a\u011fda\u015f d\u00fc\u015f\u00fcncede en \u00e7ok tart\u0131\u015f\u0131lan konulara uzak olmayan bir ge\u00e7mi\u015ften bakmak isteyen okur i\u00e7in bir ba\u015fvuru kitab\u0131d\u0131r!  <\/p>\n","protected":false},"excerpt":{"rendered":"<p>Tedb\u00eer\u00e2t-\u0131 \u0130l\u00e2hiyye veya Siyaset ve Ahl\u00e2k, \u0130bn\u00fc\u2019l-Arab\u00ee\u2019nin ahl\u00e2k teorisi hakk\u0131nda yazd\u0131\u011f\u0131 en anla\u015f\u0131l\u0131r ve takip edilebilir eserdir. Kitap Aristoteles\u2019e ait say\u0131lan siyaset kitab\u0131n\u0131n tamamlanmas\u0131 gayesiyle yaz\u0131lm\u0131\u015ft\u0131r.<span class=\"excerpt-hellip\"> [\u2026]<\/span><\/p>\n","protected":false},"featured_media":0,"template":"","meta":{"_monsterinsights_skip_tracking":false,"_monsterinsights_sitenote_active":false,"_monsterinsights_sitenote_note":"","_monsterinsights_sitenote_category":0},"product_brand":[],"product_cat":[16789,12718,12719],"product_tag":[],"class_list":{"0":"post-759575","1":"product","2":"type-product","3":"status-publish","5":"product_cat-diger-islam","6":"product_cat-din","7":"product_cat-islam","8":"pa_cilt-ciltsiz","9":"pa_tur-kitap","10":"pa_yayinevi-fikriyat-yayinlari","11":"pa_yazar-muhyiddin-ibnul-arabi","13":"first","14":"instock","15":"sale","16":"shipping-taxable","17":"purchasable","18":"product-type-simple"},"_links":{"self":[{"href":"https:\/\/roveyayinevi.com.tr\/index.php\/wp-json\/wp\/v2\/product\/759575","targetHints":{"allow":["GET"]}}],"collection":[{"href":"https:\/\/roveyayinevi.com.tr\/index.php\/wp-json\/wp\/v2\/product"}],"about":[{"href":"https:\/\/roveyayinevi.com.tr\/index.php\/wp-json\/wp\/v2\/types\/product"}],"wp:attachment":[{"href":"https:\/\/roveyayinevi.com.tr\/index.php\/wp-json\/wp\/v2\/media?parent=759575"}],"wp:term":[{"taxonomy":"product_brand","embeddable":true,"href":"https:\/\/roveyayinevi.com.tr\/index.php\/wp-json\/wp\/v2\/product_brand?post=759575"},{"taxonomy":"product_cat","embeddable":true,"href":"https:\/\/roveyayinevi.com.tr\/index.php\/wp-json\/wp\/v2\/product_cat?post=759575"},{"taxonomy":"product_tag","embeddable":true,"href":"https:\/\/roveyayinevi.com.tr\/index.php\/wp-json\/wp\/v2\/product_tag?post=759575"}],"curies":[{"name":"wp","href":"https:\/\/api.w.org\/{rel}","templated":true}]}}