{"id":759574,"date":"2025-08-28T08:38:42","date_gmt":"2025-08-28T05:38:42","guid":{"rendered":"https:\/\/roveyayinevi.com.tr\/index.php\/urun\/adres-defteri\/"},"modified":"2026-04-16T03:12:35","modified_gmt":"2026-04-16T00:12:35","slug":"adres-defteri","status":"publish","type":"product","link":"https:\/\/roveyayinevi.com.tr\/index.php\/urun\/adres-defteri\/","title":{"rendered":"Adres Defteri"},"content":{"rendered":"<p>Sokak adresleri d\u00fc\u015f\u00fcn\u00fcld\u00fc\u011f\u00fcnde, \u00e7o\u011fu insan bunlar\u0131 postalar\u0131n teslim edilmesini veya yolcular\u0131n kaybolmamas\u0131n\u0131 sa\u011flayan bir ara\u00e7 olarak de\u011ferlendirir. Ancak sokak adresleri bu ama\u00e7la olu\u015fturulmam\u0131\u015ft\u0131r; bireylerin yerlerini tespit etmek i\u00e7in tasarlanm\u0131\u015flard\u0131r. D\u00fcnyan\u0131n \u00e7e\u015fitli yerlerinde adresiniz \u0131rk\u0131n\u0131z\u0131 ve sosyal stat\u00fcn\u00fcz\u00fc a\u00e7\u0131\u011fa \u00e7\u0131karabilir. Deirdre Mask, kitab\u0131nda Martin Luther King Jr. ad\u0131n\u0131 ta\u015f\u0131yan sokaklar\u0131n ak\u0131beti, antik Romal\u0131lar\u0131n yol bulma y\u00f6ntemleri ve modern Almanya\u2019da Nazilerin s\u00fcregelen varl\u0131\u011f\u0131 gibi \u00e7e\u015fitli konular\u0131 inceliyor. Kitap ayr\u0131ca, Kalk\u00fcta\u2019n\u0131n gecekondu mahallelerinde ve Londra sokaklar\u0131nda ya\u015fayanlar da dahil olmak \u00fczere g\u00fcn\u00fcm\u00fczde milyonlarca insan\u0131 etkileyen bir adrese sahip olmama sorununun etkisini de ara\u015ft\u0131r\u0131yor. B\u00fcy\u00fcleyici insanlar ve tarihlerle dolu Adres Defteri, sokak isimlerinin ard\u0131ndaki karma\u015f\u0131k ve bazen de gizli hik\u00e2yeleri ve bu isimlerin isim verme, gizleme, kimin say\u0131laca\u011f\u0131na, kimin say\u0131lmayaca\u011f\u0131na ve neden say\u0131laca\u011f\u0131na karar verme g\u00fcc\u00fcn\u00fc ayd\u0131nlat\u0131yor. <\/p>\n","protected":false},"excerpt":{"rendered":"<p>Sokak adresleri d\u00fc\u015f\u00fcn\u00fcld\u00fc\u011f\u00fcnde, \u00e7o\u011fu insan bunlar\u0131 postalar\u0131n teslim edilmesini veya yolcular\u0131n kaybolmamas\u0131n\u0131 sa\u011flayan bir ara\u00e7 olarak de\u011ferlendirir. Ancak sokak adresleri bu ama\u00e7la olu\u015fturulmam\u0131\u015ft\u0131r; bireylerin yerlerini tespit<span class=\"excerpt-hellip\"> [\u2026]<\/span><\/p>\n","protected":false},"featured_media":0,"template":"","meta":{"_monsterinsights_skip_tracking":false,"_monsterinsights_sitenote_active":false,"_monsterinsights_sitenote_note":"","_monsterinsights_sitenote_category":0},"product_brand":[],"product_cat":[12324],"product_tag":[],"class_list":{"0":"post-759574","1":"product","2":"type-product","3":"status-publish","5":"product_cat-sosyoloji","6":"pa_cilt-ciltsiz","7":"pa_tur-kitap","8":"pa_yayinevi-turkuvaz-kitap","9":"pa_yazar-deirdre-mask","11":"first","12":"instock","13":"sale","14":"shipping-taxable","15":"purchasable","16":"product-type-simple"},"_links":{"self":[{"href":"https:\/\/roveyayinevi.com.tr\/index.php\/wp-json\/wp\/v2\/product\/759574","targetHints":{"allow":["GET"]}}],"collection":[{"href":"https:\/\/roveyayinevi.com.tr\/index.php\/wp-json\/wp\/v2\/product"}],"about":[{"href":"https:\/\/roveyayinevi.com.tr\/index.php\/wp-json\/wp\/v2\/types\/product"}],"wp:attachment":[{"href":"https:\/\/roveyayinevi.com.tr\/index.php\/wp-json\/wp\/v2\/media?parent=759574"}],"wp:term":[{"taxonomy":"product_brand","embeddable":true,"href":"https:\/\/roveyayinevi.com.tr\/index.php\/wp-json\/wp\/v2\/product_brand?post=759574"},{"taxonomy":"product_cat","embeddable":true,"href":"https:\/\/roveyayinevi.com.tr\/index.php\/wp-json\/wp\/v2\/product_cat?post=759574"},{"taxonomy":"product_tag","embeddable":true,"href":"https:\/\/roveyayinevi.com.tr\/index.php\/wp-json\/wp\/v2\/product_tag?post=759574"}],"curies":[{"name":"wp","href":"https:\/\/api.w.org\/{rel}","templated":true}]}}