{"id":759566,"date":"2025-08-28T08:38:28","date_gmt":"2025-08-28T05:38:28","guid":{"rendered":"https:\/\/roveyayinevi.com.tr\/index.php\/urun\/beyaz-tilki\/"},"modified":"2026-04-16T03:12:35","modified_gmt":"2026-04-16T00:12:35","slug":"beyaz-tilki","status":"publish","type":"product","link":"https:\/\/roveyayinevi.com.tr\/index.php\/urun\/beyaz-tilki\/","title":{"rendered":"Beyaz Tilki"},"content":{"rendered":"<p>Beyaz bir tilkiydi gelen, \u015fehirde bir ba\u015f\u0131nayd\u0131, kaybolmu\u015ftu. T\u0131pk\u0131 onun gibi. Aslen bir Alaska yerlisi olan on iki ya\u015f\u0131ndaki Sol memleketinden binlerce kilometre uzaktaki bir liman \u015fehrinde ya\u015famaktad\u0131r. G\u00fcnlerini \u00e7o\u011funlukla okuldaki zorbalardan saklanarak ve sokaklarda tek ba\u015f\u0131na dola\u015farak ge\u00e7irir. Derken bir g\u00fcn babas\u0131n\u0131n limanda ba\u015f\u0131bo\u015f gezinen beyaz bir tilkiden bahsetmesiyle her \u015fey de\u011fi\u015fir. Sol\u2019un art\u0131k bir amac\u0131 vard\u0131r: O beyaz tilkiyi bulacak ve onu ait oldu\u011fu yere, evine, Alaska\u2019ya geri g\u00f6t\u00fcrecektir. Beyaz Tilki, \u00f6d\u00fcll\u00fc yazar ve \u00e7izer Jackie Morris\u2019ten hayvanlarla ve do\u011fayla olan manevi ba\u011f\u0131m\u0131za dair etkileyici bir hik\u00e2ye.<\/p>\n","protected":false},"excerpt":{"rendered":"<p>Beyaz bir tilkiydi gelen, \u015fehirde bir ba\u015f\u0131nayd\u0131, kaybolmu\u015ftu. T\u0131pk\u0131 onun gibi. Aslen bir Alaska yerlisi olan on iki ya\u015f\u0131ndaki Sol memleketinden binlerce kilometre uzaktaki bir liman<span class=\"excerpt-hellip\"> [\u2026]<\/span><\/p>\n","protected":false},"featured_media":0,"template":"","meta":{"_monsterinsights_skip_tracking":false,"_monsterinsights_sitenote_active":false,"_monsterinsights_sitenote_note":"","_monsterinsights_sitenote_category":0},"product_brand":[],"product_cat":[12274,12467],"product_tag":[],"class_list":{"0":"post-759566","1":"product","2":"type-product","3":"status-publish","5":"product_cat-cocuk-ve-genclik-kitaplari","6":"product_cat-dunya-klasikleri","7":"pa_cilt-ciltsiz","8":"pa_tur-kitap","9":"pa_yayinevi-beyaz-balina-yayinlari","10":"pa_yazar-jackie-morris","12":"first","13":"instock","14":"sale","15":"shipping-taxable","16":"purchasable","17":"product-type-simple"},"_links":{"self":[{"href":"https:\/\/roveyayinevi.com.tr\/index.php\/wp-json\/wp\/v2\/product\/759566","targetHints":{"allow":["GET"]}}],"collection":[{"href":"https:\/\/roveyayinevi.com.tr\/index.php\/wp-json\/wp\/v2\/product"}],"about":[{"href":"https:\/\/roveyayinevi.com.tr\/index.php\/wp-json\/wp\/v2\/types\/product"}],"wp:attachment":[{"href":"https:\/\/roveyayinevi.com.tr\/index.php\/wp-json\/wp\/v2\/media?parent=759566"}],"wp:term":[{"taxonomy":"product_brand","embeddable":true,"href":"https:\/\/roveyayinevi.com.tr\/index.php\/wp-json\/wp\/v2\/product_brand?post=759566"},{"taxonomy":"product_cat","embeddable":true,"href":"https:\/\/roveyayinevi.com.tr\/index.php\/wp-json\/wp\/v2\/product_cat?post=759566"},{"taxonomy":"product_tag","embeddable":true,"href":"https:\/\/roveyayinevi.com.tr\/index.php\/wp-json\/wp\/v2\/product_tag?post=759566"}],"curies":[{"name":"wp","href":"https:\/\/api.w.org\/{rel}","templated":true}]}}