{"id":759564,"date":"2025-08-28T08:38:27","date_gmt":"2025-08-28T05:38:27","guid":{"rendered":"https:\/\/roveyayinevi.com.tr\/index.php\/urun\/finansal-ekonometrik-analiz\/"},"modified":"2026-04-16T03:12:35","modified_gmt":"2026-04-16T00:12:35","slug":"finansal-ekonometrik-analiz","status":"publish","type":"product","link":"https:\/\/roveyayinevi.com.tr\/index.php\/urun\/finansal-ekonometrik-analiz\/","title":{"rendered":"Finansal Ekonometrik Analiz"},"content":{"rendered":"<p>\u0130\u00e7indekiler :   \u00b7         B\u00d6L\u00dcM 1            1. EViews 10.0&#8217;a Giri\u015f   \u00b7         B\u00d6L\u00dcM 2             2. Temel \u0130statistiksel Analizler \u00b7         B\u00d6L\u00dcM 3             3. Regresyon Analizi \u00b7         B\u00d6L\u00dcM 4           4. Tek De\u011fi\u015fkenli Zaman Serileri: Do\u011frusal Modeller   \u00b7         B\u00d6L\u00dcM 5            5. Dura\u011fanl\u0131\u011f\u0131n Ara\u015ft\u0131r\u0131lmas\u0131 \u00b7         B\u00d6L\u00dcM 6            6. Tek De\u011fi\u015fkenli Zaman Serileri: Volatilite Modelleri<\/p>\n","protected":false},"excerpt":{"rendered":"<p>\u0130\u00e7indekiler : \u00b7 B\u00d6L\u00dcM 1 1. EViews 10.0&#8217;a Giri\u015f \u00b7 B\u00d6L\u00dcM 2 2. Temel \u0130statistiksel Analizler \u00b7 B\u00d6L\u00dcM 3 3. Regresyon Analizi \u00b7 B\u00d6L\u00dcM 4 4.<span class=\"excerpt-hellip\"> [\u2026]<\/span><\/p>\n","protected":false},"featured_media":0,"template":"","meta":{"_monsterinsights_skip_tracking":false,"_monsterinsights_sitenote_active":false,"_monsterinsights_sitenote_note":"","_monsterinsights_sitenote_category":0},"product_brand":[],"product_cat":[13043],"product_tag":[],"class_list":{"0":"post-759564","1":"product","2":"type-product","3":"status-publish","5":"product_cat-ekonomi","6":"pa_cilt-ciltsiz","7":"pa_tur-kitap","8":"pa_yayinevi-gazi-kitabevi","9":"pa_yazar-gozde-bozkurt-ismail-erkan-celik","11":"first","12":"instock","13":"sale","14":"shipping-taxable","15":"purchasable","16":"product-type-simple"},"_links":{"self":[{"href":"https:\/\/roveyayinevi.com.tr\/index.php\/wp-json\/wp\/v2\/product\/759564","targetHints":{"allow":["GET"]}}],"collection":[{"href":"https:\/\/roveyayinevi.com.tr\/index.php\/wp-json\/wp\/v2\/product"}],"about":[{"href":"https:\/\/roveyayinevi.com.tr\/index.php\/wp-json\/wp\/v2\/types\/product"}],"wp:attachment":[{"href":"https:\/\/roveyayinevi.com.tr\/index.php\/wp-json\/wp\/v2\/media?parent=759564"}],"wp:term":[{"taxonomy":"product_brand","embeddable":true,"href":"https:\/\/roveyayinevi.com.tr\/index.php\/wp-json\/wp\/v2\/product_brand?post=759564"},{"taxonomy":"product_cat","embeddable":true,"href":"https:\/\/roveyayinevi.com.tr\/index.php\/wp-json\/wp\/v2\/product_cat?post=759564"},{"taxonomy":"product_tag","embeddable":true,"href":"https:\/\/roveyayinevi.com.tr\/index.php\/wp-json\/wp\/v2\/product_tag?post=759564"}],"curies":[{"name":"wp","href":"https:\/\/api.w.org\/{rel}","templated":true}]}}