{"id":759561,"date":"2025-08-28T08:38:23","date_gmt":"2025-08-28T05:38:23","guid":{"rendered":"https:\/\/roveyayinevi.com.tr\/index.php\/urun\/eviews-programi-ile-temel-ekonometri-uygulamalari\/"},"modified":"2026-04-16T03:12:35","modified_gmt":"2026-04-16T00:12:35","slug":"eviews-programi-ile-temel-ekonometri-uygulamalari","status":"publish","type":"product","link":"https:\/\/roveyayinevi.com.tr\/index.php\/urun\/eviews-programi-ile-temel-ekonometri-uygulamalari\/","title":{"rendered":"Eviews Program\u0131 \u0130le Temel Ekonometri Uygulamalar\u0131"},"content":{"rendered":"<p>\u0130\u00e7indekiler :     1.      B\u00d6L\u00dcMEV\u0130EWS PROGRAMINA G\u0130R\u0130\u015e   2.      B\u00d6L\u00dcMEN K\u00dc\u00c7\u00dcK KARELER Y\u00d6NTEM\u0130 MODEL TAHM\u0130N\u0130   3.      B\u00d6L\u00dcMEN K\u00dc\u00c7\u00dcK KARELER Y\u00d6NTEM\u0130N\u0130N TEMELVARSAYIMLARININ ARA\u015eTIRILMASI <\/p>\n","protected":false},"excerpt":{"rendered":"<p>\u0130\u00e7indekiler : 1. B\u00d6L\u00dcMEV\u0130EWS PROGRAMINA G\u0130R\u0130\u015e 2. B\u00d6L\u00dcMEN K\u00dc\u00c7\u00dcK KARELER Y\u00d6NTEM\u0130 MODEL TAHM\u0130N\u0130 3. B\u00d6L\u00dcMEN K\u00dc\u00c7\u00dcK KARELER Y\u00d6NTEM\u0130N\u0130N TEMELVARSAYIMLARININ ARA\u015eTIRILMASI<\/p>\n","protected":false},"featured_media":0,"template":"","meta":{"_monsterinsights_skip_tracking":false,"_monsterinsights_sitenote_active":false,"_monsterinsights_sitenote_note":"","_monsterinsights_sitenote_category":0},"product_brand":[],"product_cat":[13043],"product_tag":[],"class_list":{"0":"post-759561","1":"product","2":"type-product","3":"status-publish","5":"product_cat-ekonomi","6":"pa_cilt-ciltsiz","7":"pa_tur-kitap","8":"pa_yayinevi-gazi-kitabevi","9":"pa_yazar-zerife-yildirim","11":"first","12":"instock","13":"sale","14":"shipping-taxable","15":"purchasable","16":"product-type-simple"},"_links":{"self":[{"href":"https:\/\/roveyayinevi.com.tr\/index.php\/wp-json\/wp\/v2\/product\/759561","targetHints":{"allow":["GET"]}}],"collection":[{"href":"https:\/\/roveyayinevi.com.tr\/index.php\/wp-json\/wp\/v2\/product"}],"about":[{"href":"https:\/\/roveyayinevi.com.tr\/index.php\/wp-json\/wp\/v2\/types\/product"}],"wp:attachment":[{"href":"https:\/\/roveyayinevi.com.tr\/index.php\/wp-json\/wp\/v2\/media?parent=759561"}],"wp:term":[{"taxonomy":"product_brand","embeddable":true,"href":"https:\/\/roveyayinevi.com.tr\/index.php\/wp-json\/wp\/v2\/product_brand?post=759561"},{"taxonomy":"product_cat","embeddable":true,"href":"https:\/\/roveyayinevi.com.tr\/index.php\/wp-json\/wp\/v2\/product_cat?post=759561"},{"taxonomy":"product_tag","embeddable":true,"href":"https:\/\/roveyayinevi.com.tr\/index.php\/wp-json\/wp\/v2\/product_tag?post=759561"}],"curies":[{"name":"wp","href":"https:\/\/api.w.org\/{rel}","templated":true}]}}