{"id":759560,"date":"2025-08-28T08:38:22","date_gmt":"2025-08-28T05:38:22","guid":{"rendered":"https:\/\/roveyayinevi.com.tr\/index.php\/urun\/kavramsal-spor-arastirmalari\/"},"modified":"2026-04-16T03:12:35","modified_gmt":"2026-04-16T00:12:35","slug":"kavramsal-spor-arastirmalari","status":"publish","type":"product","link":"https:\/\/roveyayinevi.com.tr\/index.php\/urun\/kavramsal-spor-arastirmalari\/","title":{"rendered":"Kavramsal Spor Ara\u015ft\u0131rmalar\u0131"},"content":{"rendered":"<p>\u0130\u00e7indekiler :      \u00b7         BADM\u0130NTON, MASA TEN\u0130S\u0130 VE TEN\u0130S SPORLARININ F\u0130ZYOLOJ\u0130K TEMELLER\u0130 F\u0130Z\u0130KSEL AKT\u0130V\u0130TE   \u00b7         ALT VE \u00dcST EKSTREM\u0130TE PL\u0130OMETR\u0130K ANTRENMANLARIN G\u00dc\u00c7 \u00c7IKTILARI \u00dcZER\u0130NE ETK\u0130LER\u0130   \u00b7         CORE ANTRENMAN F\u0130ZYOLOJ\u0130S\u0130 VE EGZERS\u0130Z \u00d6RNEKLER\u0130   \u00b7         SPORDA D\u0130J\u0130TAL MEDYA   \u00b7         E\u011e\u0130TSEL OYUN VE \u00c7OCUK   \u00b7         KUVVET BAND ANTRENMANLARI   \u00b7         SPOR SPONSORLU\u011eU     \u00b7         BESLENME PROGRAMINDAK\u0130 YA\u011e AS\u0130D\u0130 T\u00dcR\u00dcN\u00dcN DE\u011e\u0130\u015eT\u0130R\u0130LMES\u0130N\u0130N SPORCU SA\u011eLI\u011eI VE PERFORMANSI \u00dcZER\u0130NE ETK\u0130S\u0130   \u00b7         DANS SPORLARI VE T\u00dcRLER\u0130   \u00b7         NEFES EGZERS\u0130ZLER\u0130N\u0130N TERAP\u00d6T\u0130K ETK\u0130LER\u0130   \u00b7         TEKRARLI SPR\u0130NT YETENE\u011e\u0130: F\u0130ZYOLOJ\u0130K TEMEL\u0130 VE ANTRENMANA BA\u011eLI GEL\u0130\u015e\u0130M\u0130   \u00b7         TOPLAM KAL\u0130TE Y\u00d6NET\u0130M\u0130 VE SPOR H\u0130ZMETLER\u0130NDEK\u0130 YER\u0130   \u00b7         SERBEST ZAMAN VE KADIN   \u00b7         SPOR, TEKNOLOJ\u0130 VE KAVRAMSAL GEL\u0130\u015eMELER   \u00b7         METABOL\u0130K ADAPTASYON PERSPEKT\u0130F\u0130NDEN V\u00dcCUT A\u011eIRLI\u011eI KONTROL\u00dcNDE EGZERS\u0130Z\u0130N YER\u0130 VE \u00d6NEM\u0130 <\/p>\n","protected":false},"excerpt":{"rendered":"<p>\u0130\u00e7indekiler : \u00b7 BADM\u0130NTON, MASA TEN\u0130S\u0130 VE TEN\u0130S SPORLARININ F\u0130ZYOLOJ\u0130K TEMELLER\u0130 F\u0130Z\u0130KSEL AKT\u0130V\u0130TE \u00b7 ALT VE \u00dcST EKSTREM\u0130TE PL\u0130OMETR\u0130K ANTRENMANLARIN G\u00dc\u00c7 \u00c7IKTILARI \u00dcZER\u0130NE ETK\u0130LER\u0130 \u00b7 CORE<span class=\"excerpt-hellip\"> [\u2026]<\/span><\/p>\n","protected":false},"featured_media":0,"template":"","meta":{"_monsterinsights_skip_tracking":false,"_monsterinsights_sitenote_active":false,"_monsterinsights_sitenote_note":"","_monsterinsights_sitenote_category":0},"product_brand":[],"product_cat":[15563,15564],"product_tag":[],"class_list":{"0":"post-759560","1":"product","2":"type-product","3":"status-publish","5":"product_cat-hobi","6":"product_cat-spor","7":"pa_cilt-ciltsiz","8":"pa_tur-kitap","9":"pa_yayinevi-gazi-kitabevi","10":"pa_yazar-kolektif","12":"first","13":"instock","14":"sale","15":"shipping-taxable","16":"purchasable","17":"product-type-simple"},"_links":{"self":[{"href":"https:\/\/roveyayinevi.com.tr\/index.php\/wp-json\/wp\/v2\/product\/759560","targetHints":{"allow":["GET"]}}],"collection":[{"href":"https:\/\/roveyayinevi.com.tr\/index.php\/wp-json\/wp\/v2\/product"}],"about":[{"href":"https:\/\/roveyayinevi.com.tr\/index.php\/wp-json\/wp\/v2\/types\/product"}],"wp:attachment":[{"href":"https:\/\/roveyayinevi.com.tr\/index.php\/wp-json\/wp\/v2\/media?parent=759560"}],"wp:term":[{"taxonomy":"product_brand","embeddable":true,"href":"https:\/\/roveyayinevi.com.tr\/index.php\/wp-json\/wp\/v2\/product_brand?post=759560"},{"taxonomy":"product_cat","embeddable":true,"href":"https:\/\/roveyayinevi.com.tr\/index.php\/wp-json\/wp\/v2\/product_cat?post=759560"},{"taxonomy":"product_tag","embeddable":true,"href":"https:\/\/roveyayinevi.com.tr\/index.php\/wp-json\/wp\/v2\/product_tag?post=759560"}],"curies":[{"name":"wp","href":"https:\/\/api.w.org\/{rel}","templated":true}]}}