{"id":759559,"date":"2025-08-28T08:38:20","date_gmt":"2025-08-28T05:38:20","guid":{"rendered":"https:\/\/roveyayinevi.com.tr\/index.php\/urun\/sabahin-sessizligi-ulkesi\/"},"modified":"2026-04-16T03:12:35","modified_gmt":"2026-04-16T00:12:35","slug":"sabahin-sessizligi-ulkesi","status":"publish","type":"product","link":"https:\/\/roveyayinevi.com.tr\/index.php\/urun\/sabahin-sessizligi-ulkesi\/","title":{"rendered":"Sabah\u0131n Sessizli\u011fi \u00dclkesi"},"content":{"rendered":"<p>\u201c&#8230;Yol paras\u0131 veremedim diye Bu da\u011flar\u0131 bana deldirdiler Bu yollar\u0131 bana a\u00e7t\u0131rd\u0131lar Hacizlere gitti Suna gibi ge\u00e7imine oy Meri kekli\u011fim Oy meri kekli\u011fim Nedir \u00e7ekti\u011fim Kore Da\u011flar\u0131nda Tabakam kald\u0131 Mahpus damlar\u0131nda \u00f6zg\u00fcrl\u00fc\u011f\u00fcm Oy meri kekli\u011fim Dut kurusu s\u00fcp\u00fcrge tohumu yedi\u011fimiz Ve bir godik arpa i\u00e7in Sivas kap\u0131lar\u0131ndan geri d\u00f6nd\u00fc\u011f\u00fcm\u00fcz G\u00fcnleri defledik hey Meri kekli\u011fim Oy meri kekli\u011fim Nedir \u00e7ekti\u011fim&#8230;\u201d   Mitoloji ve sembolizmde keklik i\u00e7in St. Ambrose \u201cAd\u0131n\u0131 perdendo (kendini kaybetmek) kelimesinden alan ve \u0130branice ad\u0131 kore (\u00e7a\u011f\u0131rmak ve duyurmak) olan keklik; sesiyle kalabal\u0131klar\u0131 ba\u015ftan \u00e7\u0131kartan \u015eeytan\u2019d\u0131r\u201d der. O y\u00fczdendir ki y\u00fczy\u0131llar boyunca avc\u0131lar, meri (di\u015fi) kekliklerle tuzak kurarlar. Di\u015fi keklik o kadar g\u00fczel \u015fak\u0131r ki \u00e7evredeki erkek keklikler onun etraf\u0131na toplan\u0131r, kapana yakalan\u0131rlar. Bu sebepten kekli\u011fin kendi soyuna ihanet etti\u011fi s\u00f6ylenir. Oysa avc\u0131d\u0131r kekli\u011fin d\u00fc\u015fman\u0131. Di\u015fi kekli\u011fin sesini yem eder; belki de kurtulmak i\u00e7in ba\u011f\u0131r\u0131r g\u00fczel sesiyle keklik&#8230; Kore Da\u011flar\u0131\u2019nda iki halk\u0131 birbirine d\u00fc\u015fman eden de, yem eden de avc\u0131d\u0131r, avc\u0131lard\u0131r asl\u0131nda&#8230; <\/p>\n","protected":false},"excerpt":{"rendered":"<p>\u201c&#8230;Yol paras\u0131 veremedim diye Bu da\u011flar\u0131 bana deldirdiler Bu yollar\u0131 bana a\u00e7t\u0131rd\u0131lar Hacizlere gitti Suna gibi ge\u00e7imine oy Meri kekli\u011fim Oy meri kekli\u011fim Nedir \u00e7ekti\u011fim Kore<span class=\"excerpt-hellip\"> [\u2026]<\/span><\/p>\n","protected":false},"featured_media":0,"template":"","meta":{"_monsterinsights_skip_tracking":false,"_monsterinsights_sitenote_active":false,"_monsterinsights_sitenote_note":"","_monsterinsights_sitenote_category":0},"product_brand":[],"product_cat":[13072,12291],"product_tag":[],"class_list":{"0":"post-759559","1":"product","2":"type-product","3":"status-publish","5":"product_cat-arastirma-inceleme-referans","6":"product_cat-edebiyat","7":"pa_cilt-ciltsiz","8":"pa_tur-kitap","9":"pa_yayinevi-kirmizi-kedi-yayinevi","10":"pa_yazar-yuksel-baysal","12":"first","13":"instock","14":"sale","15":"shipping-taxable","16":"purchasable","17":"product-type-simple"},"_links":{"self":[{"href":"https:\/\/roveyayinevi.com.tr\/index.php\/wp-json\/wp\/v2\/product\/759559","targetHints":{"allow":["GET"]}}],"collection":[{"href":"https:\/\/roveyayinevi.com.tr\/index.php\/wp-json\/wp\/v2\/product"}],"about":[{"href":"https:\/\/roveyayinevi.com.tr\/index.php\/wp-json\/wp\/v2\/types\/product"}],"wp:attachment":[{"href":"https:\/\/roveyayinevi.com.tr\/index.php\/wp-json\/wp\/v2\/media?parent=759559"}],"wp:term":[{"taxonomy":"product_brand","embeddable":true,"href":"https:\/\/roveyayinevi.com.tr\/index.php\/wp-json\/wp\/v2\/product_brand?post=759559"},{"taxonomy":"product_cat","embeddable":true,"href":"https:\/\/roveyayinevi.com.tr\/index.php\/wp-json\/wp\/v2\/product_cat?post=759559"},{"taxonomy":"product_tag","embeddable":true,"href":"https:\/\/roveyayinevi.com.tr\/index.php\/wp-json\/wp\/v2\/product_tag?post=759559"}],"curies":[{"name":"wp","href":"https:\/\/api.w.org\/{rel}","templated":true}]}}