{"id":759558,"date":"2025-08-28T08:38:19","date_gmt":"2025-08-28T05:38:19","guid":{"rendered":"https:\/\/roveyayinevi.com.tr\/index.php\/urun\/cimri-9\/"},"modified":"2026-04-03T03:16:11","modified_gmt":"2026-04-03T00:16:11","slug":"cimri-9","status":"publish","type":"product","link":"https:\/\/roveyayinevi.com.tr\/index.php\/urun\/cimri-9\/","title":{"rendered":"Cimri"},"content":{"rendered":"<p>Harpagon ad\u0131 cimrilikle \u00f6zde\u015fle\u015fmi\u015ftir adeta. Ama Moli\u00e8re bize sadece cimri de\u011fil, bencil, despot, d\u00fc\u015f\u00fcncesiz, para i\u00e7in \u00e7ocuklar\u0131n\u0131n mutlulu\u011funu bile g\u00f6z ard\u0131 eden, paraya esir bir burjuva karakter \u00e7izer ve her zamanki gibi genciyle de ya\u015fl\u0131s\u0131yla da, u\u015fa\u011f\u0131yla da asiliyle de dalgas\u0131n\u0131 ge\u00e7er. \u0130nsanl\u0131\u011f\u0131n g\u00fcl\u00fcn\u00e7 ve zavall\u0131 panoramas\u0131n\u0131 be\u015f perdeye s\u0131\u011fd\u0131r\u0131r. Aradan ge\u00e7en y\u00fczy\u0131llara ra\u011fmen hi\u00e7 de\u011fi\u015fmeyen bir ger\u00e7e\u011fi d\u00f6n\u00fcp d\u00f6n\u00fcp y\u00fcz\u00fcm\u00fcze vurur; paran\u0131n insan\u0131n ki\u015fili\u011fini nas\u0131l zehirleyip k\u00f6le etti\u011fini\u2026 \u201cNah \u015furaya yaz\u0131yorum, bu adam\u0131n can\u0131n\u0131 al\u0131rs\u0131n paras\u0131n\u0131 alamazs\u0131n. Paran\u0131n laf\u0131n\u0131 a\u00e7t\u0131n m\u0131 damar\u0131 tutar, hem de \u00f6yle bir tutar ki adam\u0131 can\u0131ndan bezdirir. Gebersen de k\u0131l\u0131n\u0131 k\u0131p\u0131rdatmaz, ac\u0131mas\u0131 yoktur. Diyece\u011fim o ki \u015fanm\u0131\u015f, \u015f\u00f6hretmi\u015f, \u015ferefmi\u015f v\u0131z gelir t\u0131r\u0131s gider bu herife. Onun derdi g\u00fcn\u00fc parad\u0131r. Biri kar\u015f\u0131s\u0131na dikilip para istedi mi inmeler iner y\u00fcre\u011fine. Para dedin mi, kalbini de\u015fersin, ci\u011ferini s\u00f6kersin, canevinden vurursun.\u201d <\/p>\n","protected":false},"excerpt":{"rendered":"<p>Harpagon ad\u0131 cimrilikle \u00f6zde\u015fle\u015fmi\u015ftir adeta. Ama Moli\u00e8re bize sadece cimri de\u011fil, bencil, despot, d\u00fc\u015f\u00fcncesiz, para i\u00e7in \u00e7ocuklar\u0131n\u0131n mutlulu\u011funu bile g\u00f6z ard\u0131 eden, paraya esir bir burjuva<span class=\"excerpt-hellip\"> [\u2026]<\/span><\/p>\n","protected":false},"featured_media":0,"template":"","meta":{"_monsterinsights_skip_tracking":false,"_monsterinsights_sitenote_active":false,"_monsterinsights_sitenote_note":"","_monsterinsights_sitenote_category":0},"product_brand":[],"product_cat":[12291,12711],"product_tag":[],"class_list":{"0":"post-759558","1":"product","2":"type-product","3":"status-publish","5":"product_cat-edebiyat","6":"product_cat-roman-oyku","7":"pa_cilt-ciltsiz","8":"pa_tur-kitap","9":"pa_yayinevi-kirmizi-kedi-yayinevi","10":"pa_yazar-moliere","12":"first","13":"instock","14":"sale","15":"shipping-taxable","16":"purchasable","17":"product-type-simple"},"_links":{"self":[{"href":"https:\/\/roveyayinevi.com.tr\/index.php\/wp-json\/wp\/v2\/product\/759558","targetHints":{"allow":["GET"]}}],"collection":[{"href":"https:\/\/roveyayinevi.com.tr\/index.php\/wp-json\/wp\/v2\/product"}],"about":[{"href":"https:\/\/roveyayinevi.com.tr\/index.php\/wp-json\/wp\/v2\/types\/product"}],"wp:attachment":[{"href":"https:\/\/roveyayinevi.com.tr\/index.php\/wp-json\/wp\/v2\/media?parent=759558"}],"wp:term":[{"taxonomy":"product_brand","embeddable":true,"href":"https:\/\/roveyayinevi.com.tr\/index.php\/wp-json\/wp\/v2\/product_brand?post=759558"},{"taxonomy":"product_cat","embeddable":true,"href":"https:\/\/roveyayinevi.com.tr\/index.php\/wp-json\/wp\/v2\/product_cat?post=759558"},{"taxonomy":"product_tag","embeddable":true,"href":"https:\/\/roveyayinevi.com.tr\/index.php\/wp-json\/wp\/v2\/product_tag?post=759558"}],"curies":[{"name":"wp","href":"https:\/\/api.w.org\/{rel}","templated":true}]}}