{"id":759557,"date":"2025-08-28T08:38:17","date_gmt":"2025-08-28T05:38:17","guid":{"rendered":"https:\/\/roveyayinevi.com.tr\/index.php\/urun\/babaya-mektup-12\/"},"modified":"2026-04-16T03:12:35","modified_gmt":"2026-04-16T00:12:35","slug":"babaya-mektup-12","status":"publish","type":"product","link":"https:\/\/roveyayinevi.com.tr\/index.php\/urun\/babaya-mektup-12\/","title":{"rendered":"Babaya Mektup"},"content":{"rendered":"<p>Franz Kafka\u2019n\u0131n 1919 y\u0131l\u0131nda babas\u0131na yazd\u0131\u011f\u0131 ve hi\u00e7bir zaman g\u00f6nderilmeyen bir mektuptur Babaya Mektup. Kafka\u2019n\u0131n \u00f6l\u00fcm\u00fcnden sonra, ilk kez 1952\u2019de yay\u0131mlan\u0131r ve k\u0131sa s\u00fcre sonra, Kafka\u2019n\u0131n psikanalitik ve biyografik \u00e7al\u0131\u015fmalar\u0131 i\u00e7in en \u00e7ok m\u00fcracaat edilen metin halini al\u0131r. Franz Kafka, Ocak 1919\u2019da Schelesen\u2019de (Bohemya) bir kapl\u0131ca ziyareti s\u0131ras\u0131nda Julie Wohryzeck ile tan\u0131\u015f\u0131p birka\u00e7 ay sonra onunla ni\u015fanlan\u0131r. Babas\u0131 Hermann Kafka, o\u011flunun bu \u201cuygunsuz\u201d evlilik plan\u0131na \u00f6fkeyle tepki g\u00f6sterir. Bunun \u00fczerine Franz Kafka babas\u0131na, 103 sayfa uzunlu\u011funda ve ikisi aras\u0131nda biraz olsun sulh sa\u011flayaca\u011f\u0131na inanarak nokta koydu\u011fu bir mektup yazar. Sonras\u0131nda, gen\u00e7 \u00e7iftin kas\u0131m ay\u0131nda planlad\u0131klar\u0131 d\u00fc\u011f\u00fcn ger\u00e7ekle\u015fmez. Ancak geriye, yazar\u0131n hem sosyal hayat\u0131nda hem de edebi hayat\u0131nda bir\u00e7ok konuyu a\u00e7\u0131\u011fa \u00e7\u0131karmay\u0131 sa\u011flayacak anahtar niteli\u011finde bir metin kal\u0131r. \u201cGe\u00e7enlerde ni\u00e7in s\u00fcrekli senden korktu\u011fumu iddia etti\u011fimi sormu\u015ftun. Ben de her zamanki gibi sana ne cevap verece\u011fimi bilememi\u015ftim, \u00e7\u00fcnk\u00fc hem senden korkuyordum hem de bu korkunun nedenleri o kadar \u00e7ok, o kadar ayr\u0131nt\u0131l\u0131 ki anlatmaya kalksam, hepsini akl\u0131mda tutamaz, toparlayamazd\u0131m. \u015eimdi sana yazarak anlatmaya \u00e7al\u0131\u015f\u0131rken bile hepsini aktaramayaca\u011f\u0131m, \u00e7\u00fcnk\u00fc yazarken de sana kar\u015f\u0131 hissetti\u011fim korku ve onun etkileri, b\u00fct\u00fcn d\u00fc\u015f\u00fcnce ve duygular\u0131m\u0131 sana a\u00e7\u0131klamam\u0131 engelliyor.\u201d <\/p>\n","protected":false},"excerpt":{"rendered":"<p>Franz Kafka\u2019n\u0131n 1919 y\u0131l\u0131nda babas\u0131na yazd\u0131\u011f\u0131 ve hi\u00e7bir zaman g\u00f6nderilmeyen bir mektuptur Babaya Mektup. Kafka\u2019n\u0131n \u00f6l\u00fcm\u00fcnden sonra, ilk kez 1952\u2019de yay\u0131mlan\u0131r ve k\u0131sa s\u00fcre sonra, Kafka\u2019n\u0131n<span class=\"excerpt-hellip\"> [\u2026]<\/span><\/p>\n","protected":false},"featured_media":0,"template":"","meta":{"_monsterinsights_skip_tracking":false,"_monsterinsights_sitenote_active":false,"_monsterinsights_sitenote_note":"","_monsterinsights_sitenote_category":0},"product_brand":[],"product_cat":[12291,12711],"product_tag":[],"class_list":{"0":"post-759557","1":"product","2":"type-product","3":"status-publish","5":"product_cat-edebiyat","6":"product_cat-roman-oyku","7":"pa_cilt-ciltsiz","8":"pa_tur-kitap","9":"pa_yayinevi-kirmizi-kedi-yayinevi","10":"pa_yazar-franz-kafka","12":"first","13":"instock","14":"sale","15":"shipping-taxable","16":"purchasable","17":"product-type-simple"},"_links":{"self":[{"href":"https:\/\/roveyayinevi.com.tr\/index.php\/wp-json\/wp\/v2\/product\/759557","targetHints":{"allow":["GET"]}}],"collection":[{"href":"https:\/\/roveyayinevi.com.tr\/index.php\/wp-json\/wp\/v2\/product"}],"about":[{"href":"https:\/\/roveyayinevi.com.tr\/index.php\/wp-json\/wp\/v2\/types\/product"}],"wp:attachment":[{"href":"https:\/\/roveyayinevi.com.tr\/index.php\/wp-json\/wp\/v2\/media?parent=759557"}],"wp:term":[{"taxonomy":"product_brand","embeddable":true,"href":"https:\/\/roveyayinevi.com.tr\/index.php\/wp-json\/wp\/v2\/product_brand?post=759557"},{"taxonomy":"product_cat","embeddable":true,"href":"https:\/\/roveyayinevi.com.tr\/index.php\/wp-json\/wp\/v2\/product_cat?post=759557"},{"taxonomy":"product_tag","embeddable":true,"href":"https:\/\/roveyayinevi.com.tr\/index.php\/wp-json\/wp\/v2\/product_tag?post=759557"}],"curies":[{"name":"wp","href":"https:\/\/api.w.org\/{rel}","templated":true}]}}