{"id":759554,"date":"2025-08-28T08:38:12","date_gmt":"2025-08-28T05:38:12","guid":{"rendered":"https:\/\/roveyayinevi.com.tr\/index.php\/urun\/butun-eserleriyle-charles-dickens-ciltli\/"},"modified":"2026-04-08T03:21:09","modified_gmt":"2026-04-08T00:21:09","slug":"butun-eserleriyle-charles-dickens-ciltli","status":"publish","type":"product","link":"https:\/\/roveyayinevi.com.tr\/index.php\/urun\/butun-eserleriyle-charles-dickens-ciltli\/","title":{"rendered":"B\u00fct\u00fcn Eserleriyle Charles Dickens (Ciltli)"},"content":{"rendered":"<p>Masum yetim Oliver Twist\u2019ten ars\u0131z Artful Dodger\u2019a, \u00fcrk\u00fct\u00fcc\u00fc gelin Bayan Havisham\u2019dan ya\u015fl\u0131 pinti Scrooge\u2019a kadar Charles Dickens\u2019\u0131n yaratt\u0131\u011f\u0131 karakterler d\u00fcnyaca \u00fcnl\u00fcd\u00fcr. T\u00fcm eserlerinin bu muhte\u015fem uyarlamalar\u0131, karakterleri de tan\u0131tan ill\u00fcstrasyonlarla birlikte okura Dickens\u2019\u0131n d\u00fcnyas\u0131yla muhte\u015fem bir tan\u0131\u015fma f\u0131rsat\u0131 sunuyor. <\/p>\n","protected":false},"excerpt":{"rendered":"<p>Masum yetim Oliver Twist\u2019ten ars\u0131z Artful Dodger\u2019a, \u00fcrk\u00fct\u00fcc\u00fc gelin Bayan Havisham\u2019dan ya\u015fl\u0131 pinti Scrooge\u2019a kadar Charles Dickens\u2019\u0131n yaratt\u0131\u011f\u0131 karakterler d\u00fcnyaca \u00fcnl\u00fcd\u00fcr. T\u00fcm eserlerinin bu muhte\u015fem uyarlamalar\u0131,<span class=\"excerpt-hellip\"> [\u2026]<\/span><\/p>\n","protected":false},"featured_media":0,"template":"","meta":{"_monsterinsights_skip_tracking":false,"_monsterinsights_sitenote_active":false,"_monsterinsights_sitenote_note":"","_monsterinsights_sitenote_category":0},"product_brand":[],"product_cat":[12274,12284],"product_tag":[],"class_list":{"0":"post-759554","1":"product","2":"type-product","3":"status-publish","5":"product_cat-cocuk-ve-genclik-kitaplari","6":"product_cat-hikayeler","7":"pa_cilt-ciltli","8":"pa_tur-kitap","9":"pa_yayinevi-artemis-yayinlari","10":"pa_yazar-anna-milbourne","12":"first","13":"instock","14":"sale","15":"shipping-taxable","16":"purchasable","17":"product-type-simple"},"_links":{"self":[{"href":"https:\/\/roveyayinevi.com.tr\/index.php\/wp-json\/wp\/v2\/product\/759554","targetHints":{"allow":["GET"]}}],"collection":[{"href":"https:\/\/roveyayinevi.com.tr\/index.php\/wp-json\/wp\/v2\/product"}],"about":[{"href":"https:\/\/roveyayinevi.com.tr\/index.php\/wp-json\/wp\/v2\/types\/product"}],"wp:attachment":[{"href":"https:\/\/roveyayinevi.com.tr\/index.php\/wp-json\/wp\/v2\/media?parent=759554"}],"wp:term":[{"taxonomy":"product_brand","embeddable":true,"href":"https:\/\/roveyayinevi.com.tr\/index.php\/wp-json\/wp\/v2\/product_brand?post=759554"},{"taxonomy":"product_cat","embeddable":true,"href":"https:\/\/roveyayinevi.com.tr\/index.php\/wp-json\/wp\/v2\/product_cat?post=759554"},{"taxonomy":"product_tag","embeddable":true,"href":"https:\/\/roveyayinevi.com.tr\/index.php\/wp-json\/wp\/v2\/product_tag?post=759554"}],"curies":[{"name":"wp","href":"https:\/\/api.w.org\/{rel}","templated":true}]}}