{"id":759553,"date":"2025-08-28T08:38:11","date_gmt":"2025-08-28T05:38:11","guid":{"rendered":"https:\/\/roveyayinevi.com.tr\/index.php\/urun\/insan-haklari-isiginda-gazetecinin-isi\/"},"modified":"2026-04-16T03:12:35","modified_gmt":"2026-04-16T00:12:35","slug":"insan-haklari-isiginda-gazetecinin-isi","status":"publish","type":"product","link":"https:\/\/roveyayinevi.com.tr\/index.php\/urun\/insan-haklari-isiginda-gazetecinin-isi\/","title":{"rendered":"\u0130nsan Haklar\u0131 I\u015f\u0131\u011f\u0131nda Gazetecinin \u0130\u015fi"},"content":{"rendered":"<p>Hemen her meslek gibi gazetecilik mesle\u011fi de sorunlarla doludur. Bug\u00fcn gerek d\u00fcnyada gerekse T\u00fcrkiye\u2019de medyan\u0131n i\u00e7inde bulundu\u011fu durumu g\u00f6z\u00f6n\u00fcne ald\u0131\u011f\u0131m\u0131zda, gazetecilik mesle\u011fini ve gazetecinin i\u015finin ne oldu\u011funu yeniden sorgulamak bir zorunluluk olarak g\u00f6r\u00fcn\u00fcyor. Bu sorgulamay\u0131 yaparken de gazetecili\u011fe insan haklar\u0131 a\u00e7\u0131s\u0131ndan bakmak, gazetecinin ba\u015fat sorumlulu\u011funu yeniden d\u00fc\u015f\u00fcnmek ve bu sorumlulu\u011fun ne oldu\u011funu ortaya koymak gerekir.   Bu kitapta Elif N. Hamidi, \u201cki\u015fi olarak gazeteci\u201dye yak\u0131ndan bakmaya \u00e7al\u0131\u015f\u0131yor, gazetecinin i\u015finin ne oldu\u011funu sorguluyor ve insan haklar\u0131yla ba\u011f\u0131n\u0131 ortaya koyuyor.   \u201c\u0130lk okuyanlardan biri oldu\u011fum i\u00e7in biliyorum ki, yaln\u0131zca i\u015fi, mesle\u011fi gazetecilik olanlar\u0131n de\u011fil, herkesin okumas\u0131 gereken bir kitap&#8230;\u201d Do\u00e7. Dr. Hakan Sava\u015f. <\/p>\n","protected":false},"excerpt":{"rendered":"<p>Hemen her meslek gibi gazetecilik mesle\u011fi de sorunlarla doludur. Bug\u00fcn gerek d\u00fcnyada gerekse T\u00fcrkiye\u2019de medyan\u0131n i\u00e7inde bulundu\u011fu durumu g\u00f6z\u00f6n\u00fcne ald\u0131\u011f\u0131m\u0131zda, gazetecilik mesle\u011fini ve gazetecinin i\u015finin ne<span class=\"excerpt-hellip\"> [\u2026]<\/span><\/p>\n","protected":false},"featured_media":0,"template":"","meta":{"_monsterinsights_skip_tracking":false,"_monsterinsights_sitenote_active":false,"_monsterinsights_sitenote_note":"","_monsterinsights_sitenote_category":0},"product_brand":[],"product_cat":[52477],"product_tag":[],"class_list":{"0":"post-759553","1":"product","2":"type-product","3":"status-publish","5":"product_cat-arastirma","6":"pa_cilt-ciltsiz","7":"pa_tur-kitap","8":"pa_yayinevi-turkiye-felsefe-kurumu","9":"pa_yazar-elif-n-hamidi","11":"first","12":"instock","13":"sale","14":"shipping-taxable","15":"purchasable","16":"product-type-simple"},"_links":{"self":[{"href":"https:\/\/roveyayinevi.com.tr\/index.php\/wp-json\/wp\/v2\/product\/759553","targetHints":{"allow":["GET"]}}],"collection":[{"href":"https:\/\/roveyayinevi.com.tr\/index.php\/wp-json\/wp\/v2\/product"}],"about":[{"href":"https:\/\/roveyayinevi.com.tr\/index.php\/wp-json\/wp\/v2\/types\/product"}],"wp:attachment":[{"href":"https:\/\/roveyayinevi.com.tr\/index.php\/wp-json\/wp\/v2\/media?parent=759553"}],"wp:term":[{"taxonomy":"product_brand","embeddable":true,"href":"https:\/\/roveyayinevi.com.tr\/index.php\/wp-json\/wp\/v2\/product_brand?post=759553"},{"taxonomy":"product_cat","embeddable":true,"href":"https:\/\/roveyayinevi.com.tr\/index.php\/wp-json\/wp\/v2\/product_cat?post=759553"},{"taxonomy":"product_tag","embeddable":true,"href":"https:\/\/roveyayinevi.com.tr\/index.php\/wp-json\/wp\/v2\/product_tag?post=759553"}],"curies":[{"name":"wp","href":"https:\/\/api.w.org\/{rel}","templated":true}]}}