{"id":759552,"date":"2025-08-28T08:38:09","date_gmt":"2025-08-28T05:38:09","guid":{"rendered":"https:\/\/roveyayinevi.com.tr\/index.php\/urun\/ingiliz-ronesansi-ask-siirleri-derlemesi\/"},"modified":"2026-04-16T03:12:35","modified_gmt":"2026-04-16T00:12:35","slug":"ingiliz-ronesansi-ask-siirleri-derlemesi","status":"publish","type":"product","link":"https:\/\/roveyayinevi.com.tr\/index.php\/urun\/ingiliz-ronesansi-ask-siirleri-derlemesi\/","title":{"rendered":"\u0130ngiliz R\u00f6nesans\u0131 A\u015fk \u015eiirleri Derlemesi"},"content":{"rendered":"<p>G\u00fcn\u00fcm\u00fczden uzak bir sanat anlay\u0131\u015f\u0131n\u0131n el\u00e7isi olan bu derleme; Thomas Wyatt, Edmund Spenser ve Samuel Daniel ba\u015fta olmak \u00fczere \u0130ngiliz edebiyat\u0131na y\u00f6n vermi\u015f \u015fairlerden sonelerin T\u00fcrk\u00e7eye ilk \u00e7evirilerinin yan\u0131nda, William Shakespeare ve Philip Sidney\u2019nin mevcut \u00e7evirilerine farkl\u0131 bir perspektif kazand\u0131rarak d\u00f6neme daha geni\u015f bir bak\u0131\u015f a\u00e7\u0131s\u0131 sunuyor. \u0130lk bak\u0131\u015fta birbirine z\u0131t duran k\u00fclt\u00fcrlerin derinine inildi\u011finde duygular\u0131n zaman ve co\u011frafyadan nas\u0131l ta\u015ft\u0131\u011f\u0131na tan\u0131kl\u0131k ediyor. <\/p>\n","protected":false},"excerpt":{"rendered":"<p>G\u00fcn\u00fcm\u00fczden uzak bir sanat anlay\u0131\u015f\u0131n\u0131n el\u00e7isi olan bu derleme; Thomas Wyatt, Edmund Spenser ve Samuel Daniel ba\u015fta olmak \u00fczere \u0130ngiliz edebiyat\u0131na y\u00f6n vermi\u015f \u015fairlerden sonelerin T\u00fcrk\u00e7eye<span class=\"excerpt-hellip\"> [\u2026]<\/span><\/p>\n","protected":false},"featured_media":0,"template":"","meta":{"_monsterinsights_skip_tracking":false,"_monsterinsights_sitenote_active":false,"_monsterinsights_sitenote_note":"","_monsterinsights_sitenote_category":0},"product_brand":[],"product_cat":[14060,12291],"product_tag":[],"class_list":{"0":"post-759552","1":"product","2":"type-product","3":"status-publish","5":"product_cat-antoloji","6":"product_cat-edebiyat","7":"pa_cilt-ciltsiz","8":"pa_tur-kitap","9":"pa_yayinevi-luna-yayinlari","10":"pa_yazar-giray-basbug","12":"first","13":"instock","14":"sale","15":"shipping-taxable","16":"purchasable","17":"product-type-simple"},"_links":{"self":[{"href":"https:\/\/roveyayinevi.com.tr\/index.php\/wp-json\/wp\/v2\/product\/759552","targetHints":{"allow":["GET"]}}],"collection":[{"href":"https:\/\/roveyayinevi.com.tr\/index.php\/wp-json\/wp\/v2\/product"}],"about":[{"href":"https:\/\/roveyayinevi.com.tr\/index.php\/wp-json\/wp\/v2\/types\/product"}],"wp:attachment":[{"href":"https:\/\/roveyayinevi.com.tr\/index.php\/wp-json\/wp\/v2\/media?parent=759552"}],"wp:term":[{"taxonomy":"product_brand","embeddable":true,"href":"https:\/\/roveyayinevi.com.tr\/index.php\/wp-json\/wp\/v2\/product_brand?post=759552"},{"taxonomy":"product_cat","embeddable":true,"href":"https:\/\/roveyayinevi.com.tr\/index.php\/wp-json\/wp\/v2\/product_cat?post=759552"},{"taxonomy":"product_tag","embeddable":true,"href":"https:\/\/roveyayinevi.com.tr\/index.php\/wp-json\/wp\/v2\/product_tag?post=759552"}],"curies":[{"name":"wp","href":"https:\/\/api.w.org\/{rel}","templated":true}]}}