{"id":759551,"date":"2025-08-28T08:38:07","date_gmt":"2025-08-28T05:38:07","guid":{"rendered":"https:\/\/roveyayinevi.com.tr\/index.php\/urun\/lazarus-2\/"},"modified":"2026-04-16T03:12:35","modified_gmt":"2026-04-16T00:12:35","slug":"lazarus-2","status":"publish","type":"product","link":"https:\/\/roveyayinevi.com.tr\/index.php\/urun\/lazarus-2\/","title":{"rendered":"Lazarus"},"content":{"rendered":"<p>Canan, oldu\u011fu yerde do\u011fruldu ve y\u00fcz\u00fcm\u00fc ellerinin aras\u0131na ald\u0131. \u201cSen kimsin?\u201d diye sordu. G\u00f6zlerimi Canan\u2019dan ka\u00e7\u0131rd\u0131m. Bir \u015feyler gevelemeye \u00e7al\u0131\u015ft\u0131m ama mant\u0131kl\u0131 bir c\u00fcmle kuramad\u0131m. Elleriyle y\u00fcz\u00fcm\u00fc tekrardan ona \u00e7evirdi ve g\u00f6zlerinin i\u00e7ine bakmam\u0131 sa\u011flad\u0131. \u201cDaha do\u011frusu ben kim oldu\u011funu biliyorum. \u00d6\u011frenmek istedi\u011fim as\u0131l \u015fey\u2026 Sana ne oldu?\u201d Nefesim kesildi. Ne diyece\u011fimi bilemedim. Ne desem z\u0131rval\u0131yormu\u015fum gibi g\u00f6z\u00fckecekti. Bundan yalan s\u00f6yleyerek bir \u00e7\u0131k\u0131\u015f yolum olmad\u0131\u011f\u0131na karar verdim. \u201cBen \u00f6ld\u00fcm,\u201d diyebildim. Kelimeler a\u011fz\u0131mdan a\u011f\u0131r \u00e7ak\u0131l ta\u015flar\u0131 gibi d\u00f6k\u00fcl\u00fcyordu. \u201cBen \u00f6ld\u00fcm ve hayata geri d\u00f6nd\u00fcr\u00fcld\u00fcm. Bana bir \u015fans daha verildi.\u201d   Dervi\u015f Dertlio\u011flu\u2019nun, ba\u011f\u0131ml\u0131l\u0131k-\u00f6l\u00fcm-ya\u015fam aras\u0131nda gidip gelen, M\u00fcsl\u00fcm G\u00fcrses ve David Bowie \u015fark\u0131lar\u0131n\u0131n notalar\u0131n\u0131n birbirine kar\u0131\u015ft\u0131\u011f\u0131 hayat hik\u00e2yesinde, her \u015fey, cevap verilmesi gereken tek bir soruya ba\u011flanacak:   \u201cSevdiklerimiz i\u00e7in her \u015feyi yapmayacaksak ya\u015faman\u0131n ne anlam\u0131 var ki?\u201d<\/p>\n","protected":false},"excerpt":{"rendered":"<p>Canan, oldu\u011fu yerde do\u011fruldu ve y\u00fcz\u00fcm\u00fc ellerinin aras\u0131na ald\u0131. \u201cSen kimsin?\u201d diye sordu. G\u00f6zlerimi Canan\u2019dan ka\u00e7\u0131rd\u0131m. Bir \u015feyler gevelemeye \u00e7al\u0131\u015ft\u0131m ama mant\u0131kl\u0131 bir c\u00fcmle kuramad\u0131m. Elleriyle<span class=\"excerpt-hellip\"> [\u2026]<\/span><\/p>\n","protected":false},"featured_media":0,"template":"","meta":{"_monsterinsights_skip_tracking":false,"_monsterinsights_sitenote_active":false,"_monsterinsights_sitenote_note":"","_monsterinsights_sitenote_category":0},"product_brand":[],"product_cat":[12291,12711],"product_tag":[],"class_list":{"0":"post-759551","1":"product","2":"type-product","3":"status-publish","5":"product_cat-edebiyat","6":"product_cat-roman-oyku","7":"pa_cilt-ciltsiz","8":"pa_tur-kitap","9":"pa_yayinevi-luna-yayinlari","10":"pa_yazar-dogacan-silivri","12":"first","13":"instock","14":"sale","15":"shipping-taxable","16":"purchasable","17":"product-type-simple"},"_links":{"self":[{"href":"https:\/\/roveyayinevi.com.tr\/index.php\/wp-json\/wp\/v2\/product\/759551","targetHints":{"allow":["GET"]}}],"collection":[{"href":"https:\/\/roveyayinevi.com.tr\/index.php\/wp-json\/wp\/v2\/product"}],"about":[{"href":"https:\/\/roveyayinevi.com.tr\/index.php\/wp-json\/wp\/v2\/types\/product"}],"wp:attachment":[{"href":"https:\/\/roveyayinevi.com.tr\/index.php\/wp-json\/wp\/v2\/media?parent=759551"}],"wp:term":[{"taxonomy":"product_brand","embeddable":true,"href":"https:\/\/roveyayinevi.com.tr\/index.php\/wp-json\/wp\/v2\/product_brand?post=759551"},{"taxonomy":"product_cat","embeddable":true,"href":"https:\/\/roveyayinevi.com.tr\/index.php\/wp-json\/wp\/v2\/product_cat?post=759551"},{"taxonomy":"product_tag","embeddable":true,"href":"https:\/\/roveyayinevi.com.tr\/index.php\/wp-json\/wp\/v2\/product_tag?post=759551"}],"curies":[{"name":"wp","href":"https:\/\/api.w.org\/{rel}","templated":true}]}}