{"id":759550,"date":"2025-08-28T08:38:06","date_gmt":"2025-08-28T05:38:06","guid":{"rendered":"https:\/\/roveyayinevi.com.tr\/index.php\/urun\/olumsuz-ruh-icimizde\/"},"modified":"2026-04-16T03:12:35","modified_gmt":"2026-04-16T00:12:35","slug":"olumsuz-ruh-icimizde","status":"publish","type":"product","link":"https:\/\/roveyayinevi.com.tr\/index.php\/urun\/olumsuz-ruh-icimizde\/","title":{"rendered":"\u00d6l\u00fcms\u00fcz Ruh \u0130\u00e7imizde"},"content":{"rendered":"<p>\u0130nsan hayat\u0131nda, toplumda, evrende hicbir \u015fey yeni de\u011fildir. \u00d6yleyse d\u00fc\u015f\u00fcn\u00fcrlerin her birinin yeni \u015feyler s\u00f6yledikleri iddias\u0131 nereden g\u00fc\u00e7 al\u0131yor? Eski d\u00fcnyaya icat \u00e7\u0131karanlar kimlerdir? \u0130nsan rahat\u0131n\u0131 ne zaman kaybetmeye ba\u015flad\u0131? \u0130htiya\u00e7lar\u0131 art\u0131ran kimlerdir? \u0130mkanlar\u0131n artmamas\u0131n\u0131 isteyenler kimlerdir? \u0130nsan\u0131n en \u00f6nemli varl\u0131\u011f\u0131 ni\u00e7in akl\u0131 ile d\u00fc\u015f\u00fcnebilmesidir. \u0130nsan\u0131n asli g\u00f6revi nedir? D\u00fcnyay\u0131 s\u00fcslemesinin hikmeti ve sebebi ne olabilir? Di\u011fer varl\u0131klar insana nispeten nas\u0131l bir g\u00f6revi \u00fcstlenmi\u015flerdir. \u00c7evre dedi\u011fimiz d\u00fcnya ve evren canl\u0131lar\u0131n g\u00f6z\u00fcnde nedir? D\u00fcnyan\u0131n ve evrenin varl\u0131\u011f\u0131 ile insan\u0131n varl\u0131\u011f\u0131 aras\u0131ndaki ba\u011flant\u0131lar\u0131 ve sebep sonu\u00e7 m\u00fcnasebetini nas\u0131l d\u00fc\u015f\u00fcn\u00fcrsek ger\u00e7e\u011fi \u00e7a\u011fr\u0131\u015ft\u0131rabiliriz? Ger\u00e7e\u011fi ger\u00e7ek yapan bizim duyular\u0131m\u0131z m\u0131d\u0131r? Yani ger\u00e7ek demek, neye g\u00f6re ger\u00e7ektir? \u0130nsan bir ger\u00e7ektir diyorsak, onun varl\u0131\u011f\u0131n\u0131 kabul etmek yeterli midir? Yoksa insan da varl\u0131\u011f\u0131n\u0131 ve d\u00fc\u015f\u00fcnen canl\u0131 ve m\u00fckemmel bir yarat\u0131k oldu\u011funu yapt\u0131klar\u0131yla, hayat\u0131, s\u00f6zleri ve teklifleriyle, ger\u00e7ekle\u015ftirdikleriyle bize g\u00f6stermesi gerekmez mi? G\u00f6zlerimizle g\u00f6rmemiz mi gerek bir ger\u00e7e\u011fi ispat etmek i\u00e7in, ba\u015fka delile ihtiya\u00e7 duyulmamal\u0131 m\u0131d\u0131r? G\u00f6zlerimizle g\u00f6remiyor, ellerimizle dokunam\u0131yorsak yok mu sayaca\u011f\u0131z? Kusursuz bir de\u011ferlendirmenin unsurlar\u0131 bizi nereye do\u011fru sevk etmektedir? Her \u015feyi bilmenin m\u00fcmk\u00fcn olmad\u0131\u011f\u0131 d\u00fcnyam\u0131zda mekan ve zaman de\u011fi\u015fti\u011fi halde, de\u011fi\u015fmeyen hakikati bulman\u0131n yollar\u0131n\u0131 g\u00f6steren gayret ve eserleri bilim yolunda at\u0131lm\u0131\u015f isabetli ad\u0131mlar olarak g\u00f6rmeyi de hakikatin yol arkada\u015f\u0131 olarak kabul etmemiz gerekmez mi? \u00d6\u011frenmek ve onun temelindeki merak hangi sebeplerin insan g\u00f6nl\u00fcne d\u00fc\u015f\u00fcrd\u00fc\u011f\u00fc meyvelerdir? \u00d6\u011frenmek merak\u0131 bilimsel d\u00fc\u015f\u00fcnceyi zaruri hale mi getiriyor? \u0130nsan bu yola girince, \u00f6n\u00fcne \u00e7\u0131kan zorluklar\u0131 yenmenin imkanlar\u0131n\u0131 haz\u0131rlayan, bulan bir mekanizmay\u0131 kuramad\u0131k\u00e7a, bilim beklenen y\u00fckseli\u015fini ve geli\u015fmesini s\u00fcrd\u00fcrebilir mi?Bilinmeyenlerin artmas\u0131 hatta bir yerde d\u00fc\u011f\u00fcmlenmesi, g\u00f6zlerimizin \u00f6n\u00fcndeki gri tablonun daha da kararmas\u0131na sebep olmayacak m\u0131d\u0131r? Ayd\u0131nl\u0131k bir d\u00fcnyan\u0131n kurulmas\u0131na katk\u0131 sunan insanlar ne bahtiyar insanlard\u0131r\u2026<\/p>\n","protected":false},"excerpt":{"rendered":"<p>\u0130nsan hayat\u0131nda, toplumda, evrende hicbir \u015fey yeni de\u011fildir. \u00d6yleyse d\u00fc\u015f\u00fcn\u00fcrlerin her birinin yeni \u015feyler s\u00f6yledikleri iddias\u0131 nereden g\u00fc\u00e7 al\u0131yor? Eski d\u00fcnyaya icat \u00e7\u0131karanlar kimlerdir? \u0130nsan rahat\u0131n\u0131<span class=\"excerpt-hellip\"> [\u2026]<\/span><\/p>\n","protected":false},"featured_media":0,"template":"","meta":{"_monsterinsights_skip_tracking":false,"_monsterinsights_sitenote_active":false,"_monsterinsights_sitenote_note":"","_monsterinsights_sitenote_category":0},"product_brand":[],"product_cat":[12364,12376],"product_tag":[],"class_list":{"0":"post-759550","1":"product","2":"type-product","3":"status-publish","5":"product_cat-genel-konular","6":"product_cat-kisisel-gelisim","7":"pa_cilt-ciltsiz","8":"pa_tur-kitap","9":"pa_yayinevi-imbik-yayinlari","10":"pa_yazar-ismail-ozmel","12":"first","13":"instock","14":"sale","15":"shipping-taxable","16":"purchasable","17":"product-type-simple"},"_links":{"self":[{"href":"https:\/\/roveyayinevi.com.tr\/index.php\/wp-json\/wp\/v2\/product\/759550","targetHints":{"allow":["GET"]}}],"collection":[{"href":"https:\/\/roveyayinevi.com.tr\/index.php\/wp-json\/wp\/v2\/product"}],"about":[{"href":"https:\/\/roveyayinevi.com.tr\/index.php\/wp-json\/wp\/v2\/types\/product"}],"wp:attachment":[{"href":"https:\/\/roveyayinevi.com.tr\/index.php\/wp-json\/wp\/v2\/media?parent=759550"}],"wp:term":[{"taxonomy":"product_brand","embeddable":true,"href":"https:\/\/roveyayinevi.com.tr\/index.php\/wp-json\/wp\/v2\/product_brand?post=759550"},{"taxonomy":"product_cat","embeddable":true,"href":"https:\/\/roveyayinevi.com.tr\/index.php\/wp-json\/wp\/v2\/product_cat?post=759550"},{"taxonomy":"product_tag","embeddable":true,"href":"https:\/\/roveyayinevi.com.tr\/index.php\/wp-json\/wp\/v2\/product_tag?post=759550"}],"curies":[{"name":"wp","href":"https:\/\/api.w.org\/{rel}","templated":true}]}}