{"id":759548,"date":"2025-08-28T08:38:03","date_gmt":"2025-08-28T05:38:03","guid":{"rendered":"https:\/\/roveyayinevi.com.tr\/index.php\/urun\/masal-masal-ustune-1-bir-varmis-bir-yokmus-iki-ip-atlamis\/"},"modified":"2026-04-16T03:12:35","modified_gmt":"2026-04-16T00:12:35","slug":"masal-masal-ustune-1-bir-varmis-bir-yokmus-iki-ip-atlamis","status":"publish","type":"product","link":"https:\/\/roveyayinevi.com.tr\/index.php\/urun\/masal-masal-ustune-1-bir-varmis-bir-yokmus-iki-ip-atlamis\/","title":{"rendered":"Masal Masal \u00dcst\u00fcne 1 \u2013 Bir Varm\u0131\u015f Bir Yokmu\u015f, \u0130ki \u0130p Atlam\u0131\u015f"},"content":{"rendered":"<p>\u00c7ama\u015f\u0131rlara bay\u0131lan bir t\u0131rt\u0131lla kar\u015f\u0131la\u015ft\u0131n\u0131z m\u0131 hi\u00e7? Peki ya astronot olmak isteyen bir c\u0131rc\u0131rb\u00f6ce\u011fiyle konu\u015ftunuz mu? Bisikletini kaybeden tilkiye yard\u0131m etmeye ne dersiniz?   D\u00fcnyam\u0131z\u0131 d\u00f6n\u00fc\u015ft\u00fcren \u00e7ok \u00f6nemli de\u011ferler \u00fczerine Filiz \u00d6zdem\u2019in kaleme ald\u0131\u011f\u0131 bu ne\u015feli masallara Cem K\u0131z\u0131ltu\u011f harika resimleriyle e\u015flik ediyor. Arkada\u015fl\u0131k, sevgi, sayg\u0131, payla\u015fma, \u00f6zg\u00fcrl\u00fck, adalet, merhamet, al\u00e7akg\u00f6n\u00fcll\u00fcl\u00fck, yarat\u0131c\u0131l\u0131k, hayal g\u00fcc\u00fc, ak\u0131l y\u00fcr\u00fctme, do\u011fa sevgisi, geri d\u00f6n\u00fc\u015f\u00fcm,\u00e7evre duyarl\u0131l\u0131\u011f\u0131 \u00fcst\u00fcne masallar&#8230; <\/p>\n","protected":false},"excerpt":{"rendered":"<p>\u00c7ama\u015f\u0131rlara bay\u0131lan bir t\u0131rt\u0131lla kar\u015f\u0131la\u015ft\u0131n\u0131z m\u0131 hi\u00e7? Peki ya astronot olmak isteyen bir c\u0131rc\u0131rb\u00f6ce\u011fiyle konu\u015ftunuz mu? Bisikletini kaybeden tilkiye yard\u0131m etmeye ne dersiniz? D\u00fcnyam\u0131z\u0131 d\u00f6n\u00fc\u015ft\u00fcren \u00e7ok<span class=\"excerpt-hellip\"> [\u2026]<\/span><\/p>\n","protected":false},"featured_media":0,"template":"","meta":{"_monsterinsights_skip_tracking":false,"_monsterinsights_sitenote_active":false,"_monsterinsights_sitenote_note":"","_monsterinsights_sitenote_category":0},"product_brand":[],"product_cat":[12274,12518],"product_tag":[],"class_list":{"0":"post-759548","1":"product","2":"type-product","3":"status-publish","5":"product_cat-cocuk-ve-genclik-kitaplari","6":"product_cat-okul-oncesi-kitaplar","7":"pa_cilt-ciltsiz","8":"pa_tur-kitap","9":"pa_yayinevi-yapi-kredi-yayinlari","10":"pa_yazar-filiz-ozdem","12":"first","13":"instock","14":"sale","15":"shipping-taxable","16":"purchasable","17":"product-type-simple"},"_links":{"self":[{"href":"https:\/\/roveyayinevi.com.tr\/index.php\/wp-json\/wp\/v2\/product\/759548","targetHints":{"allow":["GET"]}}],"collection":[{"href":"https:\/\/roveyayinevi.com.tr\/index.php\/wp-json\/wp\/v2\/product"}],"about":[{"href":"https:\/\/roveyayinevi.com.tr\/index.php\/wp-json\/wp\/v2\/types\/product"}],"wp:attachment":[{"href":"https:\/\/roveyayinevi.com.tr\/index.php\/wp-json\/wp\/v2\/media?parent=759548"}],"wp:term":[{"taxonomy":"product_brand","embeddable":true,"href":"https:\/\/roveyayinevi.com.tr\/index.php\/wp-json\/wp\/v2\/product_brand?post=759548"},{"taxonomy":"product_cat","embeddable":true,"href":"https:\/\/roveyayinevi.com.tr\/index.php\/wp-json\/wp\/v2\/product_cat?post=759548"},{"taxonomy":"product_tag","embeddable":true,"href":"https:\/\/roveyayinevi.com.tr\/index.php\/wp-json\/wp\/v2\/product_tag?post=759548"}],"curies":[{"name":"wp","href":"https:\/\/api.w.org\/{rel}","templated":true}]}}