{"id":759545,"date":"2025-08-28T08:37:59","date_gmt":"2025-08-28T05:37:59","guid":{"rendered":"https:\/\/roveyayinevi.com.tr\/index.php\/urun\/olumden-sonra-yasam\/"},"modified":"2026-04-16T03:12:35","modified_gmt":"2026-04-16T00:12:35","slug":"olumden-sonra-yasam","status":"publish","type":"product","link":"https:\/\/roveyayinevi.com.tr\/index.php\/urun\/olumden-sonra-yasam\/","title":{"rendered":"\u00d6l\u00fcmden Sonra Ya\u015fam"},"content":{"rendered":"<p>\u201c\u00d6l\u00fcm deneyimi, do\u011fum deneyimiyle neredeyse ayn\u0131d\u0131r. Bu, olduk\u00e7a basit bir \u015fekilde  kan\u0131tlanabilecek farkl\u0131 bir varolu\u015fa g\u00f6zlerini a\u00e7makt\u0131r. Binlerce y\u0131l boyunca \u00f6b\u00fcr d\u00fcnya ile ilgili \u015feylere \u201cinan\u201dd\u0131r\u0131ld\u0131n\u0131z. Fakat benim i\u00e7in bu art\u0131k bir inan\u00e7 meselesi de\u011fil, daha \u00e7ok bir bilme meselesi. Ve ger\u00e7ekten bilmek istemeniz kayd\u0131yla, size bu bilgiyi nas\u0131l edinebilece\u011finizi anlatmaya da haz\u0131r\u0131m.\u201d                                                                                                                                        Elisabeth K\u00fcbler-Ross   \u00d6l\u00fcmden Sonra Ya\u015fam, \u00fcnl\u00fc psikiyatr Elisabeth K\u00fcbler-Ross\u2019un uzun y\u0131llar boyunca \u00f6l\u00fcme  yak\u0131n deneyim ya\u015fayan yirmi binden fazla ki\u015fiyle yapt\u0131\u011f\u0131 \u00e7al\u0131\u015fmalara dayanan bulgular\u0131 bir araya getiriyor. \u0130nsano\u011flunun varolu\u015fundan beri cevap arad\u0131\u011f\u0131 \u00f6l\u00fcme ve sonras\u0131na dair sorular\u0131 ayd\u0131nlat\u0131rken \u00f6l\u00fcm an\u0131n\u0131n evrelerini a\u00e7\u0131kl\u0131yor. Elisabeth K\u00fcbler-Ross bu kitapta, \u00f6lmek \u00fczere olan insanlara, sevilen birinin \u00f6l\u00fcm\u00fcn\u00fc anlamaya ve bu ac\u0131yla ba\u015fa \u00e7\u0131kmaya yard\u0131mc\u0131 olabilecek \u015fekilde \u00f6l\u00fcme dair bilinmezli\u011fe \u0131\u015f\u0131k tutarak okuru \u00f6l\u00fcme korkuyla de\u011fil daha anlay\u0131\u015fl\u0131 ve \u015fefkatli bir sevgiyle yakla\u015fmaya davet ediyor. <\/p>\n","protected":false},"excerpt":{"rendered":"<p>\u201c\u00d6l\u00fcm deneyimi, do\u011fum deneyimiyle neredeyse ayn\u0131d\u0131r. Bu, olduk\u00e7a basit bir \u015fekilde kan\u0131tlanabilecek farkl\u0131 bir varolu\u015fa g\u00f6zlerini a\u00e7makt\u0131r. Binlerce y\u0131l boyunca \u00f6b\u00fcr d\u00fcnya ile ilgili \u015feylere \u201cinan\u201dd\u0131r\u0131ld\u0131n\u0131z.<span class=\"excerpt-hellip\"> [\u2026]<\/span><\/p>\n","protected":false},"featured_media":0,"template":"","meta":{"_monsterinsights_skip_tracking":false,"_monsterinsights_sitenote_active":false,"_monsterinsights_sitenote_note":"","_monsterinsights_sitenote_category":0},"product_brand":[],"product_cat":[12358,12357],"product_tag":[],"class_list":{"0":"post-759545","1":"product","2":"type-product","3":"status-publish","5":"product_cat-genel-psikoloji","6":"product_cat-psikoloji","7":"pa_cilt-ciltsiz","8":"pa_tur-kitap","9":"pa_yayinevi-profil-kitap","10":"pa_yazar-elisabeth-kubler-ross","12":"first","13":"instock","14":"sale","15":"shipping-taxable","16":"purchasable","17":"product-type-simple"},"_links":{"self":[{"href":"https:\/\/roveyayinevi.com.tr\/index.php\/wp-json\/wp\/v2\/product\/759545","targetHints":{"allow":["GET"]}}],"collection":[{"href":"https:\/\/roveyayinevi.com.tr\/index.php\/wp-json\/wp\/v2\/product"}],"about":[{"href":"https:\/\/roveyayinevi.com.tr\/index.php\/wp-json\/wp\/v2\/types\/product"}],"wp:attachment":[{"href":"https:\/\/roveyayinevi.com.tr\/index.php\/wp-json\/wp\/v2\/media?parent=759545"}],"wp:term":[{"taxonomy":"product_brand","embeddable":true,"href":"https:\/\/roveyayinevi.com.tr\/index.php\/wp-json\/wp\/v2\/product_brand?post=759545"},{"taxonomy":"product_cat","embeddable":true,"href":"https:\/\/roveyayinevi.com.tr\/index.php\/wp-json\/wp\/v2\/product_cat?post=759545"},{"taxonomy":"product_tag","embeddable":true,"href":"https:\/\/roveyayinevi.com.tr\/index.php\/wp-json\/wp\/v2\/product_tag?post=759545"}],"curies":[{"name":"wp","href":"https:\/\/api.w.org\/{rel}","templated":true}]}}