{"id":759541,"date":"2025-08-28T08:37:53","date_gmt":"2025-08-28T05:37:53","guid":{"rendered":"https:\/\/roveyayinevi.com.tr\/index.php\/urun\/adli-odontoloji\/"},"modified":"2026-04-16T03:12:35","modified_gmt":"2026-04-16T00:12:35","slug":"adli-odontoloji","status":"publish","type":"product","link":"https:\/\/roveyayinevi.com.tr\/index.php\/urun\/adli-odontoloji\/","title":{"rendered":"Adli Odontoloji"},"content":{"rendered":"<p>Adli Odontoloji adl\u0131 bu kitap ;Adli Odontoloji alan\u0131nda temel bilgileri ve uygulamalar\u0131 i\u00e7ermektedir.Kitap adli Odontolojinin Ran\u0131m\u0131 ve Tarihi Geli\u015fimi,Di\u015f Anatomisi,Kimliklendirme Di\u015f Kay\u0131tlar\u0131 ve Dok\u00fcmantasyon,Di\u015f Tan\u0131mlamas\u0131nda Di\u015f Veritabanlar\u0131 ve Dijital Teknolojilerin Rol\u00fc,Di\u015f Hukuku ve Uzaman Tan\u0131kl\u0131\u011f\u0131,\u0130nsan Haklar\u0131 Soru\u015fturmalar\u0131nda ve Kay\u0131p Ki\u015fi Vakalar\u0131nda di\u015f Analizinin Rol\u00fc ve Adli Odontoloji de G\u00fcncel Geli\u015fmeler ba\u015fl\u0131kl\u0131 b\u00f6l\u00fcmlerden olu\u015fmaktad\u0131r. Bu kaynak adli odontolojik uygulama i\u00e7in pratik bir referans arac\u0131 olmay\u0131 ve ayn\u0131 zamanda alana yeni ba\u015flayanlar i\u00e7in odontolojik y\u00f6ntem ve metodlar hakk\u0131nda temel bilgiler edindirmeyi ama\u00e7lamaktad\u0131r.<\/p>\n","protected":false},"excerpt":{"rendered":"<p>Adli Odontoloji adl\u0131 bu kitap ;Adli Odontoloji alan\u0131nda temel bilgileri ve uygulamalar\u0131 i\u00e7ermektedir.Kitap adli Odontolojinin Ran\u0131m\u0131 ve Tarihi Geli\u015fimi,Di\u015f Anatomisi,Kimliklendirme Di\u015f Kay\u0131tlar\u0131 ve Dok\u00fcmantasyon,Di\u015f Tan\u0131mlamas\u0131nda Di\u015f<span class=\"excerpt-hellip\"> [\u2026]<\/span><\/p>\n","protected":false},"featured_media":0,"template":"","meta":{"_monsterinsights_skip_tracking":false,"_monsterinsights_sitenote_active":false,"_monsterinsights_sitenote_note":"","_monsterinsights_sitenote_category":0},"product_brand":[],"product_cat":[52477,52478],"product_tag":[],"class_list":{"0":"post-759541","1":"product","2":"type-product","3":"status-publish","5":"product_cat-arastirma","6":"product_cat-arkeoloji","7":"pa_cilt-ciltsiz","8":"pa_tur-kitap","9":"pa_yayinevi-bilgin-kultur-sanat","10":"pa_yazar-nevin-goksal","12":"first","13":"instock","14":"sale","15":"shipping-taxable","16":"purchasable","17":"product-type-simple"},"_links":{"self":[{"href":"https:\/\/roveyayinevi.com.tr\/index.php\/wp-json\/wp\/v2\/product\/759541","targetHints":{"allow":["GET"]}}],"collection":[{"href":"https:\/\/roveyayinevi.com.tr\/index.php\/wp-json\/wp\/v2\/product"}],"about":[{"href":"https:\/\/roveyayinevi.com.tr\/index.php\/wp-json\/wp\/v2\/types\/product"}],"wp:attachment":[{"href":"https:\/\/roveyayinevi.com.tr\/index.php\/wp-json\/wp\/v2\/media?parent=759541"}],"wp:term":[{"taxonomy":"product_brand","embeddable":true,"href":"https:\/\/roveyayinevi.com.tr\/index.php\/wp-json\/wp\/v2\/product_brand?post=759541"},{"taxonomy":"product_cat","embeddable":true,"href":"https:\/\/roveyayinevi.com.tr\/index.php\/wp-json\/wp\/v2\/product_cat?post=759541"},{"taxonomy":"product_tag","embeddable":true,"href":"https:\/\/roveyayinevi.com.tr\/index.php\/wp-json\/wp\/v2\/product_tag?post=759541"}],"curies":[{"name":"wp","href":"https:\/\/api.w.org\/{rel}","templated":true}]}}