{"id":759540,"date":"2025-08-28T08:37:52","date_gmt":"2025-08-28T05:37:52","guid":{"rendered":"https:\/\/roveyayinevi.com.tr\/index.php\/urun\/onasya-arkeolojisi-toplantilari-1\/"},"modified":"2026-04-16T03:12:35","modified_gmt":"2026-04-16T00:12:35","slug":"onasya-arkeolojisi-toplantilari-1","status":"publish","type":"product","link":"https:\/\/roveyayinevi.com.tr\/index.php\/urun\/onasya-arkeolojisi-toplantilari-1\/","title":{"rendered":"\u00d6nasya Arkeolojisi Toplant\u0131lar\u0131 1"},"content":{"rendered":"<p>\u00d6nasya Arkeolojisi Toplant\u0131lar\u0131\u201d grubu T\u00fcrkiye\u2019de ara\u015ft\u0131rma yapan bilim insanlar\u0131 taraf\u0131ndan 2019 y\u0131l\u0131 Kas\u0131m ay\u0131nda olu\u015fturulmu\u015ftur. Grubun kurulu\u015f amac\u0131, T\u00fcrkiye\u2019de \u00d6nasya Arkeolojisi \u00fczerine \u00e7al\u0131\u015fmakta olan arkeoloji, antropoloji ve filoloji gibi farkl\u0131 disiplinlerdeki bilim insanlar\u0131n\u0131 bir araya getirerek bilgi payla\u015f\u0131m\u0131 ve da\u011f\u0131l\u0131m\u0131n\u0131 sa\u011flamakt\u0131r. Sempozyum \u015feklinde d\u00fczenlenen toplant\u0131lar\u0131n \u00fc\u00e7 y\u0131l aral\u0131kla d\u00fczenli olarak yap\u0131lmas\u0131 planlanm\u0131\u015ft\u0131r. \u00d6nasya Arkeolojisi Toplant\u0131lar\u0131n\u0131n ilkinin konusunu sava\u015f ve \u015fiddet olu\u015fturmu\u015ftur. Sava\u015f ve \u015fiddet insanl\u0131k tarihine y\u00f6n veren \u00f6nemli meselelerden biridir. \u015eiddet hem insanlarda hem de hayvanlarda g\u00f6r\u00fclmekle beraber, zamanla insan taraf\u0131ndan bireysel \u015fiddetten organize \u015fiddete ve sava\u015fa d\u00f6n\u00fc\u015fm\u00fc\u015ft\u00fcr. Sava\u015f ve \u015eiddet, toplumlardaki demokratikle\u015fme s\u00fcreciyle ba\u011flant\u0131l\u0131 olarak say\u0131sal anlamda azalm\u0131\u015ft\u0131r. Ancak yeni teknolojilerle birlikte sava\u015f ve \u015fiddetin etki alan\u0131 geni\u015flemi\u015f ve sonu\u00e7lar\u0131 k\u00fcreselle\u015fmi\u015ftir. Bu sempozyumda; Do\u011fu Akdeniz toplumlar\u0131nda \u00f6rg\u00fctl\u00fc \u015fiddetin ne zaman ba\u015flay\u0131p ne \u00f6l\u00e7\u00fcde yayg\u0131nla\u015ft\u0131\u011f\u0131n\u0131 ara\u015ft\u0131rmak; \u015fiddetin ve sava\u015f\u0131n nedenleri, etkileri ve sonu\u00e7lar\u0131n\u0131 tarihsel s\u00fcre\u00e7teki \u00f6rnekler \u00fczerinden de\u011ferlendirmek; \u00f6rg\u00fctl\u00fc \u015fiddet, devlet olu\u015fum s\u00fcreci ve b\u00f6lgedeki sosyo-politik istikrars\u0131zl\u0131k aras\u0131ndaki ba\u011flant\u0131y\u0131 incelemek ama\u00e7lanm\u0131\u015ft\u0131r. Neolitik \u00c7a\u011f\u2019dan Demir \u00c7a\u011f\u0131\u2019na kadar uzanan zaman diliminde Do\u011fu Akdeniz B\u00f6lgesini kapsayan sempozyum konular\u0131 sava\u015f-\u015fiddet t\u00fcrleri, sava\u015f-\u015fiddet ile siyasalla\u015fma aras\u0131ndaki ili\u015fkiler, sava\u015f\u0131n ve \u015fiddetin arkeolojik, filolojik ve antropolojik kan\u0131tlar\u0131, sava\u015f\u0131n ideolojisi, sava\u015fta uzmanla\u015fma: profesyonel askerlerin ve daimi ordular\u0131n ortaya \u00e7\u0131k\u0131\u015f\u0131, sava\u015f-\u015fiddet ve toplumsal haf\u0131za, sava\u015f ve \u015fiddet sonras\u0131 ya\u015fanan s\u00fcre\u00e7ler ve etkileri, sava\u015f ara\u00e7lar\u0131 ve gere\u00e7lerini i\u00e7ermi\u015ftir.<\/p>\n","protected":false},"excerpt":{"rendered":"<p>\u00d6nasya Arkeolojisi Toplant\u0131lar\u0131\u201d grubu T\u00fcrkiye\u2019de ara\u015ft\u0131rma yapan bilim insanlar\u0131 taraf\u0131ndan 2019 y\u0131l\u0131 Kas\u0131m ay\u0131nda olu\u015fturulmu\u015ftur. Grubun kurulu\u015f amac\u0131, T\u00fcrkiye\u2019de \u00d6nasya Arkeolojisi \u00fczerine \u00e7al\u0131\u015fmakta olan arkeoloji, antropoloji<span class=\"excerpt-hellip\"> [\u2026]<\/span><\/p>\n","protected":false},"featured_media":0,"template":"","meta":{"_monsterinsights_skip_tracking":false,"_monsterinsights_sitenote_active":false,"_monsterinsights_sitenote_note":"","_monsterinsights_sitenote_category":0},"product_brand":[],"product_cat":[52477,52478],"product_tag":[],"class_list":{"0":"post-759540","1":"product","2":"type-product","3":"status-publish","5":"product_cat-arastirma","6":"product_cat-arkeoloji","7":"pa_cilt-ciltsiz","8":"pa_tur-kitap","9":"pa_yayinevi-bilgin-kultur-sanat","10":"pa_yazar-kolektif","12":"first","13":"instock","14":"sale","15":"shipping-taxable","16":"purchasable","17":"product-type-simple"},"_links":{"self":[{"href":"https:\/\/roveyayinevi.com.tr\/index.php\/wp-json\/wp\/v2\/product\/759540","targetHints":{"allow":["GET"]}}],"collection":[{"href":"https:\/\/roveyayinevi.com.tr\/index.php\/wp-json\/wp\/v2\/product"}],"about":[{"href":"https:\/\/roveyayinevi.com.tr\/index.php\/wp-json\/wp\/v2\/types\/product"}],"wp:attachment":[{"href":"https:\/\/roveyayinevi.com.tr\/index.php\/wp-json\/wp\/v2\/media?parent=759540"}],"wp:term":[{"taxonomy":"product_brand","embeddable":true,"href":"https:\/\/roveyayinevi.com.tr\/index.php\/wp-json\/wp\/v2\/product_brand?post=759540"},{"taxonomy":"product_cat","embeddable":true,"href":"https:\/\/roveyayinevi.com.tr\/index.php\/wp-json\/wp\/v2\/product_cat?post=759540"},{"taxonomy":"product_tag","embeddable":true,"href":"https:\/\/roveyayinevi.com.tr\/index.php\/wp-json\/wp\/v2\/product_tag?post=759540"}],"curies":[{"name":"wp","href":"https:\/\/api.w.org\/{rel}","templated":true}]}}