{"id":759537,"date":"2025-08-28T08:37:49","date_gmt":"2025-08-28T05:37:49","guid":{"rendered":"https:\/\/roveyayinevi.com.tr\/index.php\/urun\/onur-saglam-klarnet-metodu-2\/"},"modified":"2026-04-16T03:12:34","modified_gmt":"2026-04-16T00:12:34","slug":"onur-saglam-klarnet-metodu-2","status":"publish","type":"product","link":"https:\/\/roveyayinevi.com.tr\/index.php\/urun\/onur-saglam-klarnet-metodu-2\/","title":{"rendered":"Onur Sa\u011flam Klarnet Metodu-2"},"content":{"rendered":"<p>Klasik Bat\u0131 m\u00fczi\u011finden Hint m\u00fczi\u011fine kadar farkl\u0131 k\u00fclt\u00fcrlerin m\u00fcziklerinde kullan\u0131lan, kendi topraklar\u0131m\u0131zda da icra edilmekte olan klarnet, \u015f\u00fcphesiz ki Anadolu k\u00fclt\u00fcr\u00fcnde ve T\u00fcrk m\u00fczi\u011finde de \u00f6nemli bir yere sahiptir. Fakat her enstr\u00fcmanda oldu\u011fu gibi elbette klarnet e\u011fitiminin de \u00e7e\u015fitli zorluklar\u0131 mevcuttur.   Bu zorluklar\u0131n a\u015f\u0131lmas\u0131 i\u00e7in temel \u00e7al\u0131\u015fmalar\u0131n devam\u0131 niteli\u011finde haz\u0131rlanm\u0131\u015f olan dizi ve arpej \u00e7al\u0131\u015fmalar\u0131n\u0131n g\u00fcnl\u00fck, rutin ve bilin\u00e7li olarak yap\u0131lmas\u0131, klarnet icras\u0131nda sa\u011f ve sol el tekni\u011finin birbiriyle uyumlu kullan\u0131lmas\u0131, temiz bir entonasyon ve enstr\u00fcmanda serilik a\u00e7\u0131s\u0131ndan \u00e7ok \u00f6nemlidir.   Klarnette dizi ve arpej \u00e7al\u0131\u015fmalar\u0131 s\u00fcrekli olarak yap\u0131ld\u0131\u011f\u0131nda bilekler ve parmaklar, zaman i\u00e7erisinde daha fazla k\u0131vrakl\u0131k ve esneklik kazanacakt\u0131r. Ayr\u0131ca bu \u00e7al\u0131\u015fmalar, enstr\u00fcman\u0131n ses renginin kalitesine, artik\u00fclasyon netli\u011fine, icrac\u0131n\u0131n ifadeli \u00e7alma yetene\u011finin geli\u015fimine b\u00fcy\u00fck katk\u0131 sa\u011flamaktad\u0131r.   \u201cOnur Sa\u011flam Klarnet Metodu-2 Diziler ve Arpejler\u201d kitab\u0131m\u0131z\u0131n yeni ba\u015flayanlara ve orta seviye icrac\u0131lara faydal\u0131 olmas\u0131 \u00fcmidiyle\u2026 <\/p>\n","protected":false},"excerpt":{"rendered":"<p>Klasik Bat\u0131 m\u00fczi\u011finden Hint m\u00fczi\u011fine kadar farkl\u0131 k\u00fclt\u00fcrlerin m\u00fcziklerinde kullan\u0131lan, kendi topraklar\u0131m\u0131zda da icra edilmekte olan klarnet, \u015f\u00fcphesiz ki Anadolu k\u00fclt\u00fcr\u00fcnde ve T\u00fcrk m\u00fczi\u011finde de \u00f6nemli<span class=\"excerpt-hellip\"> [\u2026]<\/span><\/p>\n","protected":false},"featured_media":0,"template":"","meta":{"_monsterinsights_skip_tracking":false,"_monsterinsights_sitenote_active":false,"_monsterinsights_sitenote_note":"","_monsterinsights_sitenote_category":0},"product_brand":[],"product_cat":[14556,14557],"product_tag":[],"class_list":{"0":"post-759537","1":"product","2":"type-product","3":"status-publish","5":"product_cat-muzik","6":"product_cat-nota-kitaplari","7":"pa_cilt-ciltsiz","8":"pa_tur-kitap","9":"pa_yayinevi-muzik-egitimi-yayinlari","10":"pa_yazar-onur-saglam","12":"first","13":"instock","14":"sale","15":"shipping-taxable","16":"purchasable","17":"product-type-simple"},"_links":{"self":[{"href":"https:\/\/roveyayinevi.com.tr\/index.php\/wp-json\/wp\/v2\/product\/759537","targetHints":{"allow":["GET"]}}],"collection":[{"href":"https:\/\/roveyayinevi.com.tr\/index.php\/wp-json\/wp\/v2\/product"}],"about":[{"href":"https:\/\/roveyayinevi.com.tr\/index.php\/wp-json\/wp\/v2\/types\/product"}],"wp:attachment":[{"href":"https:\/\/roveyayinevi.com.tr\/index.php\/wp-json\/wp\/v2\/media?parent=759537"}],"wp:term":[{"taxonomy":"product_brand","embeddable":true,"href":"https:\/\/roveyayinevi.com.tr\/index.php\/wp-json\/wp\/v2\/product_brand?post=759537"},{"taxonomy":"product_cat","embeddable":true,"href":"https:\/\/roveyayinevi.com.tr\/index.php\/wp-json\/wp\/v2\/product_cat?post=759537"},{"taxonomy":"product_tag","embeddable":true,"href":"https:\/\/roveyayinevi.com.tr\/index.php\/wp-json\/wp\/v2\/product_tag?post=759537"}],"curies":[{"name":"wp","href":"https:\/\/api.w.org\/{rel}","templated":true}]}}