{"id":759536,"date":"2025-08-28T08:37:48","date_gmt":"2025-08-28T05:37:48","guid":{"rendered":"https:\/\/roveyayinevi.com.tr\/index.php\/urun\/onur-saglam-klarnet-metodu-1\/"},"modified":"2026-04-16T03:12:34","modified_gmt":"2026-04-16T00:12:34","slug":"onur-saglam-klarnet-metodu-1","status":"publish","type":"product","link":"https:\/\/roveyayinevi.com.tr\/index.php\/urun\/onur-saglam-klarnet-metodu-1\/","title":{"rendered":"Onur Sa\u011flam Klarnet Metodu-1"},"content":{"rendered":"<p>Klasik Bat\u0131 m\u00fczi\u011finden Hint m\u00fczi\u011fine kadar farkl\u0131 k\u00fclt\u00fcrlerin m\u00fcziklerinde kullan\u0131lan, kendi topraklar\u0131m\u0131zda da icra edilmekte olan klarnet, \u015f\u00fcphesiz ki Anadolu k\u00fclt\u00fcr\u00fcnde ve T\u00fcrk m\u00fczi\u011finde de \u00f6nemli bir yere sahiptir. Her enstr\u00fcmanda oldu\u011fu gibi elbette klarnet e\u011fitimi de \u00e7e\u015fitli zorluklar\u0131 i\u00e7ermektedir. Klarnet e\u011fitimi s\u00fcrecinde temel \u00e7al\u0131\u015fmalara a\u011f\u0131rl\u0131k verilmemesi, icrac\u0131n\u0131n entonasyon problemleri ile kar\u015f\u0131la\u015fmas\u0131na, parmaklar\u0131n\u0131n yeterli aceliteye ula\u015famamas\u0131na ve enstr\u00fcman\u0131ndan kaliteli bir ses rengi elde edememesine neden olmaktad\u0131r. Si bemol ve sol klarnet i\u00e7in metodolojik bir yakla\u015f\u0131m ile haz\u0131rlanm\u0131\u015f olan bu kitab\u0131n di\u011fer klarnet metotlar\u0131ndan fark\u0131, \u00f6\u011frenci ve \u00f6\u011fretmenlerin klarnet e\u011fitimi s\u0131ras\u0131nda ya\u015fad\u0131\u011f\u0131 \u00f6\u011frenme ve \u00f6\u011fretmeye dair sorunlar\u0131 ele almas\u0131 ve hemen hemen t\u00fcm \u00f6\u011frencilerin deneyimledi\u011fi teknik problemlerin giderilmesi i\u00e7in y\u00fczlerce et\u00fcde yer verilmi\u015f olmas\u0131d\u0131r. Klarnetin tarih\u00e7esinden ba\u015flayarak klarnet tu\u015fe sistemleri, b\u00f6l\u00fcm ve par\u00e7alar\u0131, klarnet ailesi, nefes tekni\u011fi incelenmi\u015f ve temel \u00f6\u011fretilere y\u00f6nelik et\u00fct \u00e7al\u0131\u015fmalar\u0131, nota bilgisine sahip olmayan \u00f6\u011frencilerde g\u00f6zetilerek en ince ayr\u0131nt\u0131s\u0131na kadar ele al\u0131nm\u0131\u015ft\u0131r. \u201cOnur Sa\u011flam Klarnet Metodu 1 Temel \u00c7al\u0131\u015fmalar\u201d kitab\u0131m\u0131z\u0131n yeni ba\u015flayanlara ve orta seviye icrac\u0131lara faydal\u0131 olmas\u0131 \u00fcmidiyle\u2026 <\/p>\n","protected":false},"excerpt":{"rendered":"<p>Klasik Bat\u0131 m\u00fczi\u011finden Hint m\u00fczi\u011fine kadar farkl\u0131 k\u00fclt\u00fcrlerin m\u00fcziklerinde kullan\u0131lan, kendi topraklar\u0131m\u0131zda da icra edilmekte olan klarnet, \u015f\u00fcphesiz ki Anadolu k\u00fclt\u00fcr\u00fcnde ve T\u00fcrk m\u00fczi\u011finde de \u00f6nemli<span class=\"excerpt-hellip\"> [\u2026]<\/span><\/p>\n","protected":false},"featured_media":0,"template":"","meta":{"_monsterinsights_skip_tracking":false,"_monsterinsights_sitenote_active":false,"_monsterinsights_sitenote_note":"","_monsterinsights_sitenote_category":0},"product_brand":[],"product_cat":[14556,14557],"product_tag":[],"class_list":{"0":"post-759536","1":"product","2":"type-product","3":"status-publish","5":"product_cat-muzik","6":"product_cat-nota-kitaplari","7":"pa_cilt-ciltsiz","8":"pa_tur-kitap","9":"pa_yayinevi-muzik-egitimi-yayinlari","10":"pa_yazar-onur-saglam","12":"first","13":"instock","14":"sale","15":"shipping-taxable","16":"purchasable","17":"product-type-simple"},"_links":{"self":[{"href":"https:\/\/roveyayinevi.com.tr\/index.php\/wp-json\/wp\/v2\/product\/759536","targetHints":{"allow":["GET"]}}],"collection":[{"href":"https:\/\/roveyayinevi.com.tr\/index.php\/wp-json\/wp\/v2\/product"}],"about":[{"href":"https:\/\/roveyayinevi.com.tr\/index.php\/wp-json\/wp\/v2\/types\/product"}],"wp:attachment":[{"href":"https:\/\/roveyayinevi.com.tr\/index.php\/wp-json\/wp\/v2\/media?parent=759536"}],"wp:term":[{"taxonomy":"product_brand","embeddable":true,"href":"https:\/\/roveyayinevi.com.tr\/index.php\/wp-json\/wp\/v2\/product_brand?post=759536"},{"taxonomy":"product_cat","embeddable":true,"href":"https:\/\/roveyayinevi.com.tr\/index.php\/wp-json\/wp\/v2\/product_cat?post=759536"},{"taxonomy":"product_tag","embeddable":true,"href":"https:\/\/roveyayinevi.com.tr\/index.php\/wp-json\/wp\/v2\/product_tag?post=759536"}],"curies":[{"name":"wp","href":"https:\/\/api.w.org\/{rel}","templated":true}]}}