{"id":759535,"date":"2025-08-28T08:37:47","date_gmt":"2025-08-28T05:37:47","guid":{"rendered":"https:\/\/roveyayinevi.com.tr\/index.php\/urun\/solo-tanbur-icin-egzersizler-etudler-ve-eserler\/"},"modified":"2026-04-16T03:12:34","modified_gmt":"2026-04-16T00:12:34","slug":"solo-tanbur-icin-egzersizler-etudler-ve-eserler","status":"publish","type":"product","link":"https:\/\/roveyayinevi.com.tr\/index.php\/urun\/solo-tanbur-icin-egzersizler-etudler-ve-eserler\/","title":{"rendered":"Solo Tanbur \u0130\u00e7in Egzersizler Et\u00fcdler ve Eserler"},"content":{"rendered":"<p>Tanbur icra tekniklerini geli\u015ftirmek isteyenlere imkan sa\u011flama amac\u0131 ta\u015f\u0131yan bu kitap tanbur i\u00e7in sa\u011f ve sol el (m\u0131zrap ve parmaklar i\u00e7in) egzersizleri, geli\u015fmi\u015f et\u00fcdler ve eserlerden meydana gelmektedir. Egzersizler, et\u00fcdler eserlerin i\u00e7eri\u011fini olu\u015fturan beceriler a\u00e7\u0131klamalarla da desteklenmi\u015f, tanburun t\u0131n\u0131, ifade imkanlar\u0131 ve icra kapasitesi vurgulanmaya ve bu anlamda bir bak\u0131\u015f a\u00e7\u0131s\u0131 sunulmaya \u00e7al\u0131\u015f\u0131lm\u0131\u015ft\u0131r. Bu kitab\u0131n ayn\u0131 zamanda, tanbur repertuar\u0131na da katk\u0131 sa\u011flayaca\u011f\u0131n\u0131 \u00fcmit ediyorum. <\/p>\n","protected":false},"excerpt":{"rendered":"<p>Tanbur icra tekniklerini geli\u015ftirmek isteyenlere imkan sa\u011flama amac\u0131 ta\u015f\u0131yan bu kitap tanbur i\u00e7in sa\u011f ve sol el (m\u0131zrap ve parmaklar i\u00e7in) egzersizleri, geli\u015fmi\u015f et\u00fcdler ve eserlerden<span class=\"excerpt-hellip\"> [\u2026]<\/span><\/p>\n","protected":false},"featured_media":0,"template":"","meta":{"_monsterinsights_skip_tracking":false,"_monsterinsights_sitenote_active":false,"_monsterinsights_sitenote_note":"","_monsterinsights_sitenote_category":0},"product_brand":[],"product_cat":[14556,20810],"product_tag":[],"class_list":{"0":"post-759535","1":"product","2":"type-product","3":"status-publish","5":"product_cat-muzik","6":"product_cat-ogrenim-kitaplari","7":"pa_cilt-ciltsiz","8":"pa_tur-kitap","9":"pa_yayinevi-doksan-dokuz-yayinlari","10":"pa_yazar-minaceddin-minarecioglu","12":"first","13":"instock","14":"sale","15":"shipping-taxable","16":"purchasable","17":"product-type-simple"},"_links":{"self":[{"href":"https:\/\/roveyayinevi.com.tr\/index.php\/wp-json\/wp\/v2\/product\/759535","targetHints":{"allow":["GET"]}}],"collection":[{"href":"https:\/\/roveyayinevi.com.tr\/index.php\/wp-json\/wp\/v2\/product"}],"about":[{"href":"https:\/\/roveyayinevi.com.tr\/index.php\/wp-json\/wp\/v2\/types\/product"}],"wp:attachment":[{"href":"https:\/\/roveyayinevi.com.tr\/index.php\/wp-json\/wp\/v2\/media?parent=759535"}],"wp:term":[{"taxonomy":"product_brand","embeddable":true,"href":"https:\/\/roveyayinevi.com.tr\/index.php\/wp-json\/wp\/v2\/product_brand?post=759535"},{"taxonomy":"product_cat","embeddable":true,"href":"https:\/\/roveyayinevi.com.tr\/index.php\/wp-json\/wp\/v2\/product_cat?post=759535"},{"taxonomy":"product_tag","embeddable":true,"href":"https:\/\/roveyayinevi.com.tr\/index.php\/wp-json\/wp\/v2\/product_tag?post=759535"}],"curies":[{"name":"wp","href":"https:\/\/api.w.org\/{rel}","templated":true}]}}