{"id":759533,"date":"2025-08-28T08:37:44","date_gmt":"2025-08-28T05:37:44","guid":{"rendered":"https:\/\/roveyayinevi.com.tr\/index.php\/urun\/kilikia-arkeolojisi-yeni-buluntular-ve-yorumlar\/"},"modified":"2026-04-16T03:12:34","modified_gmt":"2026-04-16T00:12:34","slug":"kilikia-arkeolojisi-yeni-buluntular-ve-yorumlar","status":"publish","type":"product","link":"https:\/\/roveyayinevi.com.tr\/index.php\/urun\/kilikia-arkeolojisi-yeni-buluntular-ve-yorumlar\/","title":{"rendered":"Kilikia Arkeolojisi : Yeni Buluntular ve Yorumlar"},"content":{"rendered":"<p>Korakesion (Alanya)\u2019dan Aleksandria kat Isson\u2019a (\u0130skenderun) kadar uzanan geni\u015f co\u011frafya, antik d\u00f6nem co\u011frafyas\u0131 i\u00e7erisinde Kilikia B\u00f6lgesidir. Kilikia B\u00f6lgesi, Do\u011fu Akdeniz\u2019deki co\u011frafi konumu sayesinde ula\u015f\u0131lan stratejik \u00f6nemi, topografik \u00f6zellikleri ve ge\u00e7itleri b\u00fcnyesinde bar\u0131nd\u0131rmas\u0131 vesilesiyle s\u00fcrekli iskan g\u00f6ren bir b\u00f6lge olmu\u015ftur. Bu durum b\u00f6lge kentlerinde ve yerle\u015fimlerinde ele ge\u00e7en buluntunun i\u00e7eri\u011fini ve anlam\u0131n\u0131 zengin k\u0131lmaktad\u0131r. Mersin \u00dcniversitesi Kilikia Arkeolojisini Ara\u015ft\u0131rma Merkezi (KAAM), kuruldu\u011fu tarihten itibaren Kilikia B\u00f6lgesi Arkeolojisi \u00fczerine yay\u0131nlar ve sempozyumlar ger\u00e7ekle\u015ftirmektedir. Bu kapsamda KAAM taraf\u0131ndan 2022 y\u0131l\u0131nda V. Kilikia Arkeolojisi Sempozyumu ger\u00e7ekle\u015ftirilmi\u015ftir. Bu sempozyumda, b\u00f6lgede ara\u015ft\u0131rma ger\u00e7ekle\u015ftiren bilim insanlar\u0131n\u0131n son d\u00f6nem incelemeleri \u0131\u015f\u0131\u011f\u0131nda ula\u015ft\u0131klar\u0131 yeni buluntular ve sonu\u00e7lar\u0131 bilim d\u00fcnyas\u0131 ile payla\u015f\u0131lm\u0131\u015ft\u0131r. Kilikia Arkeolojisi. Yeni Buluntular ve Sonu\u00e7lar ba\u015fl\u0131kl\u0131 bu kitap, V. Kilikia Arkeolojisi Sempozyumunda sunulan bildirilerin makalelerinden olu\u015fmaktad\u0131r.<\/p>\n","protected":false},"excerpt":{"rendered":"<p>Korakesion (Alanya)\u2019dan Aleksandria kat Isson\u2019a (\u0130skenderun) kadar uzanan geni\u015f co\u011frafya, antik d\u00f6nem co\u011frafyas\u0131 i\u00e7erisinde Kilikia B\u00f6lgesidir. Kilikia B\u00f6lgesi, Do\u011fu Akdeniz\u2019deki co\u011frafi konumu sayesinde ula\u015f\u0131lan stratejik \u00f6nemi,<span class=\"excerpt-hellip\"> [\u2026]<\/span><\/p>\n","protected":false},"featured_media":0,"template":"","meta":{"_monsterinsights_skip_tracking":false,"_monsterinsights_sitenote_active":false,"_monsterinsights_sitenote_note":"","_monsterinsights_sitenote_category":0},"product_brand":[],"product_cat":[52477,52478],"product_tag":[],"class_list":{"0":"post-759533","1":"product","2":"type-product","3":"status-publish","5":"product_cat-arastirma","6":"product_cat-arkeoloji","7":"pa_cilt-ciltsiz","8":"pa_tur-kitap","9":"pa_yayinevi-bilgin-kultur-sanat","10":"pa_yazar-kolektif","12":"first","13":"instock","14":"sale","15":"shipping-taxable","16":"purchasable","17":"product-type-simple"},"_links":{"self":[{"href":"https:\/\/roveyayinevi.com.tr\/index.php\/wp-json\/wp\/v2\/product\/759533","targetHints":{"allow":["GET"]}}],"collection":[{"href":"https:\/\/roveyayinevi.com.tr\/index.php\/wp-json\/wp\/v2\/product"}],"about":[{"href":"https:\/\/roveyayinevi.com.tr\/index.php\/wp-json\/wp\/v2\/types\/product"}],"wp:attachment":[{"href":"https:\/\/roveyayinevi.com.tr\/index.php\/wp-json\/wp\/v2\/media?parent=759533"}],"wp:term":[{"taxonomy":"product_brand","embeddable":true,"href":"https:\/\/roveyayinevi.com.tr\/index.php\/wp-json\/wp\/v2\/product_brand?post=759533"},{"taxonomy":"product_cat","embeddable":true,"href":"https:\/\/roveyayinevi.com.tr\/index.php\/wp-json\/wp\/v2\/product_cat?post=759533"},{"taxonomy":"product_tag","embeddable":true,"href":"https:\/\/roveyayinevi.com.tr\/index.php\/wp-json\/wp\/v2\/product_tag?post=759533"}],"curies":[{"name":"wp","href":"https:\/\/api.w.org\/{rel}","templated":true}]}}