{"id":759531,"date":"2025-08-28T08:37:42","date_gmt":"2025-08-28T05:37:42","guid":{"rendered":"https:\/\/roveyayinevi.com.tr\/index.php\/urun\/ihtiyaci-kadar-sev\/"},"modified":"2026-04-08T03:21:09","modified_gmt":"2026-04-08T00:21:09","slug":"ihtiyaci-kadar-sev","status":"publish","type":"product","link":"https:\/\/roveyayinevi.com.tr\/index.php\/urun\/ihtiyaci-kadar-sev\/","title":{"rendered":"\u0130htiyac\u0131 Kadar Sev"},"content":{"rendered":"<p>\u201cONCA SEVG\u0130YE RA\u011eMEN KALB\u0130 F\u0130L\u0130ZLENMEM\u0130\u015eSE TOPRA\u011eI SEN DE\u011e\u0130LS\u0130ND\u0130R.\u201d \u2013 CAH\u0130T ZAR\u0130FO\u011eLU   Bu kitap, alarm\u0131 kurulmu\u015f bir saat gibidir. Seni senden eksilten ili\u015fkilerin fark\u0131na varman, art\u0131k uyan\u0131p aynaya bakman ve ili\u015fkilerin bir zafer de\u011fil, s\u00fcre\u00e7 meselesi oldu\u011funu hat\u0131rlaman i\u00e7in \u00e7alacakt\u0131r.   Okudu\u011funda anlayacaks\u0131n ki hayat\u0131m\u0131za giren herkes yans\u0131mam\u0131zd\u0131r, kimi i\u00e7imizdeki iyiyi \u00e7\u0131kar\u0131r ortaya kimi karanl\u0131\u011f\u0131m\u0131zla y\u00fczle\u015ftirir. Kimi fazla olan\u0131 al\u0131p t\u00f6rp\u00fclemek kimi i\u00e7imizdeki bo\u015flu\u011fu doldurmak i\u00e7in gelir.   Her ili\u015fki kendimizle ya\u015fad\u0131\u011f\u0131m\u0131z bir kar\u015f\u0131la\u015fmad\u0131r. Su\u00e7lad\u0131\u011f\u0131m\u0131z, k\u0131r\u0131ld\u0131\u011f\u0131m\u0131z, k\u00fcst\u00fc\u011f\u00fcm\u00fcz, terk etti\u011fimiz ya da \u00e7aresizce tutundu\u011fumuz ki\u015fi \u00e7o\u011fu zaman o de\u011fildir, i\u00e7imizdeki biridir&#8230; <\/p>\n","protected":false},"excerpt":{"rendered":"<p>\u201cONCA SEVG\u0130YE RA\u011eMEN KALB\u0130 F\u0130L\u0130ZLENMEM\u0130\u015eSE TOPRA\u011eI SEN DE\u011e\u0130LS\u0130ND\u0130R.\u201d \u2013 CAH\u0130T ZAR\u0130FO\u011eLU Bu kitap, alarm\u0131 kurulmu\u015f bir saat gibidir. Seni senden eksilten ili\u015fkilerin fark\u0131na varman, art\u0131k uyan\u0131p<span class=\"excerpt-hellip\"> [\u2026]<\/span><\/p>\n","protected":false},"featured_media":0,"template":"","meta":{"_monsterinsights_skip_tracking":false,"_monsterinsights_sitenote_active":false,"_monsterinsights_sitenote_note":"","_monsterinsights_sitenote_category":0},"product_brand":[],"product_cat":[12364,12376],"product_tag":[],"class_list":{"0":"post-759531","1":"product","2":"type-product","3":"status-publish","5":"product_cat-genel-konular","6":"product_cat-kisisel-gelisim","7":"pa_cilt-ciltsiz","8":"pa_tur-kitap","9":"pa_yayinevi-destek-yayinlari","10":"pa_yazar-hasim-volkan","12":"first","13":"instock","14":"sale","15":"shipping-taxable","16":"purchasable","17":"product-type-simple"},"_links":{"self":[{"href":"https:\/\/roveyayinevi.com.tr\/index.php\/wp-json\/wp\/v2\/product\/759531","targetHints":{"allow":["GET"]}}],"collection":[{"href":"https:\/\/roveyayinevi.com.tr\/index.php\/wp-json\/wp\/v2\/product"}],"about":[{"href":"https:\/\/roveyayinevi.com.tr\/index.php\/wp-json\/wp\/v2\/types\/product"}],"wp:attachment":[{"href":"https:\/\/roveyayinevi.com.tr\/index.php\/wp-json\/wp\/v2\/media?parent=759531"}],"wp:term":[{"taxonomy":"product_brand","embeddable":true,"href":"https:\/\/roveyayinevi.com.tr\/index.php\/wp-json\/wp\/v2\/product_brand?post=759531"},{"taxonomy":"product_cat","embeddable":true,"href":"https:\/\/roveyayinevi.com.tr\/index.php\/wp-json\/wp\/v2\/product_cat?post=759531"},{"taxonomy":"product_tag","embeddable":true,"href":"https:\/\/roveyayinevi.com.tr\/index.php\/wp-json\/wp\/v2\/product_tag?post=759531"}],"curies":[{"name":"wp","href":"https:\/\/api.w.org\/{rel}","templated":true}]}}