{"id":759530,"date":"2025-08-28T08:37:40","date_gmt":"2025-08-28T05:37:40","guid":{"rendered":"https:\/\/roveyayinevi.com.tr\/index.php\/urun\/cilgin-yemek-kamyonu-3\/"},"modified":"2026-04-16T03:12:34","modified_gmt":"2026-04-16T00:12:34","slug":"cilgin-yemek-kamyonu-3","status":"publish","type":"product","link":"https:\/\/roveyayinevi.com.tr\/index.php\/urun\/cilgin-yemek-kamyonu-3\/","title":{"rendered":"\u00c7\u0131lg\u0131n Yemek Kamyonu 3"},"content":{"rendered":"<p>GORDON, ESK\u0130 ASTLARINDAN KYLE, DYLAN VE AR\u0130SA\u2019NIN KIZ KARDE\u015e\u0130 MYNA\u2019YLA B\u0130RL\u0130KTE KA\u00c7IRILAN AR\u0130SA\u2019YI KURTARMAK \u0130\u00c7\u0130N HAREKETE GE\u00c7ER.AR\u0130SA\u2019NIN V\u00dcCUDUNDAK\u0130 ANOMAL\u0130LER Y\u00dcZ\u00dcNDEN \u0130\u015eLER KARI\u015eMAKTADIR. \u00d6ZG\u00dcRL\u00dcK TUTKUSUNUN YANI SIRA \u015e\u0130DDET VE OBURLU\u011eUN YOL H\u0130K\u00c2YES\u0130 SON C\u0130LD\u0130YLE KAR\u015eINIZDA! <\/p>\n","protected":false},"excerpt":{"rendered":"<p>GORDON, ESK\u0130 ASTLARINDAN KYLE, DYLAN VE AR\u0130SA\u2019NIN KIZ KARDE\u015e\u0130 MYNA\u2019YLA B\u0130RL\u0130KTE KA\u00c7IRILAN AR\u0130SA\u2019YI KURTARMAK \u0130\u00c7\u0130N HAREKETE GE\u00c7ER.AR\u0130SA\u2019NIN V\u00dcCUDUNDAK\u0130 ANOMAL\u0130LER Y\u00dcZ\u00dcNDEN \u0130\u015eLER KARI\u015eMAKTADIR. \u00d6ZG\u00dcRL\u00dcK TUTKUSUNUN YANI SIRA<span class=\"excerpt-hellip\"> [\u2026]<\/span><\/p>\n","protected":false},"featured_media":0,"template":"","meta":{"_monsterinsights_skip_tracking":false,"_monsterinsights_sitenote_active":false,"_monsterinsights_sitenote_note":"","_monsterinsights_sitenote_category":0},"product_brand":[],"product_cat":[12416,12291],"product_tag":[],"class_list":{"0":"post-759530","1":"product","2":"type-product","3":"status-publish","5":"product_cat-cizgi-roman","6":"product_cat-edebiyat","7":"pa_cilt-ciltsiz","8":"pa_tur-kitap","9":"pa_yayinevi-athica-yayinlari","10":"pa_yazar-rokurou-ogaki","12":"first","13":"instock","14":"sale","15":"shipping-taxable","16":"purchasable","17":"product-type-simple"},"_links":{"self":[{"href":"https:\/\/roveyayinevi.com.tr\/index.php\/wp-json\/wp\/v2\/product\/759530","targetHints":{"allow":["GET"]}}],"collection":[{"href":"https:\/\/roveyayinevi.com.tr\/index.php\/wp-json\/wp\/v2\/product"}],"about":[{"href":"https:\/\/roveyayinevi.com.tr\/index.php\/wp-json\/wp\/v2\/types\/product"}],"wp:attachment":[{"href":"https:\/\/roveyayinevi.com.tr\/index.php\/wp-json\/wp\/v2\/media?parent=759530"}],"wp:term":[{"taxonomy":"product_brand","embeddable":true,"href":"https:\/\/roveyayinevi.com.tr\/index.php\/wp-json\/wp\/v2\/product_brand?post=759530"},{"taxonomy":"product_cat","embeddable":true,"href":"https:\/\/roveyayinevi.com.tr\/index.php\/wp-json\/wp\/v2\/product_cat?post=759530"},{"taxonomy":"product_tag","embeddable":true,"href":"https:\/\/roveyayinevi.com.tr\/index.php\/wp-json\/wp\/v2\/product_tag?post=759530"}],"curies":[{"name":"wp","href":"https:\/\/api.w.org\/{rel}","templated":true}]}}