{"id":759528,"date":"2025-08-28T08:37:36","date_gmt":"2025-08-28T05:37:36","guid":{"rendered":"https:\/\/roveyayinevi.com.tr\/index.php\/urun\/gelin-kaynana-devrimi\/"},"modified":"2026-04-05T03:15:01","modified_gmt":"2026-04-05T00:15:01","slug":"gelin-kaynana-devrimi","status":"publish","type":"product","link":"https:\/\/roveyayinevi.com.tr\/index.php\/urun\/gelin-kaynana-devrimi\/","title":{"rendered":"Gelin Kaynana Devrimi"},"content":{"rendered":"<p>Birbirinin yerini doldurmalar\u0131 m\u00fcmk\u00fcn olmayan bu iki kad\u0131n\u0131n aras\u0131ndaki rekabeti, onlardan ba\u015fka hangi ak\u0131l fikir sahibi \u00e7\u00f6zebilir?   \u0130ki g\u00fc\u00e7l\u00fc kad\u0131n aras\u0131ndaki m\u00fccadelede, egolar\u0131n ve k\u0131skan\u00e7l\u0131klar\u0131n varl\u0131\u011f\u0131 ka\u00e7\u0131n\u0131lmaz de\u011fil mi? Elbette. Ortada payla\u015f\u0131lamayan bir erkek var. Biz bu kitab\u0131n yazarlar\u0131 gelin-kay\u0131nvalide olarak, iki iddia sahibi kad\u0131nd\u0131k. Farkl\u0131l\u0131klar\u0131m\u0131z bizi birbirimizden uzakla\u015ft\u0131r\u0131yordu. Bir kriz sonras\u0131nda durup d\u00fc\u015f\u00fcnme vakti geldi\u011fini anlad\u0131k.   Rekabeti bir kenara b\u0131rak\u0131p g\u00fc\u00e7 birli\u011fi yapmaktan ba\u015fka bir \u00e7\u0131k\u0131\u015f yolumuz kalmam\u0131\u015ft\u0131. Beraber \u00e7\u00f6z\u00fcm \u00fcretebildi\u011fimizi fark etti\u011fimizde, karanl\u0131k noktalar\u0131n ayd\u0131nl\u0131\u011fa yer a\u00e7t\u0131\u011f\u0131n\u0131 g\u00f6rmeye ba\u015flad\u0131k. Binlerce y\u0131ld\u0131r s\u00fcren sava\u015f, bizim ailemizde sona ermi\u015fti. Ancak problemlerimiz bitmedi. Sadece her konuda uzla\u015famayaca\u011f\u0131m\u0131z konusunda bir uzla\u015fma sa\u011flad\u0131k.   Hatta daha \u00f6tesine gittik. Gelin-Kay\u0131nvalide Aile Dan\u0131\u015fman\u0131 olarak beraber \u00e7al\u0131\u015fmaya, seminerler vermeye ba\u015flad\u0131k. Art\u0131k eski \u00e7at\u0131\u015fmac\u0131lar, kalpler aras\u0131nda yeni k\u00f6pr\u00fcleri in\u015fa eder oldu. Elinizde tuttu\u011funuz kitap, bir zamanlar sorun olarak g\u00f6r\u00fclen her \u015feyin, \u00e7\u00f6z\u00fcme g\u00f6t\u00fcren kanatlara nas\u0131l d\u00f6n\u00fc\u015ft\u00fc\u011f\u00fcn\u00fc anlat\u0131yor. \u0130yi bak\u0131n&#8230; <\/p>\n","protected":false},"excerpt":{"rendered":"<p>Birbirinin yerini doldurmalar\u0131 m\u00fcmk\u00fcn olmayan bu iki kad\u0131n\u0131n aras\u0131ndaki rekabeti, onlardan ba\u015fka hangi ak\u0131l fikir sahibi \u00e7\u00f6zebilir? \u0130ki g\u00fc\u00e7l\u00fc kad\u0131n aras\u0131ndaki m\u00fccadelede, egolar\u0131n ve k\u0131skan\u00e7l\u0131klar\u0131n varl\u0131\u011f\u0131<span class=\"excerpt-hellip\"> [\u2026]<\/span><\/p>\n","protected":false},"featured_media":0,"template":"","meta":{"_monsterinsights_skip_tracking":false,"_monsterinsights_sitenote_active":false,"_monsterinsights_sitenote_note":"","_monsterinsights_sitenote_category":0},"product_brand":[],"product_cat":[12364,12376],"product_tag":[],"class_list":{"0":"post-759528","1":"product","2":"type-product","3":"status-publish","5":"product_cat-genel-konular","6":"product_cat-kisisel-gelisim","7":"pa_cilt-ciltsiz","8":"pa_tur-kitap","9":"pa_yayinevi-destek-yayinlari","10":"pa_yazar-fazilet-ozer-seymanur-ozer","12":"first","13":"instock","14":"sale","15":"shipping-taxable","16":"purchasable","17":"product-type-simple"},"_links":{"self":[{"href":"https:\/\/roveyayinevi.com.tr\/index.php\/wp-json\/wp\/v2\/product\/759528","targetHints":{"allow":["GET"]}}],"collection":[{"href":"https:\/\/roveyayinevi.com.tr\/index.php\/wp-json\/wp\/v2\/product"}],"about":[{"href":"https:\/\/roveyayinevi.com.tr\/index.php\/wp-json\/wp\/v2\/types\/product"}],"wp:attachment":[{"href":"https:\/\/roveyayinevi.com.tr\/index.php\/wp-json\/wp\/v2\/media?parent=759528"}],"wp:term":[{"taxonomy":"product_brand","embeddable":true,"href":"https:\/\/roveyayinevi.com.tr\/index.php\/wp-json\/wp\/v2\/product_brand?post=759528"},{"taxonomy":"product_cat","embeddable":true,"href":"https:\/\/roveyayinevi.com.tr\/index.php\/wp-json\/wp\/v2\/product_cat?post=759528"},{"taxonomy":"product_tag","embeddable":true,"href":"https:\/\/roveyayinevi.com.tr\/index.php\/wp-json\/wp\/v2\/product_tag?post=759528"}],"curies":[{"name":"wp","href":"https:\/\/api.w.org\/{rel}","templated":true}]}}