{"id":759524,"date":"2025-08-28T08:37:28","date_gmt":"2025-08-28T05:37:28","guid":{"rendered":"https:\/\/roveyayinevi.com.tr\/index.php\/urun\/tadimlik-bahar24\/"},"modified":"2026-04-16T03:12:34","modified_gmt":"2026-04-16T00:12:34","slug":"tadimlik-bahar24","status":"publish","type":"product","link":"https:\/\/roveyayinevi.com.tr\/index.php\/urun\/tadimlik-bahar24\/","title":{"rendered":"Tad\u0131ml\u0131k! bahar\u201924"},"content":{"rendered":"<p>Edebiyat\u0131n u\u00e7suz bucaks\u0131z ummanlar\u0131nda, ince elenip s\u0131k dokunarak yap\u0131lm\u0131\u015f bir se\u00e7ki gemisinde yol almak isteyen yolcular\u0131n\u0131 bekleyen bir kitap, \u00abTad\u0131mLIK! bahar\u201924\u00bb . Karacao\u011flan\u2019dan , K\u00f6ro\u011flu ve Dadalo\u011flu\u2019na, Pir Sultan Abdal\u2019dan, Yunus Emre\u2019ye uzan\u0131rken, Montaigne\u2019e ve Kafka\u2019ya da selam veriyor.  Orhan Veli, Sabahattin Ali, Hakan Karc\u0131, Ahmet Ha\u015fim ve \u00d6mer Seyfettin\u2019den se\u00e7ilen \u015fiir, deneme ve hikayelerin yer buldu\u011fu bu se\u00e7ki kitab\u0131nda, Mehmet Akif, Tevfik Fikret, Nam\u0131k Kemal, Ziya Pa\u015fa, \u00d6mer Hayyam, Abd\u00fclhak Hamit Tarhan ve Sami Pa\u015fazade Sezai\u2019den de eserler var.  Bilge Ka\u011fan Karc\u0131\u2019n\u0131n denemeleri, Ay\u015feg\u00fcl Topa\u00e7\u2019\u0131n \u015fiiri, Necla Otlu\u2019nun hikayesi, Sibel Unur \u00d6zdemir\u2019in denemeleri ve \u015fiiri, M\u00fcyesser Do\u011fan\u2019\u0131n \u015fiirlerinin de okuyucularla bulu\u015faca\u011f\u0131 \u00abTad\u0131mLIK! bahar\u201924\u00bb , ilk sayfas\u0131ndan son sayfas\u0131na kadar tam bir edebiyat \u00e7e\u015fnisi.  Victor Hugo\u2019nun \u015fiir dilimize uyarlanm\u0131\u015f bir \u015fiiri, Platon ve Sokrates\u2019ten  k\u00fc\u00e7\u00fck birer dokunu\u015f ve Vincent van Gogh\u2019un e\u015fsiz bahar tablolar\u0131 da kitab\u0131n s\u00fcrprizi. Bu haliyle, bir ilk kitap olarak okuyucu ile bulu\u015fan \u00abTad\u0131mLIK! bahar\u201924\u00bb se\u00e7kisi,  edebiyatseverler i\u00e7in, bulunmaz bir ba\u015fucu kitab\u0131.  \u201cTad\u0131mLIK!bahar\u201924\u201d, \u00f6zenli se\u00e7kilerle dolu, harika i\u00e7eri\u011fi ile bize ger\u00e7ek bir seyahat vaat ediyor, yaz\u0131n d\u00fcnyas\u0131n\u0131n s\u00fcrprizlerle dolu dehlizlerinde, emsalsiz bir yolculuk ayn\u0131 zamanda. Edit\u00f6rl\u00fc\u011f\u00fcn\u00fc, K\u00fclt\u00fcr ve Turizm Bakanl\u0131\u011f\u0131 Halk \u015eairi ve yay\u0131nevimiz yazar\u0131 Hakan Karc\u0131\u2019n\u0131n yapt\u0131\u011f\u0131, \u201cTad\u0131mLIK!bahar\u201924\u201d se\u00e7kisi, periyodik olarak yay\u0131nlamay\u0131 d\u00fc\u015f\u00fcnd\u00fc\u011f\u00fcm\u00fcz bir seri kitap fikrinin de ilki. Yay\u0131nevimiz, okuyucular\u0131 ile birlikte,\u201cdo\u011fru rota ile yeni ufuklara\u201d yol almaya, bu dopdolu kitab\u0131yla devam ediyor. <\/p>\n","protected":false},"excerpt":{"rendered":"<p>Edebiyat\u0131n u\u00e7suz bucaks\u0131z ummanlar\u0131nda, ince elenip s\u0131k dokunarak yap\u0131lm\u0131\u015f bir se\u00e7ki gemisinde yol almak isteyen yolcular\u0131n\u0131 bekleyen bir kitap, \u00abTad\u0131mLIK! bahar\u201924\u00bb . Karacao\u011flan\u2019dan , K\u00f6ro\u011flu ve<span class=\"excerpt-hellip\"> [\u2026]<\/span><\/p>\n","protected":false},"featured_media":0,"template":"","meta":{"_monsterinsights_skip_tracking":false,"_monsterinsights_sitenote_active":false,"_monsterinsights_sitenote_note":"","_monsterinsights_sitenote_category":0},"product_brand":[],"product_cat":[14060,12291],"product_tag":[],"class_list":{"0":"post-759524","1":"product","2":"type-product","3":"status-publish","5":"product_cat-antoloji","6":"product_cat-edebiyat","7":"pa_cilt-ciltsiz","8":"pa_tur-kitap","9":"pa_yayinevi-kaptan-kitap","10":"pa_yazar-kolektif","12":"first","13":"instock","14":"sale","15":"shipping-taxable","16":"purchasable","17":"product-type-simple"},"_links":{"self":[{"href":"https:\/\/roveyayinevi.com.tr\/index.php\/wp-json\/wp\/v2\/product\/759524","targetHints":{"allow":["GET"]}}],"collection":[{"href":"https:\/\/roveyayinevi.com.tr\/index.php\/wp-json\/wp\/v2\/product"}],"about":[{"href":"https:\/\/roveyayinevi.com.tr\/index.php\/wp-json\/wp\/v2\/types\/product"}],"wp:attachment":[{"href":"https:\/\/roveyayinevi.com.tr\/index.php\/wp-json\/wp\/v2\/media?parent=759524"}],"wp:term":[{"taxonomy":"product_brand","embeddable":true,"href":"https:\/\/roveyayinevi.com.tr\/index.php\/wp-json\/wp\/v2\/product_brand?post=759524"},{"taxonomy":"product_cat","embeddable":true,"href":"https:\/\/roveyayinevi.com.tr\/index.php\/wp-json\/wp\/v2\/product_cat?post=759524"},{"taxonomy":"product_tag","embeddable":true,"href":"https:\/\/roveyayinevi.com.tr\/index.php\/wp-json\/wp\/v2\/product_tag?post=759524"}],"curies":[{"name":"wp","href":"https:\/\/api.w.org\/{rel}","templated":true}]}}