{"id":759523,"date":"2025-08-28T08:37:27","date_gmt":"2025-08-28T05:37:27","guid":{"rendered":"https:\/\/roveyayinevi.com.tr\/index.php\/urun\/erken-kirilan-yumurta\/"},"modified":"2026-04-16T03:12:34","modified_gmt":"2026-04-16T00:12:34","slug":"erken-kirilan-yumurta","status":"publish","type":"product","link":"https:\/\/roveyayinevi.com.tr\/index.php\/urun\/erken-kirilan-yumurta\/","title":{"rendered":"Erken K\u0131r\u0131lan Yumurta"},"content":{"rendered":"<p>\u201c15 Temmuz \u00f6ncesindeki hafta \u2018cemaat\u2019 i\u00e7erisinde evvelinde olmad\u0131\u011f\u0131 kadar b\u00fcy\u00fck bir gerilim vard\u0131. D\u00fcnya \u00e7ap\u0131nda \u2018Hacet namaz\u0131\u2019 seferberli\u011fi ilan edilmi\u015f, ortak dua edilmesi emredilmi\u015fti. Hz. Peygamber Ankara\u2019y\u0131 te\u015frif etmi\u015f, Hz Hamza \u0130slam ordusuyla Ankara ovas\u0131na gelmi\u015fti, Hz. Ali de z\u00fclfik\u00e2r\u0131yla oradayd\u0131. Bu \u015fekilde \u2018cemaat taban\u0131\u2019 psikolojik olarak darbeye haz\u0131r hale getirilmi\u015fti.\u201d Ahmet D\u00f6nmez (Fetullah\u00e7\u0131 \u00f6rg\u00fct \u00fcyesi olmaktan firari gazeteci)   * Akar\u2019dan G\u00fclen\u2019e g\u00f6nderildi\u011fi iddia edilen mektupta neler yaz\u0131yordu? * G\u00fclen\u2019e g\u00f6nderilen Orgeneral \u00fcniformas\u0131 kime aitti? * 15 Temmuz\u2019da Ak\u0131nc\u0131lar\u2019dan Face-Time \u00fczerinden G\u00fclen ile kim g\u00f6r\u00fc\u015ft\u00fc? * \u00d6calan, \u0130mral\u0131\u2019da Demirta\u015f\u2019a G\u00fclen ile ilgili ne dedi? * Bir er, bir komando tugay\u0131n\u0131n darbeye kalk\u0131\u015fmas\u0131n\u0131 nas\u0131l \u00f6nledi? * Aksakall\u0131 Pa\u015fa o gece kimler i\u00e7in vur emri verdi? * Mahrem yap\u0131n\u0131n beyni Mustafa \u00d6zcan, 15 Temmuz gecesi kimi arad\u0131, ne dedi? * TSK\u2019daki FET\u00d6 yap\u0131lanmas\u0131n\u0131 anlatan subaya d\u00f6nemin Genelkurmay Ba\u015fkan\u0131 Hilmi \u00d6zk\u00f6k ne dedi?   Daha \u00f6nce yay\u0131mlanan kitaplar\u0131nda FET\u00d6 tehlikesinin hangi boyutta oldu\u011funu, &#8220;15 Temmuz 2016 Kalk\u0131\u015fmas\u0131&#8221;ndan \u00e7ok \u00f6nce kamuoyu ile payla\u015fan Mustafa \u00d6nsel, Erken K\u0131r\u0131lan Yumurta &#8211; A\u015fil&#8217;in Topu\u011fu adl\u0131 kitab\u0131nda, &#8220;O Gece&#8221;yi ve sonras\u0131n\u0131 anlat\u0131yor.    <\/p>\n","protected":false},"excerpt":{"rendered":"<p>\u201c15 Temmuz \u00f6ncesindeki hafta \u2018cemaat\u2019 i\u00e7erisinde evvelinde olmad\u0131\u011f\u0131 kadar b\u00fcy\u00fck bir gerilim vard\u0131. D\u00fcnya \u00e7ap\u0131nda \u2018Hacet namaz\u0131\u2019 seferberli\u011fi ilan edilmi\u015f, ortak dua edilmesi emredilmi\u015fti. Hz. Peygamber<span class=\"excerpt-hellip\"> [\u2026]<\/span><\/p>\n","protected":false},"featured_media":0,"template":"","meta":{"_monsterinsights_skip_tracking":false,"_monsterinsights_sitenote_active":false,"_monsterinsights_sitenote_note":"","_monsterinsights_sitenote_category":0},"product_brand":[],"product_cat":[12337,14543],"product_tag":[],"class_list":{"0":"post-759523","1":"product","2":"type-product","3":"status-publish","5":"product_cat-politika-siyaset","6":"product_cat-turkiye-siyaseti-ve-politikasi","7":"pa_cilt-ciltsiz","8":"pa_tur-kitap","9":"pa_yayinevi-kirmizi-kedi-yayinevi","10":"pa_yazar-mustafa-onsel","12":"first","13":"instock","14":"sale","15":"shipping-taxable","16":"purchasable","17":"product-type-simple"},"_links":{"self":[{"href":"https:\/\/roveyayinevi.com.tr\/index.php\/wp-json\/wp\/v2\/product\/759523","targetHints":{"allow":["GET"]}}],"collection":[{"href":"https:\/\/roveyayinevi.com.tr\/index.php\/wp-json\/wp\/v2\/product"}],"about":[{"href":"https:\/\/roveyayinevi.com.tr\/index.php\/wp-json\/wp\/v2\/types\/product"}],"wp:attachment":[{"href":"https:\/\/roveyayinevi.com.tr\/index.php\/wp-json\/wp\/v2\/media?parent=759523"}],"wp:term":[{"taxonomy":"product_brand","embeddable":true,"href":"https:\/\/roveyayinevi.com.tr\/index.php\/wp-json\/wp\/v2\/product_brand?post=759523"},{"taxonomy":"product_cat","embeddable":true,"href":"https:\/\/roveyayinevi.com.tr\/index.php\/wp-json\/wp\/v2\/product_cat?post=759523"},{"taxonomy":"product_tag","embeddable":true,"href":"https:\/\/roveyayinevi.com.tr\/index.php\/wp-json\/wp\/v2\/product_tag?post=759523"}],"curies":[{"name":"wp","href":"https:\/\/api.w.org\/{rel}","templated":true}]}}