{"id":759522,"date":"2025-08-28T08:37:26","date_gmt":"2025-08-28T05:37:26","guid":{"rendered":"https:\/\/roveyayinevi.com.tr\/index.php\/urun\/ataturk-anlatiyor-biz-turk-milliyetcisiyiz\/"},"modified":"2026-04-16T03:12:34","modified_gmt":"2026-04-16T00:12:34","slug":"ataturk-anlatiyor-biz-turk-milliyetcisiyiz","status":"publish","type":"product","link":"https:\/\/roveyayinevi.com.tr\/index.php\/urun\/ataturk-anlatiyor-biz-turk-milliyetcisiyiz\/","title":{"rendered":"Atat\u00fcrk Anlat\u0131yor &#8211; Biz T\u00fcrk Milliyet\u00e7isiyiz"},"content":{"rendered":"<p>Anayasa\u2019n\u0131n 2. maddesinde Cumhuriyetin nitelikleri \u015f\u00f6yle tan\u0131mlanmaktad\u0131r: T\u00fcrkiye Cumhuriyeti, toplumun huzuru, milli dayan\u0131\u015fma ve adalet anlay\u0131\u015f\u0131 i\u00e7inde, insan haklar\u0131na sayg\u0131l\u0131, Atat\u00fcrk milliyet\u00e7ili\u011fine ba\u011fl\u0131, ba\u015flang\u0131\u00e7ta belirtilen temel ilkelere dayanan demokratik, laik ve sosyal bir hukuk devletidir. Bu kitab\u0131n amac\u0131, T\u00fcrkiye Cumhuriyeti\u2019nin \u201cba\u011fl\u0131\u201d oldu\u011fu \u201cAtat\u00fcrk milliyet\u00e7ili\u011fi\u201dnin, daha do\u011fru bir tercihle Atat\u00fcrk\u2019\u00fcn kendi ifadesi ile \u201cT\u00fcrk milliyet\u00e7ili\u011fi\u201dnin ne oldu\u011funu anla\u015f\u0131l\u0131r bir \u015fekilde ortaya koymakt\u0131r. O, T\u00fcrk milliyet\u00e7ili\u011fini \u015f\u00f6yle tan\u0131mlam\u0131\u015ft\u0131: \u201cT\u00fcrk milliyet\u00e7ili\u011fi, ilerleme ve geli\u015fme yolunda ve uluslararas\u0131 temaslarda ve ili\u015fkilerde, b\u00fct\u00fcn \u00e7a\u011fda\u015f milletlere paralel ve onlarla dengeli bir \u015fekilde y\u00fcr\u00fcmekle beraber, T\u00fcrk toplumunun \u00f6zel karakterlerini ve ba\u015fl\u0131 ba\u015f\u0131na ba\u011f\u0131ms\u0131z kimli\u011fini korumakt\u0131r.\u201d <\/p>\n","protected":false},"excerpt":{"rendered":"<p>Anayasa\u2019n\u0131n 2. maddesinde Cumhuriyetin nitelikleri \u015f\u00f6yle tan\u0131mlanmaktad\u0131r: T\u00fcrkiye Cumhuriyeti, toplumun huzuru, milli dayan\u0131\u015fma ve adalet anlay\u0131\u015f\u0131 i\u00e7inde, insan haklar\u0131na sayg\u0131l\u0131, Atat\u00fcrk milliyet\u00e7ili\u011fine ba\u011fl\u0131, ba\u015flang\u0131\u00e7ta belirtilen temel<span class=\"excerpt-hellip\"> [\u2026]<\/span><\/p>\n","protected":false},"featured_media":0,"template":"","meta":{"_monsterinsights_skip_tracking":false,"_monsterinsights_sitenote_active":false,"_monsterinsights_sitenote_note":"","_monsterinsights_sitenote_category":0},"product_brand":[],"product_cat":[12370,12304],"product_tag":[],"class_list":{"0":"post-759522","1":"product","2":"type-product","3":"status-publish","5":"product_cat-arastirma-inceleme","6":"product_cat-tarih","7":"pa_cilt-ciltsiz","8":"pa_tur-kitap","9":"pa_yayinevi-kirmizi-kedi-yayinevi","10":"pa_yazar-ilker-basbug","12":"first","13":"instock","14":"sale","15":"shipping-taxable","16":"purchasable","17":"product-type-simple"},"_links":{"self":[{"href":"https:\/\/roveyayinevi.com.tr\/index.php\/wp-json\/wp\/v2\/product\/759522","targetHints":{"allow":["GET"]}}],"collection":[{"href":"https:\/\/roveyayinevi.com.tr\/index.php\/wp-json\/wp\/v2\/product"}],"about":[{"href":"https:\/\/roveyayinevi.com.tr\/index.php\/wp-json\/wp\/v2\/types\/product"}],"wp:attachment":[{"href":"https:\/\/roveyayinevi.com.tr\/index.php\/wp-json\/wp\/v2\/media?parent=759522"}],"wp:term":[{"taxonomy":"product_brand","embeddable":true,"href":"https:\/\/roveyayinevi.com.tr\/index.php\/wp-json\/wp\/v2\/product_brand?post=759522"},{"taxonomy":"product_cat","embeddable":true,"href":"https:\/\/roveyayinevi.com.tr\/index.php\/wp-json\/wp\/v2\/product_cat?post=759522"},{"taxonomy":"product_tag","embeddable":true,"href":"https:\/\/roveyayinevi.com.tr\/index.php\/wp-json\/wp\/v2\/product_tag?post=759522"}],"curies":[{"name":"wp","href":"https:\/\/api.w.org\/{rel}","templated":true}]}}