{"id":759516,"date":"2025-08-28T08:37:16","date_gmt":"2025-08-28T05:37:16","guid":{"rendered":"https:\/\/roveyayinevi.com.tr\/index.php\/urun\/yabanci-8\/"},"modified":"2026-04-16T03:12:34","modified_gmt":"2026-04-16T00:12:34","slug":"yabanci-8","status":"publish","type":"product","link":"https:\/\/roveyayinevi.com.tr\/index.php\/urun\/yabanci-8\/","title":{"rendered":"Yabanc\u0131"},"content":{"rendered":"<p>G\u00f6\u011fs\u00fcn\u00fczde bir b\u00f6cek var! (\u2026) G\u00f6rd\u00fcn\u00fcz m\u00fc? \u0130\u00e7 g\u00fcd\u00fclerinize ne kadar ba\u011fl\u0131s\u0131n\u0131z? G\u00f6r\u00fcnmez bir b\u00f6cektir o. Beyhude aran\u0131yorsunuz Bedia Han\u0131m. Ona Ego derler. Ego! (H\u0131r\u00e7\u0131n) \u201cBu ne k\u00fcstahl\u0131kt\u0131r \u00e7\u0131lg\u0131n k\u00f6rler! Sizin i\u00e7 g\u00fcd\u00fcn\u00fcz gurur; bu g\u00f6rmedi\u011finiz kaypak yollarda siz mi bize yol g\u00f6stereceksiniz?\u201d Yabanc\u0131, V\u00fcs\u2019at O. Bener\u2019in yazd\u0131\u011f\u0131 ilk oyun. Daktilodan \u00e7\u0131kt\u0131ktan tam yetmi\u015f \u00fc\u00e7 y\u0131l sonra okuruyla bulu\u015fmu\u015f bir \u201cilk\u201d kitap. Karde\u015fi Erhan Bener\u2019in hen\u00fcz on sekizindeyken 1948\u2019de yaz\u0131p a\u011fabeyine ithaf etti\u011fi ilk roman\u0131 Lo\u015f Ayna\u2019y\u0131 al\u0131p 1949\u2019da tiyatroya uyarlayan yirmi be\u015f ya\u015f\u0131ndaki V\u00fcs\u2019at O. Bener\u2019in daktilosundaki ilk t\u0131k\u0131rt\u0131lar. Dost\u2019tan bile \u00f6nce verilmi\u015f ilk i\u015faretler, \u00fcslupta sezilen ilk olmakl\u0131klar. Daha \u00f6nce Lo\u015f Ayna\u2019yla ayn\u0131 ciltte bast\u0131\u011f\u0131m\u0131z Yabanc\u0131\u2019y\u0131 ilk kez tek ba\u015f\u0131na yay\u0131mlamaktan ayr\u0131 bir mutluluk duyuyoruz. \u201cYabanc\u0131\u2019y\u0131 babam\u0131n ar\u015fivinde buldum. Amcam, 1949 tarihli bu ilk eserinden hi\u00e7 s\u00f6z etmemi\u015fti. Ola ki varl\u0131\u011f\u0131n\u0131 kendi bile unutmu\u015ftu. G\u00f6nl\u00fcnde yatan ger\u00e7ek aslan\u0131n tiyatro oldu\u011funu bildi\u011fim i\u00e7in, edebiyat yolculu\u011funa bir oyun yazarak ba\u015flad\u0131\u011f\u0131n\u0131 \u00f6\u011frenmek beni hi\u00e7 \u015fa\u015f\u0131rtmad\u0131 asl\u0131nda. Bu oyunu sonradan elden ge\u00e7irip yay\u0131mlamay\u0131 denemek yerine, acaba neden elindeki kopyalar\u0131 yok etmeyi ye\u011fledi? Kimbilir? Bunda, di\u011fer iki oyununun \u2013\u00f6d\u00fcl ald\u0131klar\u0131 halde\u2013 sa\u011fl\u0131\u011f\u0131nda sahnelenmemesinin yaratt\u0131\u011f\u0131 k\u00fcsk\u00fcnl\u00fc\u011f\u00fcn bir rol\u00fc olabilir mi dersiniz? Ya da olmamas\u0131 m\u00fcmk\u00fcn m\u00fc? Olmasa m\u0131yd\u0131?\u201d  \u2013Yi\u011fit Bener<\/p>\n","protected":false},"excerpt":{"rendered":"<p>G\u00f6\u011fs\u00fcn\u00fczde bir b\u00f6cek var! (\u2026) G\u00f6rd\u00fcn\u00fcz m\u00fc? \u0130\u00e7 g\u00fcd\u00fclerinize ne kadar ba\u011fl\u0131s\u0131n\u0131z? G\u00f6r\u00fcnmez bir b\u00f6cektir o. Beyhude aran\u0131yorsunuz Bedia Han\u0131m. Ona Ego derler. Ego! (H\u0131r\u00e7\u0131n) \u201cBu<span class=\"excerpt-hellip\"> [\u2026]<\/span><\/p>\n","protected":false},"featured_media":0,"template":"","meta":{"_monsterinsights_skip_tracking":false,"_monsterinsights_sitenote_active":false,"_monsterinsights_sitenote_note":"","_monsterinsights_sitenote_category":0},"product_brand":[],"product_cat":[12291,15566],"product_tag":[],"class_list":{"0":"post-759516","1":"product","2":"type-product","3":"status-publish","5":"product_cat-edebiyat","6":"product_cat-oyun","7":"pa_cilt-ciltsiz","8":"pa_tur-kitap","9":"pa_yayinevi-everest-yayinlari","10":"pa_yazar-vusat-o-bener","12":"first","13":"instock","14":"sale","15":"shipping-taxable","16":"purchasable","17":"product-type-simple"},"_links":{"self":[{"href":"https:\/\/roveyayinevi.com.tr\/index.php\/wp-json\/wp\/v2\/product\/759516","targetHints":{"allow":["GET"]}}],"collection":[{"href":"https:\/\/roveyayinevi.com.tr\/index.php\/wp-json\/wp\/v2\/product"}],"about":[{"href":"https:\/\/roveyayinevi.com.tr\/index.php\/wp-json\/wp\/v2\/types\/product"}],"wp:attachment":[{"href":"https:\/\/roveyayinevi.com.tr\/index.php\/wp-json\/wp\/v2\/media?parent=759516"}],"wp:term":[{"taxonomy":"product_brand","embeddable":true,"href":"https:\/\/roveyayinevi.com.tr\/index.php\/wp-json\/wp\/v2\/product_brand?post=759516"},{"taxonomy":"product_cat","embeddable":true,"href":"https:\/\/roveyayinevi.com.tr\/index.php\/wp-json\/wp\/v2\/product_cat?post=759516"},{"taxonomy":"product_tag","embeddable":true,"href":"https:\/\/roveyayinevi.com.tr\/index.php\/wp-json\/wp\/v2\/product_tag?post=759516"}],"curies":[{"name":"wp","href":"https:\/\/api.w.org\/{rel}","templated":true}]}}