{"id":759515,"date":"2025-08-28T08:37:13","date_gmt":"2025-08-28T05:37:13","guid":{"rendered":"https:\/\/roveyayinevi.com.tr\/index.php\/urun\/safaktan-cok-once\/"},"modified":"2025-10-01T21:56:18","modified_gmt":"2025-10-01T18:56:18","slug":"safaktan-cok-once","status":"publish","type":"product","link":"https:\/\/roveyayinevi.com.tr\/index.php\/urun\/safaktan-cok-once\/","title":{"rendered":"\u015eafaktan \u00c7ok \u00d6nce"},"content":{"rendered":"<p>Kelimeler, kelimeler ve onlar\u0131n \u015fah damar\u0131na basa basa kurulmu\u015f c\u00fcmleler. Tarihe nazar k\u0131ld\u0131k\u00e7a bug\u00fcne e\u011filen, bug\u00fcn\u00fcn suyundan insan \u0131rma\u011f\u0131na s\u00fcrprizli kanallar a\u00e7an bir g\u00f6zlem g\u00fcc\u00fc. Disiplin ile ya\u015fama tutkusu, askerlik ile edebiyat ve sonu\u00e7ta yaz\u0131 denilen deneyimin kanat \u00e7\u0131rpa \u00e7\u0131rpa hep insana y\u00fckseli\u015fi. \u015eafak kelimesinin dolay\u0131mlar\u0131nda benzersiz bir dil ve d\u00fc\u015f\u00fcnce tecr\u00fcbesi. <\/p>\n","protected":false},"excerpt":{"rendered":"<p>Kelimeler, kelimeler ve onlar\u0131n \u015fah damar\u0131na basa basa kurulmu\u015f c\u00fcmleler. Tarihe nazar k\u0131ld\u0131k\u00e7a bug\u00fcne e\u011filen, bug\u00fcn\u00fcn suyundan insan \u0131rma\u011f\u0131na s\u00fcrprizli kanallar a\u00e7an bir g\u00f6zlem g\u00fcc\u00fc. Disiplin<span class=\"excerpt-hellip\"> [\u2026]<\/span><\/p>\n","protected":false},"featured_media":0,"template":"","meta":{"_monsterinsights_skip_tracking":false,"_monsterinsights_sitenote_active":false,"_monsterinsights_sitenote_note":"","_monsterinsights_sitenote_category":0},"product_brand":[],"product_cat":[12777,12291],"product_tag":[],"class_list":{"0":"post-759515","1":"product","2":"type-product","3":"status-publish","5":"product_cat-deneme","6":"product_cat-edebiyat","7":"pa_cilt-ciltsiz","8":"pa_tur-kitap","9":"pa_yayinevi-kapi-yayinlari","10":"pa_yazar-selahattin-yusuf","12":"first","13":"instock","14":"sale","15":"shipping-taxable","16":"purchasable","17":"product-type-simple"},"_links":{"self":[{"href":"https:\/\/roveyayinevi.com.tr\/index.php\/wp-json\/wp\/v2\/product\/759515","targetHints":{"allow":["GET"]}}],"collection":[{"href":"https:\/\/roveyayinevi.com.tr\/index.php\/wp-json\/wp\/v2\/product"}],"about":[{"href":"https:\/\/roveyayinevi.com.tr\/index.php\/wp-json\/wp\/v2\/types\/product"}],"wp:attachment":[{"href":"https:\/\/roveyayinevi.com.tr\/index.php\/wp-json\/wp\/v2\/media?parent=759515"}],"wp:term":[{"taxonomy":"product_brand","embeddable":true,"href":"https:\/\/roveyayinevi.com.tr\/index.php\/wp-json\/wp\/v2\/product_brand?post=759515"},{"taxonomy":"product_cat","embeddable":true,"href":"https:\/\/roveyayinevi.com.tr\/index.php\/wp-json\/wp\/v2\/product_cat?post=759515"},{"taxonomy":"product_tag","embeddable":true,"href":"https:\/\/roveyayinevi.com.tr\/index.php\/wp-json\/wp\/v2\/product_tag?post=759515"}],"curies":[{"name":"wp","href":"https:\/\/api.w.org\/{rel}","templated":true}]}}