{"id":759514,"date":"2025-08-28T08:37:12","date_gmt":"2025-08-28T05:37:12","guid":{"rendered":"https:\/\/roveyayinevi.com.tr\/index.php\/urun\/biz-filistinliyiz\/"},"modified":"2026-04-16T03:12:34","modified_gmt":"2026-04-16T00:12:34","slug":"biz-filistinliyiz","status":"publish","type":"product","link":"https:\/\/roveyayinevi.com.tr\/index.php\/urun\/biz-filistinliyiz\/","title":{"rendered":"Biz Filistinliyiz"},"content":{"rendered":"<p>Filistin, d\u00fcnyan\u0131n en \u00e7ok konu\u015fulan \u00fclkelerinden biri. Say\u0131s\u0131z topluma ev sahibi olmu\u015f k\u00f6kl\u00fc tarihi, bereketli topraklar\u0131, vatanlar\u0131n\u0131 \u00e7ok seven halk\u0131 ve kutsal mabedimiz Mescidi Aksa\u2019yla hep g\u00fcndemimizde. Renkler, desenler, k\u00fclt\u00fcrel simgeler, m\u00fccadele, g\u00fcnl\u00fck hayat, \u00fcnl\u00fc lezzetler, \u015fairler, ressamlar, sanat\u00e7\u0131lar&#8230; Bu kitapta Filistin\u2019i, bize bir Filistinli anlat\u0131yor. Filistinli yazar Reem Kassis\u2019in nahif dili, Filistinli ressam Noha Eilouti\u2019nin muhte\u015fem renkleriyle gezimiz ba\u015fl\u0131yor. Kud\u00fcs sokaklar\u0131nda kol kola geziyor, Gazze\u2019de bal\u0131k tutuyor, zeytin a\u011fa\u00e7lar\u0131yla tan\u0131\u015f\u0131yoruz. Filistin hakk\u0131nda sa\u011flam bir bilgi temeli veren kitap, rahat okunan ilgi \u00e7ekici \u00fcslubuyla 9 ya\u015f ve \u00fczeri okurlara hitap ediyor. Biz Filistinliyiz, alan\u0131nda b\u00fcy\u00fck bir bo\u015flu\u011fu dolduruyor.<\/p>\n","protected":false},"excerpt":{"rendered":"<p>Filistin, d\u00fcnyan\u0131n en \u00e7ok konu\u015fulan \u00fclkelerinden biri. Say\u0131s\u0131z topluma ev sahibi olmu\u015f k\u00f6kl\u00fc tarihi, bereketli topraklar\u0131, vatanlar\u0131n\u0131 \u00e7ok seven halk\u0131 ve kutsal mabedimiz Mescidi Aksa\u2019yla hep<span class=\"excerpt-hellip\"> [\u2026]<\/span><\/p>\n","protected":false},"featured_media":0,"template":"","meta":{"_monsterinsights_skip_tracking":false,"_monsterinsights_sitenote_active":false,"_monsterinsights_sitenote_note":"","_monsterinsights_sitenote_category":0},"product_brand":[],"product_cat":[12274,12631],"product_tag":[],"class_list":{"0":"post-759514","1":"product","2":"type-product","3":"status-publish","5":"product_cat-cocuk-ve-genclik-kitaplari","6":"product_cat-diger-cocuk-ve-genclik-kitaplari","7":"pa_cilt-ciltsiz","8":"pa_tur-kitap","9":"pa_yayinevi-erdem-cocuk","10":"pa_yazar-reem-kassis","12":"first","13":"instock","14":"sale","15":"shipping-taxable","16":"purchasable","17":"product-type-simple"},"_links":{"self":[{"href":"https:\/\/roveyayinevi.com.tr\/index.php\/wp-json\/wp\/v2\/product\/759514","targetHints":{"allow":["GET"]}}],"collection":[{"href":"https:\/\/roveyayinevi.com.tr\/index.php\/wp-json\/wp\/v2\/product"}],"about":[{"href":"https:\/\/roveyayinevi.com.tr\/index.php\/wp-json\/wp\/v2\/types\/product"}],"wp:attachment":[{"href":"https:\/\/roveyayinevi.com.tr\/index.php\/wp-json\/wp\/v2\/media?parent=759514"}],"wp:term":[{"taxonomy":"product_brand","embeddable":true,"href":"https:\/\/roveyayinevi.com.tr\/index.php\/wp-json\/wp\/v2\/product_brand?post=759514"},{"taxonomy":"product_cat","embeddable":true,"href":"https:\/\/roveyayinevi.com.tr\/index.php\/wp-json\/wp\/v2\/product_cat?post=759514"},{"taxonomy":"product_tag","embeddable":true,"href":"https:\/\/roveyayinevi.com.tr\/index.php\/wp-json\/wp\/v2\/product_tag?post=759514"}],"curies":[{"name":"wp","href":"https:\/\/api.w.org\/{rel}","templated":true}]}}