{"id":759513,"date":"2025-08-28T08:37:10","date_gmt":"2025-08-28T05:37:10","guid":{"rendered":"https:\/\/roveyayinevi.com.tr\/index.php\/urun\/ejderhanin-gazabi-ciltli\/"},"modified":"2026-04-16T03:12:34","modified_gmt":"2026-04-16T00:12:34","slug":"ejderhanin-gazabi-ciltli","status":"publish","type":"product","link":"https:\/\/roveyayinevi.com.tr\/index.php\/urun\/ejderhanin-gazabi-ciltli\/","title":{"rendered":"Ejderhan\u0131n Gazab\u0131 (Ciltli)"},"content":{"rendered":"<p>O, bir ejderhayd\u0131. O, bir prensti. O, bir kad\u0131nd\u0131. B\u00fcy\u00fck sava\u015flar\u0131n, heyecan verici kararlar\u0131n sonuna gelen Lada, kazanmak i\u00e7in t\u00fcm varl\u0131\u011f\u0131n\u0131 ortaya koyacak&#8230; Kim ya\u015fayacak? Kim \u00f6lecek? Kim galip gelecek? TAHTTA HAK \u0130DD\u0130A ET. TACI TALEP ET. D\u00dcNYAYI Y\u00d6NET.<\/p>\n","protected":false},"excerpt":{"rendered":"<p>O, bir ejderhayd\u0131. O, bir prensti. O, bir kad\u0131nd\u0131. B\u00fcy\u00fck sava\u015flar\u0131n, heyecan verici kararlar\u0131n sonuna gelen Lada, kazanmak i\u00e7in t\u00fcm varl\u0131\u011f\u0131n\u0131 ortaya koyacak&#8230; Kim ya\u015fayacak? Kim<span class=\"excerpt-hellip\"> [\u2026]<\/span><\/p>\n","protected":false},"featured_media":0,"template":"","meta":{"_monsterinsights_skip_tracking":false,"_monsterinsights_sitenote_active":false,"_monsterinsights_sitenote_note":"","_monsterinsights_sitenote_category":0},"product_brand":[],"product_cat":[12291,14777],"product_tag":[],"class_list":{"0":"post-759513","1":"product","2":"type-product","3":"status-publish","5":"product_cat-edebiyat","6":"product_cat-fantastik","7":"pa_cilt-ciltli","8":"pa_tur-kitap","9":"pa_yayinevi-marti-yayinlari","10":"pa_yazar-kiersten-white","12":"first","13":"instock","14":"sale","15":"shipping-taxable","16":"purchasable","17":"product-type-simple"},"_links":{"self":[{"href":"https:\/\/roveyayinevi.com.tr\/index.php\/wp-json\/wp\/v2\/product\/759513","targetHints":{"allow":["GET"]}}],"collection":[{"href":"https:\/\/roveyayinevi.com.tr\/index.php\/wp-json\/wp\/v2\/product"}],"about":[{"href":"https:\/\/roveyayinevi.com.tr\/index.php\/wp-json\/wp\/v2\/types\/product"}],"wp:attachment":[{"href":"https:\/\/roveyayinevi.com.tr\/index.php\/wp-json\/wp\/v2\/media?parent=759513"}],"wp:term":[{"taxonomy":"product_brand","embeddable":true,"href":"https:\/\/roveyayinevi.com.tr\/index.php\/wp-json\/wp\/v2\/product_brand?post=759513"},{"taxonomy":"product_cat","embeddable":true,"href":"https:\/\/roveyayinevi.com.tr\/index.php\/wp-json\/wp\/v2\/product_cat?post=759513"},{"taxonomy":"product_tag","embeddable":true,"href":"https:\/\/roveyayinevi.com.tr\/index.php\/wp-json\/wp\/v2\/product_tag?post=759513"}],"curies":[{"name":"wp","href":"https:\/\/api.w.org\/{rel}","templated":true}]}}