{"id":759511,"date":"2025-08-28T08:37:05","date_gmt":"2025-08-28T05:37:05","guid":{"rendered":"https:\/\/roveyayinevi.com.tr\/index.php\/urun\/yeni-turk-edebiyatinda-ezan-siirleri\/"},"modified":"2026-04-16T03:12:34","modified_gmt":"2026-04-16T00:12:34","slug":"yeni-turk-edebiyatinda-ezan-siirleri","status":"publish","type":"product","link":"https:\/\/roveyayinevi.com.tr\/index.php\/urun\/yeni-turk-edebiyatinda-ezan-siirleri\/","title":{"rendered":"Yeni T\u00fcrk Edebiyat\u0131nda Ezan \u015eiirleri"},"content":{"rendered":"<p>Ezan, T\u00fcrk k\u00fclt\u00fcr\u00fcnde oldu\u011fu gibi  T\u00fcrk edebiyat\u0131nda da roman, hikaye, \u015fiir gibi pek \u00e7ok edebi t\u00fcre konu olmu\u015ftur.  Eski edebiyatta ezanla ilgili unsurlar sadece baz\u0131 beyitlere girebilmi\u015ftir. Ezan ancak dini duygular\u0131n zay\u0131flad\u0131\u011f\u0131, sorguland\u0131\u011f\u0131, edebiyat\u0131m\u0131z\u0131n Bat\u0131l\u0131la\u015fma s\u00fcrecinde \u00e7e\u015fitli yaz\u0131, roman ve \u015fiirlere konu olmu\u015ftur. Ezan bilhassa Tanzimat sonras\u0131 edebiyat\u0131m\u0131z\u0131n en \u00f6nemli ilham kaynaklar\u0131ndan biridir.  Ezan Bat\u0131l\u0131la\u015fma d\u00f6neminden sonra \u00e7e\u015fitli \u015fiir ve yaz\u0131lara konu te\u015fkil etmi\u015f, dini ve milli y\u00f6nleriyle i\u015flenmi\u015ftir. Ezan ayr\u0131ca g\u00fcn\u00fcn ba\u015flang\u0131c\u0131n\u0131 ve sona eri\u015fini anlatan tabiat tasvirlerinin i\u00e7inde \u00fcmit, \u00fcrperti, melal ve h\u00fcz\u00fcn gibi duygular\u0131n yo\u011funla\u015ft\u0131\u011f\u0131 \u015fiirlerde bir motif olarak ortaya \u00e7\u0131kmaktad\u0131r.  Bu \u00e7al\u0131\u015fmada Tanzimat Edebiyat\u0131&#8217;ndan g\u00fcn\u00fcm\u00fcze kadar yaz\u0131lan Ezan \u015fiirlerinden \u00f6rnekler ele al\u0131narak i\u015flenmi\u015f ve genel de\u011ferlendirmeler yap\u0131lm\u0131\u015ft\u0131r. <\/p>\n","protected":false},"excerpt":{"rendered":"<p>Ezan, T\u00fcrk k\u00fclt\u00fcr\u00fcnde oldu\u011fu gibi T\u00fcrk edebiyat\u0131nda da roman, hikaye, \u015fiir gibi pek \u00e7ok edebi t\u00fcre konu olmu\u015ftur. Eski edebiyatta ezanla ilgili unsurlar sadece baz\u0131 beyitlere<span class=\"excerpt-hellip\"> [\u2026]<\/span><\/p>\n","protected":false},"featured_media":0,"template":"","meta":{"_monsterinsights_skip_tracking":false,"_monsterinsights_sitenote_active":false,"_monsterinsights_sitenote_note":"","_monsterinsights_sitenote_category":0},"product_brand":[],"product_cat":[13072,12291],"product_tag":[],"class_list":{"0":"post-759511","1":"product","2":"type-product","3":"status-publish","5":"product_cat-arastirma-inceleme-referans","6":"product_cat-edebiyat","7":"pa_cilt-ciltsiz","8":"pa_tur-kitap","9":"pa_yayinevi-soncag-akademik-kitaplar","10":"pa_yazar-levent-bilgi","12":"first","13":"instock","14":"sale","15":"shipping-taxable","16":"purchasable","17":"product-type-simple"},"_links":{"self":[{"href":"https:\/\/roveyayinevi.com.tr\/index.php\/wp-json\/wp\/v2\/product\/759511","targetHints":{"allow":["GET"]}}],"collection":[{"href":"https:\/\/roveyayinevi.com.tr\/index.php\/wp-json\/wp\/v2\/product"}],"about":[{"href":"https:\/\/roveyayinevi.com.tr\/index.php\/wp-json\/wp\/v2\/types\/product"}],"wp:attachment":[{"href":"https:\/\/roveyayinevi.com.tr\/index.php\/wp-json\/wp\/v2\/media?parent=759511"}],"wp:term":[{"taxonomy":"product_brand","embeddable":true,"href":"https:\/\/roveyayinevi.com.tr\/index.php\/wp-json\/wp\/v2\/product_brand?post=759511"},{"taxonomy":"product_cat","embeddable":true,"href":"https:\/\/roveyayinevi.com.tr\/index.php\/wp-json\/wp\/v2\/product_cat?post=759511"},{"taxonomy":"product_tag","embeddable":true,"href":"https:\/\/roveyayinevi.com.tr\/index.php\/wp-json\/wp\/v2\/product_tag?post=759511"}],"curies":[{"name":"wp","href":"https:\/\/api.w.org\/{rel}","templated":true}]}}