{"id":759510,"date":"2025-08-28T08:37:04","date_gmt":"2025-08-28T05:37:04","guid":{"rendered":"https:\/\/roveyayinevi.com.tr\/index.php\/urun\/gabriel-tardein-mikrososyolojisi-uzerine\/"},"modified":"2026-04-16T03:12:34","modified_gmt":"2026-04-16T00:12:34","slug":"gabriel-tardein-mikrososyolojisi-uzerine","status":"publish","type":"product","link":"https:\/\/roveyayinevi.com.tr\/index.php\/urun\/gabriel-tardein-mikrososyolojisi-uzerine\/","title":{"rendered":"Gabriel Tarde\u2019\u0131n Mikrososyolojisi \u00dczerine"},"content":{"rendered":"<p>Durkheim kazand\u0131. B\u00f6yle demi\u015fti Deleuze. Hep b\u00f6yle olmad\u0131 m\u0131? T\u0131pk\u0131 felsefe gibi sosyoloji de \u201cdespotun g\u00f6lgesinde\u201d \u00e7al\u0131\u015fmad\u0131 m\u0131? Felsefede \u201cg\u00f6steren\u201d, sosyolojide ise \u201ctoplum\u201d&#8230; Birer kapma prati\u011fi\u2026 Felsefede Nietzsche, en b\u00fcy\u00fck sald\u0131r\u0131s\u0131n\u0131 yapm\u0131\u015ft\u0131 bu kapma prati\u011fine. \u0130\u00e7erinin, i\u00e7erdenle\u015ftirmenin prati\u011fine kar\u015f\u0131, d\u0131\u015far\u0131n\u0131n d\u00fc\u015f\u00fcncesinin politik prati\u011fi\u2026 \u0130\u015fte bizim i\u00e7in Tarde da benzer bir g\u00fcc\u00fc ifade ediyordu. Sosyolojiyi g\u00f6\u00e7ebele\u015ftirmek\u2026 Durkheimc\u0131 b\u00fct\u00fcn\u00fcn\u00fcn kar\u015f\u0131s\u0131na yeni bir kuvvet diyagram\u0131yla \u00e7\u0131k\u0131larak yap\u0131labilirdi bu ancak. Nietzsche\u2019nin despotun g\u00f6lgesini kovmak i\u00e7in bir kar\u015f\u0131-felsefeden, bir felsefe-olmayandan yola \u00e7\u0131kmas\u0131 gibi biz de Tarde\u2019\u0131 bir kar\u015f\u0131-sosyoloji olarak d\u00fc\u015f\u00fcnd\u00fck. Bir mikrososyoloji\u2026 Daha \u00f6nce de denenmi\u015fti. Bruno Latour denedi belki de bunu. Ama her nedense onu g\u00f6\u00e7ebele\u015ftirmek yerine edimsele\/akt\u00fcele ba\u011flad\u0131. Latour ile \u201cdespotun g\u00f6lgesi\u201d yine g\u00f6sterdi kendini. B\u00fct\u00fcn\u00fc a\u00e7arak, ili\u015fkileri \u00e7o\u011faltarak heterojenli\u011fi kurabilece\u011fini sand\u0131. Tarde ise ba\u015fka bir d\u00fcnyaya \u00e7a\u011f\u0131r\u0131yordu bizi. O y\u00fczden Tarde\u2019\u0131 Deleuze\u2019le birlikte okuduk. Art\u0131k heterojenlik, \u00e7e\u015fitlilik anlam\u0131na gelmedi\u011fi gibi farkl\u0131 nesnelerle \u00e7o\u011falt\u0131lan ili\u015fki anlam\u0131na da gelmiyordu. Heterojen, virt\u00fcel bir farklanma-farkl\u0131la\u015fma e\u015fi\u011fi olarak \u201c\u00fcretimden\/yarat\u0131mdan\u201d ba\u015fka bir \u015fey de\u011fildi. B\u00fct\u00fcn, d\u0131\u015far\u0131s\u0131yd\u0131. Bir az\u0131nl\u0131k-olu\u015ftu. Sosyolojiyi g\u00f6\u00e7ebele\u015ftirmek, onu d\u0131\u015far\u0131n\u0131n d\u00fc\u015f\u00fcncesi arac\u0131l\u0131\u011f\u0131yla \u00e7al\u0131\u015ft\u0131rmak demekti. Durkheim\u2019\u0131 politik olarak okudu\u011fumuz gibi Tarde\u2019\u0131 da politik olarak okuduk ve Tarde\u2019a \u201cotonom d\u00fc\u015f\u00fcnceyi\u201d a\u015f\u0131lad\u0131k. Bu topraklar\u0131n \u00e7ok iyi bildi\u011fi bir eylemdi bu. <\/p>\n","protected":false},"excerpt":{"rendered":"<p>Durkheim kazand\u0131. B\u00f6yle demi\u015fti Deleuze. Hep b\u00f6yle olmad\u0131 m\u0131? T\u0131pk\u0131 felsefe gibi sosyoloji de \u201cdespotun g\u00f6lgesinde\u201d \u00e7al\u0131\u015fmad\u0131 m\u0131? Felsefede \u201cg\u00f6steren\u201d, sosyolojide ise \u201ctoplum\u201d&#8230; Birer kapma prati\u011fi\u2026<span class=\"excerpt-hellip\"> [\u2026]<\/span><\/p>\n","protected":false},"featured_media":0,"template":"","meta":{"_monsterinsights_skip_tracking":false,"_monsterinsights_sitenote_active":false,"_monsterinsights_sitenote_note":"","_monsterinsights_sitenote_category":0},"product_brand":[],"product_cat":[12325,12324],"product_tag":[],"class_list":{"0":"post-759510","1":"product","2":"type-product","3":"status-publish","5":"product_cat-diger-sosyoloji","6":"product_cat-sosyoloji","7":"pa_cilt-ciltsiz","8":"pa_tur-kitap","9":"pa_yayinevi-nika-yayinevi","10":"pa_yazar-emre-ozcan","12":"first","13":"instock","14":"sale","15":"shipping-taxable","16":"purchasable","17":"product-type-simple"},"_links":{"self":[{"href":"https:\/\/roveyayinevi.com.tr\/index.php\/wp-json\/wp\/v2\/product\/759510","targetHints":{"allow":["GET"]}}],"collection":[{"href":"https:\/\/roveyayinevi.com.tr\/index.php\/wp-json\/wp\/v2\/product"}],"about":[{"href":"https:\/\/roveyayinevi.com.tr\/index.php\/wp-json\/wp\/v2\/types\/product"}],"wp:attachment":[{"href":"https:\/\/roveyayinevi.com.tr\/index.php\/wp-json\/wp\/v2\/media?parent=759510"}],"wp:term":[{"taxonomy":"product_brand","embeddable":true,"href":"https:\/\/roveyayinevi.com.tr\/index.php\/wp-json\/wp\/v2\/product_brand?post=759510"},{"taxonomy":"product_cat","embeddable":true,"href":"https:\/\/roveyayinevi.com.tr\/index.php\/wp-json\/wp\/v2\/product_cat?post=759510"},{"taxonomy":"product_tag","embeddable":true,"href":"https:\/\/roveyayinevi.com.tr\/index.php\/wp-json\/wp\/v2\/product_tag?post=759510"}],"curies":[{"name":"wp","href":"https:\/\/api.w.org\/{rel}","templated":true}]}}