{"id":759509,"date":"2025-08-28T08:37:02","date_gmt":"2025-08-28T05:37:02","guid":{"rendered":"https:\/\/roveyayinevi.com.tr\/index.php\/urun\/insan-nedir-5\/"},"modified":"2026-04-16T03:12:34","modified_gmt":"2026-04-16T00:12:34","slug":"insan-nedir-5","status":"publish","type":"product","link":"https:\/\/roveyayinevi.com.tr\/index.php\/urun\/insan-nedir-5\/","title":{"rendered":"\u0130nsan Nedir?"},"content":{"rendered":"<p>Kimiz ve neyiz biz? Bu sorunun cevab\u0131, diyor felsefeci William B. Irvine, kime sordu\u011funuza g\u00f6re de\u011fi\u015fir. Evrimsel biyologlara g\u00f6re Homo sapiens t\u00fcr\u00fcn\u00fcn bir \u00fcyesi, mikrobiyologlara g\u00f6re bir grup h\u00fccre, genetik\u00e7ilere g\u00f6re genlerin kontrol\u00fcnde olan bir organizma, fizik\u00e7ilere g\u00f6reyse her birinin ge\u00e7mi\u015fi \u00e7ok eskilere dayanan bir grup atomdur insan. Bu cevaplar\u0131n hi\u00e7biri tek ba\u015f\u0131na yeterli de\u011fildir, ama t\u0131pk\u0131 bir yapbozun par\u00e7alar\u0131 gibi, bir araya geldiklerinde anlaml\u0131 bir tablo ortaya \u00e7\u0131kar\u0131rlar.   Multidisipliner bir yakla\u015f\u0131m\u0131n \u00fcr\u00fcn\u00fc olan bu kitapta Irvine, insan\u0131 i\u00e7 i\u00e7e ge\u00e7mi\u015f \u00e7e\u015fitli kimlikleriyle ele alarak insan yapbozunun b\u00fct\u00fcnl\u00fckl\u00fc bir resmini ortaya koyuyor. Bunu yaparken de, yery\u00fcz\u00fcn\u00fcn devasa hayat a\u011fac\u0131ndaki ve evrenin ak\u0131l almaz \u00f6l\u00e7\u00fcde uzun tarihindeki m\u00fctevaz\u0131 yerimizi g\u00f6rmemizi sa\u011fl\u0131yor.   \u201cKim ve ne oldu\u011funuz, nas\u0131l var oldu\u011funuz konusunda daha fazla \u015fey \u00f6\u011frenince, d\u00fcnyaya bamba\u015fka bir g\u00f6zle bakmaya ba\u015flayaca\u011f\u0131n\u0131z\u0131 umuyorum. Varl\u0131\u011f\u0131n\u0131z\u0131n belki de tek bir kere olacak nice olay\u0131n ger\u00e7ekle\u015fmesiyle m\u00fcmk\u00fcn hale geldi\u011fini de fark edeceksiniz: Bunun i\u00e7in y\u0131ld\u0131zlar\u0131n patlamas\u0131, D\u00fcnya\u2019ya 4,5 milyar y\u0131l \u00f6nce bir gezegenin ve 66 milyon y\u0131l \u00f6nce bir asteroidin \u00e7arpmas\u0131, mikroplar\u0131n mikroplar\u0131 yutmas\u0131, Afrika savanas\u0131nda iklimin de\u011fi\u015fmesi ve elbette do\u011frudan atalar\u0131n\u0131z\u0131n kar\u015f\u0131la\u015f\u0131p \u00e7iftle\u015fmesi gerekti. Varl\u0131\u011f\u0131n\u0131n nas\u0131l da zorunsuz oldu\u011funu anlay\u0131nca, insan bu evrenin bir par\u00e7as\u0131 oldu\u011fu i\u00e7in ister istemez kendini \u015fansl\u0131 hissediyor.\u201d <\/p>\n","protected":false},"excerpt":{"rendered":"<p>Kimiz ve neyiz biz? Bu sorunun cevab\u0131, diyor felsefeci William B. Irvine, kime sordu\u011funuza g\u00f6re de\u011fi\u015fir. Evrimsel biyologlara g\u00f6re Homo sapiens t\u00fcr\u00fcn\u00fcn bir \u00fcyesi, mikrobiyologlara g\u00f6re<span class=\"excerpt-hellip\"> [\u2026]<\/span><\/p>\n","protected":false},"featured_media":0,"template":"","meta":{"_monsterinsights_skip_tracking":false,"_monsterinsights_sitenote_active":false,"_monsterinsights_sitenote_note":"","_monsterinsights_sitenote_category":0},"product_brand":[],"product_cat":[13005,15998],"product_tag":[],"class_list":{"0":"post-759509","1":"product","2":"type-product","3":"status-publish","5":"product_cat-bilim-muhendislik","6":"product_cat-bilim-tarihi","7":"pa_cilt-ciltsiz","8":"pa_tur-kitap","9":"pa_yayinevi-metis-yayinlari","10":"pa_yazar-william-b-irvine","12":"first","13":"instock","14":"sale","15":"shipping-taxable","16":"purchasable","17":"product-type-simple"},"_links":{"self":[{"href":"https:\/\/roveyayinevi.com.tr\/index.php\/wp-json\/wp\/v2\/product\/759509","targetHints":{"allow":["GET"]}}],"collection":[{"href":"https:\/\/roveyayinevi.com.tr\/index.php\/wp-json\/wp\/v2\/product"}],"about":[{"href":"https:\/\/roveyayinevi.com.tr\/index.php\/wp-json\/wp\/v2\/types\/product"}],"wp:attachment":[{"href":"https:\/\/roveyayinevi.com.tr\/index.php\/wp-json\/wp\/v2\/media?parent=759509"}],"wp:term":[{"taxonomy":"product_brand","embeddable":true,"href":"https:\/\/roveyayinevi.com.tr\/index.php\/wp-json\/wp\/v2\/product_brand?post=759509"},{"taxonomy":"product_cat","embeddable":true,"href":"https:\/\/roveyayinevi.com.tr\/index.php\/wp-json\/wp\/v2\/product_cat?post=759509"},{"taxonomy":"product_tag","embeddable":true,"href":"https:\/\/roveyayinevi.com.tr\/index.php\/wp-json\/wp\/v2\/product_tag?post=759509"}],"curies":[{"name":"wp","href":"https:\/\/api.w.org\/{rel}","templated":true}]}}