{"id":759507,"date":"2025-08-28T08:36:59","date_gmt":"2025-08-28T05:36:59","guid":{"rendered":"https:\/\/roveyayinevi.com.tr\/index.php\/urun\/hikaye-senaryo-yaziminin-tozu-yapisi-uslubu-ve-ilkeleri\/"},"modified":"2026-04-16T03:12:34","modified_gmt":"2026-04-16T00:12:34","slug":"hikaye-senaryo-yaziminin-tozu-yapisi-uslubu-ve-ilkeleri","status":"publish","type":"product","link":"https:\/\/roveyayinevi.com.tr\/index.php\/urun\/hikaye-senaryo-yaziminin-tozu-yapisi-uslubu-ve-ilkeleri\/","title":{"rendered":"Hikaye: Senaryo Yaz\u0131m\u0131n\u0131n T\u00f6z\u00fc, Yap\u0131s\u0131, \u00dcslubu ve \u0130lkeleri"},"content":{"rendered":"<p>H\u0130K\u00c2YE, temel ilkelerden ileri d\u00fczeydeki kavramlara dek, anlat\u0131 sanatlar\u0131n\u0131n b\u00fct\u00fcn unsurlar\u0131n\u0131n kapsaml\u0131 ve m\u00fckemmel \u015fekilde organize edilmi\u015f bir incelemesidir. Sadece senaryo yazarlar\u0131 i\u00e7in de\u011fil, romanc\u0131lar, oyun yazarlar\u0131, gazeteciler ve her t\u00fcrden kurgu-d\u0131\u015f\u0131 yazar i\u00e7in hik\u00e2ye anlatma sanat\u0131na yeni bak\u0131\u015f a\u00e7\u0131lar\u0131 sunan uygulamal\u0131 bir derstir. &#8220;Robert McKee, Aristoteles&#8217;ten bu yana gelmi\u015f ge\u00e7mi\u015f en etkili hik\u00e2ye anlat\u0131c\u0131l\u0131\u011f\u0131 teorisyenidir.&#8221; \u2014The Guardian &#8221; Robert McKee\u2019nin hik\u00e2ye anlat\u0131c\u0131l\u0131\u011f\u0131 konusundaki b\u00fcy\u00fck i\u00e7g\u00f6r\u00fc ve bilgisinin e\u015fi benzeri yoktur.&#8221; \u2014Los Angeles Times \u201cHik\u00e2ye tasar\u0131m\u0131n\u0131 bilmek senaristler i\u00e7in oldu\u011fu kadar yazarlar i\u00e7in de elzemdir. Hi\u00e7 kimse Robert McKee kadar bu bilgiye h\u00e2kim de\u011fildir. O sadece tan\u0131d\u0131\u011f\u0131m en iyi yaz\u0131m hocas\u0131 de\u011fil, ayr\u0131ca el att\u0131\u011f\u0131 her konuda en iyi hocad\u0131r.\u201d \u2014Steve Pressfield, The Legend of Bagger Vance ve Gates of Fire romanlar\u0131n\u0131n yazar\u0131  \u201cYazarken zorland\u0131\u011f\u0131m zamanlarda s\u0131k s\u0131k Robert McKee\u2019nin bu muhte\u015fem kitab\u0131n\u0131n yol g\u00f6stericili\u011fine ba\u015fvururum.\u201d \u2014Dominick Dunne,   romanc\u0131\/gazeteci\/yap\u0131mc\u0131: Bizim Gibi \u0130nsanlar, The Two Mrs. Grenvilles \u201cRobert McKee\u2019den ald\u0131\u011f\u0131m derslerin bana m\u00fcthi\u015f katk\u0131s\u0131 oldu. Her yazar\u0131n, oyuncunun, yap\u0131mc\u0131n\u0131n ve y\u00f6netmenin ondan \u00f6\u011frenece\u011fi \u00e7ok \u015fey var.\u201d <\/p>\n","protected":false},"excerpt":{"rendered":"<p>H\u0130K\u00c2YE, temel ilkelerden ileri d\u00fczeydeki kavramlara dek, anlat\u0131 sanatlar\u0131n\u0131n b\u00fct\u00fcn unsurlar\u0131n\u0131n kapsaml\u0131 ve m\u00fckemmel \u015fekilde organize edilmi\u015f bir incelemesidir. Sadece senaryo yazarlar\u0131 i\u00e7in de\u011fil, romanc\u0131lar, oyun<span class=\"excerpt-hellip\"> [\u2026]<\/span><\/p>\n","protected":false},"featured_media":0,"template":"","meta":{"_monsterinsights_skip_tracking":false,"_monsterinsights_sitenote_active":false,"_monsterinsights_sitenote_note":"","_monsterinsights_sitenote_category":0},"product_brand":[],"product_cat":[13072,12291],"product_tag":[],"class_list":{"0":"post-759507","1":"product","2":"type-product","3":"status-publish","5":"product_cat-arastirma-inceleme-referans","6":"product_cat-edebiyat","7":"pa_cilt-ciltsiz","8":"pa_tur-kitap","9":"pa_yayinevi-inka-yayinlari","10":"pa_yazar-robert-mckee","12":"first","13":"instock","14":"sale","15":"shipping-taxable","16":"purchasable","17":"product-type-simple"},"_links":{"self":[{"href":"https:\/\/roveyayinevi.com.tr\/index.php\/wp-json\/wp\/v2\/product\/759507","targetHints":{"allow":["GET"]}}],"collection":[{"href":"https:\/\/roveyayinevi.com.tr\/index.php\/wp-json\/wp\/v2\/product"}],"about":[{"href":"https:\/\/roveyayinevi.com.tr\/index.php\/wp-json\/wp\/v2\/types\/product"}],"wp:attachment":[{"href":"https:\/\/roveyayinevi.com.tr\/index.php\/wp-json\/wp\/v2\/media?parent=759507"}],"wp:term":[{"taxonomy":"product_brand","embeddable":true,"href":"https:\/\/roveyayinevi.com.tr\/index.php\/wp-json\/wp\/v2\/product_brand?post=759507"},{"taxonomy":"product_cat","embeddable":true,"href":"https:\/\/roveyayinevi.com.tr\/index.php\/wp-json\/wp\/v2\/product_cat?post=759507"},{"taxonomy":"product_tag","embeddable":true,"href":"https:\/\/roveyayinevi.com.tr\/index.php\/wp-json\/wp\/v2\/product_tag?post=759507"}],"curies":[{"name":"wp","href":"https:\/\/api.w.org\/{rel}","templated":true}]}}