{"id":759506,"date":"2025-08-28T08:36:58","date_gmt":"2025-08-28T05:36:58","guid":{"rendered":"https:\/\/roveyayinevi.com.tr\/index.php\/urun\/antik-dna\/"},"modified":"2026-04-16T03:12:34","modified_gmt":"2026-04-16T00:12:34","slug":"antik-dna","status":"publish","type":"product","link":"https:\/\/roveyayinevi.com.tr\/index.php\/urun\/antik-dna\/","title":{"rendered":"Antik DNA"},"content":{"rendered":"<p>Hi\u00e7 merak etmediniz mi insanl\u0131\u011f\u0131n ge\u00e7mi\u015fini? Bizden \u00f6nceki insanlar kimdi? Nas\u0131l ya\u015farlard\u0131? Neyle beslenirlerdi? Nerelerde ve hangi ko\u015fullarda bar\u0131n\u0131rlard\u0131? Bizler, bu konular\u0131 merak eden ara\u015ft\u0131rmac\u0131lar olarak yukar\u0131daki sorulara yan\u0131tlar bulmaya \u00e7al\u0131\u015ft\u0131k. Her biri alan\u0131nda uzman olan bilim insanlar\u0131n\u0131n bir araya gelmesiyle, elinizdeki kitab\u0131 imece usul\u00fcyle ortaya \u00e7\u0131kartt\u0131k. G\u00fcn\u00fcm\u00fczde bilimin ve \u00f6zellikle temel bilimin kar\u015f\u0131la\u015ft\u0131\u011f\u0131 en b\u00fcy\u00fck sorunlardan birisi, ara\u015ft\u0131r\u0131lan konunun &#8220;neye yarad\u0131\u011f\u0131&#8221; \u015feklindeki sorudur. Bizler, bu kitab\u0131n yazarlar\u0131 olarak, bu soruya yan\u0131t vermektense sadece meraklar\u0131m\u0131z\u0131n pe\u015finden ko\u015ftuk. \u0130nsan nas\u0131l insan oldu? Kitab\u0131n sayfalar\u0131 aras\u0131nda gezerken, bu sorunun tatmin edici bir yan\u0131t\u0131n\u0131 bulabileceksiniz. Bilimi kendisine rehber edinmi\u015f t\u00fcm okurlar\u0131n, yaz\u0131lanlar\u0131 okuduktan sonra kendi ak\u0131l s\u00fczgecinden ge\u00e7irip, ele\u015ftirel bir perspektifle yaz\u0131lanlar\u0131 de\u011ferlendirmesi, bizlerin en b\u00fcy\u00fck kazanc\u0131 olacakt\u0131r. Cumhuriyetimizin bir asr\u0131n\u0131 geride b\u0131rakm\u0131\u015fken \u00f6n\u00fcm\u00fczdeki y\u00fczy\u0131l\u0131n, bilimin \u0131\u015f\u0131\u011f\u0131ndan yararlanan, s\u00fcrekli merak eden, ara\u015ft\u0131ran ve okuyan nesillerce \u015fekillendirilece\u011finin fark\u0131nda olarak, elinizdeki kitab\u0131 sizlere sunuyoruz. Kitap, yaz\u0131ld\u0131ktan sonra art\u0131k yazan\u0131n de\u011fil okuyan\u0131nd\u0131r. Kitab\u0131n\u0131z\u0131 okurken yukar\u0131da yaz\u0131lanlar\u0131 akl\u0131n\u0131zda tutman\u0131z dile\u011fiyle&#8230; <\/p>\n","protected":false},"excerpt":{"rendered":"<p>Hi\u00e7 merak etmediniz mi insanl\u0131\u011f\u0131n ge\u00e7mi\u015fini? Bizden \u00f6nceki insanlar kimdi? Nas\u0131l ya\u015farlard\u0131? Neyle beslenirlerdi? Nerelerde ve hangi ko\u015fullarda bar\u0131n\u0131rlard\u0131? Bizler, bu konular\u0131 merak eden ara\u015ft\u0131rmac\u0131lar olarak<span class=\"excerpt-hellip\"> [\u2026]<\/span><\/p>\n","protected":false},"featured_media":0,"template":"","meta":{"_monsterinsights_skip_tracking":false,"_monsterinsights_sitenote_active":false,"_monsterinsights_sitenote_note":"","_monsterinsights_sitenote_category":0},"product_brand":[],"product_cat":[13005,15998],"product_tag":[],"class_list":{"0":"post-759506","1":"product","2":"type-product","3":"status-publish","5":"product_cat-bilim-muhendislik","6":"product_cat-bilim-tarihi","7":"pa_cilt-ciltsiz","8":"pa_tur-kitap","9":"pa_yayinevi-ginko-kitap","10":"pa_yazar-kolektif","12":"first","13":"instock","14":"sale","15":"shipping-taxable","16":"purchasable","17":"product-type-simple"},"_links":{"self":[{"href":"https:\/\/roveyayinevi.com.tr\/index.php\/wp-json\/wp\/v2\/product\/759506","targetHints":{"allow":["GET"]}}],"collection":[{"href":"https:\/\/roveyayinevi.com.tr\/index.php\/wp-json\/wp\/v2\/product"}],"about":[{"href":"https:\/\/roveyayinevi.com.tr\/index.php\/wp-json\/wp\/v2\/types\/product"}],"wp:attachment":[{"href":"https:\/\/roveyayinevi.com.tr\/index.php\/wp-json\/wp\/v2\/media?parent=759506"}],"wp:term":[{"taxonomy":"product_brand","embeddable":true,"href":"https:\/\/roveyayinevi.com.tr\/index.php\/wp-json\/wp\/v2\/product_brand?post=759506"},{"taxonomy":"product_cat","embeddable":true,"href":"https:\/\/roveyayinevi.com.tr\/index.php\/wp-json\/wp\/v2\/product_cat?post=759506"},{"taxonomy":"product_tag","embeddable":true,"href":"https:\/\/roveyayinevi.com.tr\/index.php\/wp-json\/wp\/v2\/product_tag?post=759506"}],"curies":[{"name":"wp","href":"https:\/\/api.w.org\/{rel}","templated":true}]}}