{"id":759505,"date":"2025-08-28T08:36:56","date_gmt":"2025-08-28T05:36:56","guid":{"rendered":"https:\/\/roveyayinevi.com.tr\/index.php\/urun\/aforizmalar-14\/"},"modified":"2026-04-16T03:12:34","modified_gmt":"2026-04-16T00:12:34","slug":"aforizmalar-14","status":"publish","type":"product","link":"https:\/\/roveyayinevi.com.tr\/index.php\/urun\/aforizmalar-14\/","title":{"rendered":"Aforizmalar"},"content":{"rendered":"<p>Dehalar\u0131n\u0131 yazd\u0131klar\u0131 eserlere yans\u0131tm\u0131\u015f \u00fc\u00e7 b\u00fcy\u00fck yazardan y\u0131k\u0131c\u0131, tahrip edici, g\u00f6z a\u00e7\u0131c\u0131, k\u0131\u015fk\u0131rt\u0131c\u0131, tekinsiz, hesapl\u0131 ciddiyete metelik vermeyen d\u00fc\u015f\u00fcnceler\u2026 Okuyan\u0131 kimileyin b\u0131y\u0131k alt\u0131ndan g\u00fcl\u00fcmseten, kimileyin yumruk yemi\u015f\u00e7esine sersemleten\u2026Hepsi de ince zek\u00e2n\u0131n imbi\u011finden s\u00fcz\u00fclm\u00fc\u015f, bazen paradoksal gibi g\u00f6z\u00fckse de birey ve toplum ya\u015fam\u0131n\u0131n kuytu karanl\u0131k k\u00f6\u015felerini apa\u00e7\u0131k g\u00f6zler \u00f6n\u00fcne seren\u2026 \u00d6zcesi, aforizma olman\u0131n hakk\u0131n\u0131 veren s\u00f6zler\u2026Elinizdeki kitap bu \u00fc\u00e7 usta yazar\u0131n y\u0131llar \u00f6ncesinden g\u00fcn\u00fcm\u00fcze yayd\u0131\u011f\u0131 \u0131\u015f\u0131\u011f\u0131n ne denli g\u00f6z kama\u015ft\u0131r\u0131c\u0131 oldu\u011funu bir kez daha ortaya koyuyor.\u00c7o\u011fu insan, ba\u015fkas\u0131d\u0131r. D\u00fc\u015f\u00fcnceleri bir di\u011ferinin fikirleridir, ya\u015famlar\u0131 taklitten ibarettir, tutkular\u0131ysa aktarma. -O. WildeHayatta iki tragedya vard\u0131r. \u0130lki, g\u00f6nl\u00fcn\u00fcz\u00fcn arzulad\u0131\u011f\u0131n\u0131 yitirmek. Di\u011feri, kazanmak. -B. Shaw\u0130nsan, y\u00fcz\u00fc k\u0131zaran tek hayvand\u0131r, ya da k\u0131zarmas\u0131 gereken.-M. Twain<\/p>\n","protected":false},"excerpt":{"rendered":"<p>Dehalar\u0131n\u0131 yazd\u0131klar\u0131 eserlere yans\u0131tm\u0131\u015f \u00fc\u00e7 b\u00fcy\u00fck yazardan y\u0131k\u0131c\u0131, tahrip edici, g\u00f6z a\u00e7\u0131c\u0131, k\u0131\u015fk\u0131rt\u0131c\u0131, tekinsiz, hesapl\u0131 ciddiyete metelik vermeyen d\u00fc\u015f\u00fcnceler\u2026 Okuyan\u0131 kimileyin b\u0131y\u0131k alt\u0131ndan g\u00fcl\u00fcmseten, kimileyin yumruk<span class=\"excerpt-hellip\"> [\u2026]<\/span><\/p>\n","protected":false},"featured_media":0,"template":"","meta":{"_monsterinsights_skip_tracking":false,"_monsterinsights_sitenote_active":false,"_monsterinsights_sitenote_note":"","_monsterinsights_sitenote_category":0},"product_brand":[],"product_cat":[18545,12291],"product_tag":[],"class_list":{"0":"post-759505","1":"product","2":"type-product","3":"status-publish","5":"product_cat-anlati","6":"product_cat-edebiyat","7":"pa_cilt-ciltsiz","8":"pa_tur-kitap","9":"pa_yayinevi-dipnot-yayinlari","10":"pa_yazar-oscar-wilde-bernard-shaw-mark-twain","12":"first","13":"instock","14":"sale","15":"shipping-taxable","16":"purchasable","17":"product-type-simple"},"_links":{"self":[{"href":"https:\/\/roveyayinevi.com.tr\/index.php\/wp-json\/wp\/v2\/product\/759505","targetHints":{"allow":["GET"]}}],"collection":[{"href":"https:\/\/roveyayinevi.com.tr\/index.php\/wp-json\/wp\/v2\/product"}],"about":[{"href":"https:\/\/roveyayinevi.com.tr\/index.php\/wp-json\/wp\/v2\/types\/product"}],"wp:attachment":[{"href":"https:\/\/roveyayinevi.com.tr\/index.php\/wp-json\/wp\/v2\/media?parent=759505"}],"wp:term":[{"taxonomy":"product_brand","embeddable":true,"href":"https:\/\/roveyayinevi.com.tr\/index.php\/wp-json\/wp\/v2\/product_brand?post=759505"},{"taxonomy":"product_cat","embeddable":true,"href":"https:\/\/roveyayinevi.com.tr\/index.php\/wp-json\/wp\/v2\/product_cat?post=759505"},{"taxonomy":"product_tag","embeddable":true,"href":"https:\/\/roveyayinevi.com.tr\/index.php\/wp-json\/wp\/v2\/product_tag?post=759505"}],"curies":[{"name":"wp","href":"https:\/\/api.w.org\/{rel}","templated":true}]}}