{"id":759504,"date":"2025-08-28T08:36:55","date_gmt":"2025-08-28T05:36:55","guid":{"rendered":"https:\/\/roveyayinevi.com.tr\/index.php\/urun\/cumhuriyet-cagdaslasmasindan-gunumuze-turkiyenin-degisimi\/"},"modified":"2026-04-16T03:12:34","modified_gmt":"2026-04-16T00:12:34","slug":"cumhuriyet-cagdaslasmasindan-gunumuze-turkiyenin-degisimi","status":"publish","type":"product","link":"https:\/\/roveyayinevi.com.tr\/index.php\/urun\/cumhuriyet-cagdaslasmasindan-gunumuze-turkiyenin-degisimi\/","title":{"rendered":"Cumhuriyet \u00c7a\u011fda\u015fla\u015fmas\u0131ndan G\u00fcn\u00fcm\u00fcze T\u00fcrkiye\u2019nin De\u011fi\u015fimi"},"content":{"rendered":"<p>T\u00fcrkiye Cumhuriyeti\u2019nin kurulu\u015fundan bu yana ya\u015fanan ekonomik ve siyasal geli\u015fmeler&#8230; Bu kitapta, Cumhuriyet \u00e7a\u011fda\u015fla\u015fmas\u0131 at\u0131l\u0131m\u0131yla ba\u015flayan, So\u011fuk Sava\u015f\u2019\u0131n a\u011f\u0131r sars\u0131nt\u0131lar\u0131ndan ve 1961 Anayasas\u0131\u2019yla gelen \u00f6zg\u00fcrl\u00fck y\u0131llar\u0131ndan sonra 12 Mart ve 12 Eyl\u00fcl fa\u015fizmlerinden ge\u00e7erek a\u015f\u0131r\u0131 sa\u011fc\u0131la\u015fmaya uzanan y\u00fczy\u0131ll\u0131k yolculuk, ekonomi ve siyasetin belirleyici \u00f6zellikleriyle de\u011ferlendiriliyor. \u201cNas\u0131l bir yar\u0131n\u0131n T\u00fcrkiye\u2019si?\u201d sorusuyla tamamlanan \u00e7al\u0131\u015fman\u0131n dayand\u0131\u011f\u0131 ana anlay\u0131\u015f, insanl\u0131\u011f\u0131n ancak \u00f6zg\u00fcrle\u015ferek geli\u015febilece\u011fidir. Bu geli\u015fme bilimsel bilginin yol g\u00f6stericili\u011finde ger\u00e7ekle\u015ftirildi\u011fi \u00f6l\u00e7\u00fcde ba\u015far\u0131l\u0131 ve kal\u0131c\u0131 olacakt\u0131r.<\/p>\n","protected":false},"excerpt":{"rendered":"<p>T\u00fcrkiye Cumhuriyeti\u2019nin kurulu\u015fundan bu yana ya\u015fanan ekonomik ve siyasal geli\u015fmeler&#8230; Bu kitapta, Cumhuriyet \u00e7a\u011fda\u015fla\u015fmas\u0131 at\u0131l\u0131m\u0131yla ba\u015flayan, So\u011fuk Sava\u015f\u2019\u0131n a\u011f\u0131r sars\u0131nt\u0131lar\u0131ndan ve 1961 Anayasas\u0131\u2019yla gelen \u00f6zg\u00fcrl\u00fck y\u0131llar\u0131ndan<span class=\"excerpt-hellip\"> [\u2026]<\/span><\/p>\n","protected":false},"featured_media":0,"template":"","meta":{"_monsterinsights_skip_tracking":false,"_monsterinsights_sitenote_active":false,"_monsterinsights_sitenote_note":"","_monsterinsights_sitenote_category":0},"product_brand":[],"product_cat":[13043],"product_tag":[],"class_list":{"0":"post-759504","1":"product","2":"type-product","3":"status-publish","5":"product_cat-ekonomi","6":"pa_cilt-ciltsiz","7":"pa_tur-kitap","8":"pa_yayinevi-remzi-kitabevi","9":"pa_yazar-yakup-kepenek","11":"first","12":"instock","13":"sale","14":"shipping-taxable","15":"purchasable","16":"product-type-simple"},"_links":{"self":[{"href":"https:\/\/roveyayinevi.com.tr\/index.php\/wp-json\/wp\/v2\/product\/759504","targetHints":{"allow":["GET"]}}],"collection":[{"href":"https:\/\/roveyayinevi.com.tr\/index.php\/wp-json\/wp\/v2\/product"}],"about":[{"href":"https:\/\/roveyayinevi.com.tr\/index.php\/wp-json\/wp\/v2\/types\/product"}],"wp:attachment":[{"href":"https:\/\/roveyayinevi.com.tr\/index.php\/wp-json\/wp\/v2\/media?parent=759504"}],"wp:term":[{"taxonomy":"product_brand","embeddable":true,"href":"https:\/\/roveyayinevi.com.tr\/index.php\/wp-json\/wp\/v2\/product_brand?post=759504"},{"taxonomy":"product_cat","embeddable":true,"href":"https:\/\/roveyayinevi.com.tr\/index.php\/wp-json\/wp\/v2\/product_cat?post=759504"},{"taxonomy":"product_tag","embeddable":true,"href":"https:\/\/roveyayinevi.com.tr\/index.php\/wp-json\/wp\/v2\/product_tag?post=759504"}],"curies":[{"name":"wp","href":"https:\/\/api.w.org\/{rel}","templated":true}]}}