{"id":759503,"date":"2025-08-28T08:36:53","date_gmt":"2025-08-28T05:36:53","guid":{"rendered":"https:\/\/roveyayinevi.com.tr\/index.php\/urun\/kurmaca-yanilsama-oyunculuk-deneyim-hakikat-arasinda\/"},"modified":"2026-04-16T03:12:34","modified_gmt":"2026-04-16T00:12:34","slug":"kurmaca-yanilsama-oyunculuk-deneyim-hakikat-arasinda","status":"publish","type":"product","link":"https:\/\/roveyayinevi.com.tr\/index.php\/urun\/kurmaca-yanilsama-oyunculuk-deneyim-hakikat-arasinda\/","title":{"rendered":"Kurmaca, Yan\u0131lsama Oyunculuk, Deneyim, Hakikat Aras\u0131nda"},"content":{"rendered":"<p>Metin, kurmaca ve yan\u0131lsama kavramlar\u0131n\u0131n ince ayr\u0131mlar\u0131n\u0131n pe\u015fine d\u00fc\u015ferek, oyunculuk eyleminde hakikili\u011fi, yarat\u0131c\u0131l\u0131\u011f\u0131 ele al\u0131yor; konuya \u00e7e\u015fitli oyunculuk ve sahneleme y\u00f6ntemleri, Taoculuk ve \u0130bn Arab\u00ee felsefeleri, tiyatro ve performans \u00fczerine y\u00fcr\u00fct\u00fclen, estetikle, kom\u00fcnizmle ili\u015fkilendirilen tart\u0131\u015fmalar e\u015fli\u011finde yakla\u015f\u0131yor.<\/p>\n","protected":false},"excerpt":{"rendered":"<p>Metin, kurmaca ve yan\u0131lsama kavramlar\u0131n\u0131n ince ayr\u0131mlar\u0131n\u0131n pe\u015fine d\u00fc\u015ferek, oyunculuk eyleminde hakikili\u011fi, yarat\u0131c\u0131l\u0131\u011f\u0131 ele al\u0131yor; konuya \u00e7e\u015fitli oyunculuk ve sahneleme y\u00f6ntemleri, Taoculuk ve \u0130bn Arab\u00ee felsefeleri,<span class=\"excerpt-hellip\"> [\u2026]<\/span><\/p>\n","protected":false},"featured_media":0,"template":"","meta":{"_monsterinsights_skip_tracking":false,"_monsterinsights_sitenote_active":false,"_monsterinsights_sitenote_note":"","_monsterinsights_sitenote_category":0},"product_brand":[],"product_cat":[13021,12408],"product_tag":[],"class_list":{"0":"post-759503","1":"product","2":"type-product","3":"status-publish","5":"product_cat-sahne-sanatlari","6":"product_cat-sanat","7":"pa_cilt-ciltsiz","8":"pa_tur-kitap","9":"pa_yayinevi-habitus-yayinlari","10":"pa_yazar-tulu-ulgen","12":"first","13":"instock","14":"sale","15":"shipping-taxable","16":"purchasable","17":"product-type-simple"},"_links":{"self":[{"href":"https:\/\/roveyayinevi.com.tr\/index.php\/wp-json\/wp\/v2\/product\/759503","targetHints":{"allow":["GET"]}}],"collection":[{"href":"https:\/\/roveyayinevi.com.tr\/index.php\/wp-json\/wp\/v2\/product"}],"about":[{"href":"https:\/\/roveyayinevi.com.tr\/index.php\/wp-json\/wp\/v2\/types\/product"}],"wp:attachment":[{"href":"https:\/\/roveyayinevi.com.tr\/index.php\/wp-json\/wp\/v2\/media?parent=759503"}],"wp:term":[{"taxonomy":"product_brand","embeddable":true,"href":"https:\/\/roveyayinevi.com.tr\/index.php\/wp-json\/wp\/v2\/product_brand?post=759503"},{"taxonomy":"product_cat","embeddable":true,"href":"https:\/\/roveyayinevi.com.tr\/index.php\/wp-json\/wp\/v2\/product_cat?post=759503"},{"taxonomy":"product_tag","embeddable":true,"href":"https:\/\/roveyayinevi.com.tr\/index.php\/wp-json\/wp\/v2\/product_tag?post=759503"}],"curies":[{"name":"wp","href":"https:\/\/api.w.org\/{rel}","templated":true}]}}