{"id":759501,"date":"2025-08-28T08:36:49","date_gmt":"2025-08-28T05:36:49","guid":{"rendered":"https:\/\/roveyayinevi.com.tr\/index.php\/urun\/sirca-koskun-masalcisi-kemalettin-tugcunun-yasamoykusu\/"},"modified":"2026-04-16T03:12:34","modified_gmt":"2026-04-16T00:12:34","slug":"sirca-koskun-masalcisi-kemalettin-tugcunun-yasamoykusu","status":"publish","type":"product","link":"https:\/\/roveyayinevi.com.tr\/index.php\/urun\/sirca-koskun-masalcisi-kemalettin-tugcunun-yasamoykusu\/","title":{"rendered":"S\u0131r\u00e7a K\u00f6\u015fk\u00fcn Masalc\u0131s\u0131: Kemalettin Tu\u011fcu&#8217;nun Ya\u015fam\u00f6yk\u00fcs\u00fc"},"content":{"rendered":"<p>S\u0131r\u00e7a K\u00f6\u015fk\u00fcn Masalc\u0131s\u0131, hayata tutunabilmesinin tek nedeni yazmak olan Kemalettin Tu\u011fcu\u2019nun ya\u015fam\u00f6yk\u00fcs\u00fc. Engelli oldu\u011fu i\u00e7in d\u0131\u015f d\u00fcnyayla ili\u015fki kuramayan, i\u00e7ine kapanarak kendi yaratt\u0131\u011f\u0131 bir d\u00fcnyada ya\u015fayan Tu\u011fcu, okuma yazmay\u0131 da yabanc\u0131 dili de evinde, kendi ba\u015f\u0131na \u00f6\u011frenmi\u015fti. Yazarak doldurdu\u011fu y\u00fczlerce sayfay\u0131 evinin bah\u00e7esinde yakmaya karar verecek kadar kendi d\u00fcnyas\u0131na \u00e7ekilmi\u015fti. \u0130stanbul d\u0131\u015f\u0131na neredeyse hi\u00e7 \u00e7\u0131kmayan, bir-iki g\u00f6r\u00fc\u015fme d\u0131\u015f\u0131nda hi\u00e7 r\u00f6portaj vermeyen Tu\u011fcu, kitaplar\u0131nda kimsesizlerin, yetimlerin, sokak \u00e7ocuklar\u0131n\u0131n buruk, ac\u0131kl\u0131, h\u00fcz\u00fcnl\u00fc \u00f6yk\u00fclerini anlatm\u0131\u015ft\u0131r. Yoksulluk ve zenginlik, iyilik ve k\u00f6t\u00fcl\u00fck Tu\u011fcu\u2019nun kitaplar\u0131n\u0131n ana eksenini olu\u015ftururken, yazar, \u00e7ocuklar\u0131n d\u00fcnyas\u0131nda yer etmeyi, onlar\u0131 etkilemeyi ve okuma al\u0131\u015fkanl\u0131\u011f\u0131 edindirmeyi ba\u015farm\u0131\u015ft\u0131r. 1940\u2019lardan 1980\u2019lere kadar onu tan\u0131mayan, kitaplar\u0131n\u0131 okumayan \u00e7ocuk neredeyse yok gibidir. Kemalettin Tu\u011fcu\u2019nun ye\u011feni Nemika Tu\u011fcu, g\u00fc\u00e7l\u00fckleri, yaln\u0131zl\u0131\u011f\u0131 ve ac\u0131lar\u0131 yazarak g\u00f6\u011f\u00fcslemeye \u00e7al\u0131\u015fan bir yazar\u0131n ya\u015fam\u0131ndaki bilinmeyen y\u00f6nleri roman tad\u0131nda bir yap\u0131tla sunuyor okura. <\/p>\n","protected":false},"excerpt":{"rendered":"<p>S\u0131r\u00e7a K\u00f6\u015fk\u00fcn Masalc\u0131s\u0131, hayata tutunabilmesinin tek nedeni yazmak olan Kemalettin Tu\u011fcu\u2019nun ya\u015fam\u00f6yk\u00fcs\u00fc. Engelli oldu\u011fu i\u00e7in d\u0131\u015f d\u00fcnyayla ili\u015fki kuramayan, i\u00e7ine kapanarak kendi yaratt\u0131\u011f\u0131 bir d\u00fcnyada ya\u015fayan<span class=\"excerpt-hellip\"> [\u2026]<\/span><\/p>\n","protected":false},"featured_media":0,"template":"","meta":{"_monsterinsights_skip_tracking":false,"_monsterinsights_sitenote_active":false,"_monsterinsights_sitenote_note":"","_monsterinsights_sitenote_category":0},"product_brand":[],"product_cat":[14009,12291],"product_tag":[],"class_list":{"0":"post-759501","1":"product","2":"type-product","3":"status-publish","5":"product_cat-biyografi-otobiyografi-edebiyat","6":"product_cat-edebiyat","7":"pa_cilt-ciltsiz","8":"pa_tur-kitap","9":"pa_yayinevi-can-yayinlari","10":"pa_yazar-nemika-tugcu","12":"first","13":"instock","14":"sale","15":"shipping-taxable","16":"purchasable","17":"product-type-simple"},"_links":{"self":[{"href":"https:\/\/roveyayinevi.com.tr\/index.php\/wp-json\/wp\/v2\/product\/759501","targetHints":{"allow":["GET"]}}],"collection":[{"href":"https:\/\/roveyayinevi.com.tr\/index.php\/wp-json\/wp\/v2\/product"}],"about":[{"href":"https:\/\/roveyayinevi.com.tr\/index.php\/wp-json\/wp\/v2\/types\/product"}],"wp:attachment":[{"href":"https:\/\/roveyayinevi.com.tr\/index.php\/wp-json\/wp\/v2\/media?parent=759501"}],"wp:term":[{"taxonomy":"product_brand","embeddable":true,"href":"https:\/\/roveyayinevi.com.tr\/index.php\/wp-json\/wp\/v2\/product_brand?post=759501"},{"taxonomy":"product_cat","embeddable":true,"href":"https:\/\/roveyayinevi.com.tr\/index.php\/wp-json\/wp\/v2\/product_cat?post=759501"},{"taxonomy":"product_tag","embeddable":true,"href":"https:\/\/roveyayinevi.com.tr\/index.php\/wp-json\/wp\/v2\/product_tag?post=759501"}],"curies":[{"name":"wp","href":"https:\/\/api.w.org\/{rel}","templated":true}]}}