{"id":759499,"date":"2025-08-28T08:36:47","date_gmt":"2025-08-28T05:36:47","guid":{"rendered":"https:\/\/roveyayinevi.com.tr\/index.php\/urun\/ifrs-ve-uygulamalardaki-zorluklar\/"},"modified":"2026-04-16T03:12:34","modified_gmt":"2026-04-16T00:12:34","slug":"ifrs-ve-uygulamalardaki-zorluklar","status":"publish","type":"product","link":"https:\/\/roveyayinevi.com.tr\/index.php\/urun\/ifrs-ve-uygulamalardaki-zorluklar\/","title":{"rendered":"IFRS ve Uygulamalardaki Zorluklar"},"content":{"rendered":"<p>Uluslararas\u0131 muhasebe ve finansal raporlama (IFSR) alan\u0131nda yap\u0131sal \u00e7e\u015fitlilik, k\u00fcreselle\u015fen ekonomik etkile\u015fimlerin bir g\u00f6stergesidir. S\u00f6z konusu \u00e7e\u015fitlili\u011fin farkl\u0131 co\u011frafyalardaki uygulama bi\u00e7imleri ve standardizasyon s\u00fcre\u00e7leriyle entegrasyonu, i\u015f d\u00fcnyas\u0131 ve akademik \u00e7evreler taraf\u0131ndan s\u0131k\u00e7a tart\u0131\u015f\u0131lan bir tema olmu\u015ftur. Bu ba\u011flamda, farkl\u0131 finansal raporlama sistemlerinin kar\u015f\u0131l\u0131kl\u0131 uyumu ve bunlar\u0131n uluslararas\u0131 standartlara d\u00f6n\u00fc\u015f\u00fcm\u00fc \u00fczerine yap\u0131lan de\u011ferlendirmeler, sekt\u00f6rel ve akademik ilerlemenin anahtar ta\u015flar\u0131ndan birini olu\u015fturur. Yap\u0131lan de\u011ferlendirme, ulusal ve uluslararas\u0131 d\u00fczlemlerde finansal raporlama tekniklerinin ve standartlar\u0131n\u0131n kar\u015f\u0131la\u015ft\u0131rmalar\u0131n\u0131 i\u00e7erir. Bu s\u00fcre\u00e7, sadece standartlar\u0131n i\u00e7eri\u011fi ile s\u0131n\u0131rl\u0131 kalmay\u0131p, ayn\u0131 zamanda standartlar\u0131n adaptasyonu, yorumlanmas\u0131 ve uygulamadaki pratik farkl\u0131l\u0131klar\u0131 da kapsar. Ara\u015ft\u0131rma kapsam\u0131nda, d\u00f6n\u00fc\u015f\u00fcm s\u00fcrecinin etkinli\u011fi ve efektifli\u011fi g\u00f6z \u00f6n\u00fcnde bulundurularak, farkl\u0131 \u00fclkelerin muhasebe ve finansal raporlama sistemlerinin uyumla\u015ft\u0131r\u0131lmas\u0131 i\u00e7in stratejik yakla\u015f\u0131mlar\u0131n ve d\u00fczenleyici mekanizmalar\u0131n de\u011ferlendirilmesi yap\u0131lm\u0131\u015ft\u0131r. Bu de\u011ferlendirme, farkl\u0131 standartlar\u0131n uygulanabilirli\u011fi a\u00e7\u0131s\u0131ndan detayl\u0131 analizler sunarak, sekt\u00f6r profesyonelleri, d\u00fczenleyici kurumlar ve akademisyenler i\u00e7in \u00f6nemli bir referans kayna\u011f\u0131 niteli\u011finde olmak \u00fczere tasarlanm\u0131\u015ft\u0131r. <\/p>\n","protected":false},"excerpt":{"rendered":"<p>Uluslararas\u0131 muhasebe ve finansal raporlama (IFSR) alan\u0131nda yap\u0131sal \u00e7e\u015fitlilik, k\u00fcreselle\u015fen ekonomik etkile\u015fimlerin bir g\u00f6stergesidir. S\u00f6z konusu \u00e7e\u015fitlili\u011fin farkl\u0131 co\u011frafyalardaki uygulama bi\u00e7imleri ve standardizasyon s\u00fcre\u00e7leriyle entegrasyonu, i\u015f<span class=\"excerpt-hellip\"> [\u2026]<\/span><\/p>\n","protected":false},"featured_media":0,"template":"","meta":{"_monsterinsights_skip_tracking":false,"_monsterinsights_sitenote_active":false,"_monsterinsights_sitenote_note":"","_monsterinsights_sitenote_category":0},"product_brand":[],"product_cat":[13043,14381],"product_tag":[],"class_list":{"0":"post-759499","1":"product","2":"type-product","3":"status-publish","5":"product_cat-ekonomi","6":"product_cat-isletme-muhasebe-maliye","7":"pa_cilt-ciltsiz","8":"pa_tur-kitap","9":"pa_yayinevi-zet-akademi-yayinlari","10":"pa_yazar-ugur-kilic","12":"first","13":"instock","14":"sale","15":"shipping-taxable","16":"purchasable","17":"product-type-simple"},"_links":{"self":[{"href":"https:\/\/roveyayinevi.com.tr\/index.php\/wp-json\/wp\/v2\/product\/759499","targetHints":{"allow":["GET"]}}],"collection":[{"href":"https:\/\/roveyayinevi.com.tr\/index.php\/wp-json\/wp\/v2\/product"}],"about":[{"href":"https:\/\/roveyayinevi.com.tr\/index.php\/wp-json\/wp\/v2\/types\/product"}],"wp:attachment":[{"href":"https:\/\/roveyayinevi.com.tr\/index.php\/wp-json\/wp\/v2\/media?parent=759499"}],"wp:term":[{"taxonomy":"product_brand","embeddable":true,"href":"https:\/\/roveyayinevi.com.tr\/index.php\/wp-json\/wp\/v2\/product_brand?post=759499"},{"taxonomy":"product_cat","embeddable":true,"href":"https:\/\/roveyayinevi.com.tr\/index.php\/wp-json\/wp\/v2\/product_cat?post=759499"},{"taxonomy":"product_tag","embeddable":true,"href":"https:\/\/roveyayinevi.com.tr\/index.php\/wp-json\/wp\/v2\/product_tag?post=759499"}],"curies":[{"name":"wp","href":"https:\/\/api.w.org\/{rel}","templated":true}]}}