{"id":759496,"date":"2025-08-28T08:36:41","date_gmt":"2025-08-28T05:36:41","guid":{"rendered":"https:\/\/roveyayinevi.com.tr\/index.php\/urun\/hurufu-mukattaanin-cozumu\/"},"modified":"2025-11-21T10:16:25","modified_gmt":"2025-11-21T07:16:25","slug":"hurufu-mukattaanin-cozumu","status":"publish","type":"product","link":"https:\/\/roveyayinevi.com.tr\/index.php\/urun\/hurufu-mukattaanin-cozumu\/","title":{"rendered":"Hurufu Mukattaan\u0131n \u00c7\u00f6z\u00fcm\u00fc"},"content":{"rendered":"<p>Art\u0131k y\u0131llard\u0131r beklenen anlam\u0131 nedir sorusunun \u00fczerinden binlerce at\u0131f yap\u0131lan yorum yap\u0131lan konu netle\u015fmi\u015ftir. Art\u0131k HURUFU MUKATTAANIN g\u00f6sterdi\u011fi yolda KUR\u2019AN\u2019I KER\u0130M ve HAD\u0130S\u0130 \u015eER\u0130FLER\u0130N yeniden ANLAM \u00fczerinden a\u00e7\u0131klanmas\u0131 i\u015flemine ba\u015flan\u0131p ALLAH\u2019IN en b\u00fcy\u00fck mucizesinin i\u00e7ine gizledi\u011fi bu ayd\u0131nl\u0131k yoldan ilerleyerek b\u00fct\u00fcn insanl\u0131k \u00e2leminin ufkunu beynini iman\u0131n\u0131 ayd\u0131nlatmal\u0131y\u0131z. Ger\u00e7ek g\u00fc\u00e7 sahibinin kim oldu\u011funu, ger\u00e7ek ak\u0131l sahibinin kim oldu\u011funu, ger\u00e7ek bilgi sahibinin kim oldu\u011funu, ger\u00e7ek var eden yarat\u0131c\u0131n\u0131n kim oldu\u011funu, ger\u00e7ek m\u00fclk sahibinin kim oldu\u011funu, ger\u00e7ek vatan topra\u011f\u0131n\u0131n kal\u0131c\u0131 vatan\u0131n neresi oldu\u011funu, insanl\u0131\u011f\u0131n idrakine sunmaktan onur duyar\u0131m. \u0130nsanl\u0131\u011f\u0131n en b\u00fcy\u00fck icad\u0131, ke\u015ffi bu olsa gerek. Herkes b\u00fct\u00fcn varl\u0131klar asl\u0131nda y\u00fcce yarat\u0131c\u0131 ile irtibatl\u0131 bir halde bu irtibat\u0131 hissetmek anlamak bu sistemle m\u00fcmk\u00fcn ve g\u00f6z\u00fck\u00fcr hale geliyor. \u0130\u015fte \u00e7al\u0131\u015fmam\u0131n \u00f6zeti bu\u2026 Ahmet Poyraz <\/p>\n","protected":false},"excerpt":{"rendered":"<p>Art\u0131k y\u0131llard\u0131r beklenen anlam\u0131 nedir sorusunun \u00fczerinden binlerce at\u0131f yap\u0131lan yorum yap\u0131lan konu netle\u015fmi\u015ftir. Art\u0131k HURUFU MUKATTAANIN g\u00f6sterdi\u011fi yolda KUR\u2019AN\u2019I KER\u0130M ve HAD\u0130S\u0130 \u015eER\u0130FLER\u0130N yeniden ANLAM<span class=\"excerpt-hellip\"> [\u2026]<\/span><\/p>\n","protected":false},"featured_media":0,"template":"","meta":{"_monsterinsights_skip_tracking":false,"_monsterinsights_sitenote_active":false,"_monsterinsights_sitenote_note":"","_monsterinsights_sitenote_category":0},"product_brand":[],"product_cat":[12777,12291],"product_tag":[],"class_list":{"0":"post-759496","1":"product","2":"type-product","3":"status-publish","5":"product_cat-deneme","6":"product_cat-edebiyat","7":"pa_cilt-ciltsiz","8":"pa_tur-kitap","9":"pa_yayinevi-zet-yayinlari","10":"pa_yazar-ahmet-poyraz","12":"first","13":"instock","14":"sale","15":"shipping-taxable","16":"purchasable","17":"product-type-simple"},"_links":{"self":[{"href":"https:\/\/roveyayinevi.com.tr\/index.php\/wp-json\/wp\/v2\/product\/759496","targetHints":{"allow":["GET"]}}],"collection":[{"href":"https:\/\/roveyayinevi.com.tr\/index.php\/wp-json\/wp\/v2\/product"}],"about":[{"href":"https:\/\/roveyayinevi.com.tr\/index.php\/wp-json\/wp\/v2\/types\/product"}],"wp:attachment":[{"href":"https:\/\/roveyayinevi.com.tr\/index.php\/wp-json\/wp\/v2\/media?parent=759496"}],"wp:term":[{"taxonomy":"product_brand","embeddable":true,"href":"https:\/\/roveyayinevi.com.tr\/index.php\/wp-json\/wp\/v2\/product_brand?post=759496"},{"taxonomy":"product_cat","embeddable":true,"href":"https:\/\/roveyayinevi.com.tr\/index.php\/wp-json\/wp\/v2\/product_cat?post=759496"},{"taxonomy":"product_tag","embeddable":true,"href":"https:\/\/roveyayinevi.com.tr\/index.php\/wp-json\/wp\/v2\/product_tag?post=759496"}],"curies":[{"name":"wp","href":"https:\/\/api.w.org\/{rel}","templated":true}]}}