{"id":759495,"date":"2025-08-28T08:36:40","date_gmt":"2025-08-28T05:36:40","guid":{"rendered":"https:\/\/roveyayinevi.com.tr\/index.php\/urun\/sorularla-bilincalti\/"},"modified":"2026-04-16T03:12:33","modified_gmt":"2026-04-16T00:12:33","slug":"sorularla-bilincalti","status":"publish","type":"product","link":"https:\/\/roveyayinevi.com.tr\/index.php\/urun\/sorularla-bilincalti\/","title":{"rendered":"Sorularla Bilin\u00e7alt\u0131"},"content":{"rendered":"<p>Carl Gustav Jung, bilin\u00e7alt\u0131n\u0131 bir kara kutuya benzetir. Buras\u0131 hem bir kay\u0131t hem de depolama alan\u0131d\u0131r. Kis\u0327inin hayat\u0131 s\u00fcresince yas\u0327ad\u0131g\u0306\u0131 travmalar ve kendisinden bile saklad\u0131g\u0306\u0131 gizli arzular bu b\u00f6l\u00fcmde yer al\u0131r. Kis\u0327i, hayatta ancak bilin\u00e7alt\u0131n\u0131n izin verdig\u0306i ve y\u00f6nlendirdig\u0306i sonu\u00e7lara ulas\u0327abilir. \u00c7oksatan Olumlamalarla Bilin\u00e7alt\u0131n\u0131 Kodla kitab\u0131n\u0131n yazar\u0131 Ebru Karakan, \u201cSorularla\u201d serisinin ikinci kitab\u0131 olan Sorularla Bilin\u00e7alt\u0131 ile bilin\u00e7alt\u0131na dair merak edilenleri yan\u0131tl\u0131yor; bilin\u00e7alt\u0131n\u0131n derinliklerine inerek bilin\u00e7alt\u0131 temizli\u011fi yapmak, bilin\u00e7alt\u0131n\u0131 kodlayarak d\u00f6n\u00fc\u015ft\u00fcrmek ve yeniden programlamak isteyenler i\u00e7in etkili NLP teknikleri, meditasyonlar ve olumlamalarla zenginle\u015ftirilmi\u015f bir rehber sunuyor. &#8220;Bilin\u00e7alt\u0131n\u0131z\u0131 d\u00f6n\u00fc\u015ft\u00fcr\u00fcrseniz hayat\u0131n\u0131z de\u011fi\u015fir.\u201d <\/p>\n","protected":false},"excerpt":{"rendered":"<p>Carl Gustav Jung, bilin\u00e7alt\u0131n\u0131 bir kara kutuya benzetir. Buras\u0131 hem bir kay\u0131t hem de depolama alan\u0131d\u0131r. Kis\u0327inin hayat\u0131 s\u00fcresince yas\u0327ad\u0131g\u0306\u0131 travmalar ve kendisinden bile saklad\u0131g\u0306\u0131 gizli<span class=\"excerpt-hellip\"> [\u2026]<\/span><\/p>\n","protected":false},"featured_media":0,"template":"","meta":{"_monsterinsights_skip_tracking":false,"_monsterinsights_sitenote_active":false,"_monsterinsights_sitenote_note":"","_monsterinsights_sitenote_category":0},"product_brand":[],"product_cat":[12364,12376],"product_tag":[],"class_list":{"0":"post-759495","1":"product","2":"type-product","3":"status-publish","5":"product_cat-genel-konular","6":"product_cat-kisisel-gelisim","7":"pa_cilt-ciltsiz","8":"pa_tur-kitap","9":"pa_yayinevi-muptela-yayinevi","10":"pa_yazar-ebru-karakan","12":"first","13":"instock","14":"sale","15":"shipping-taxable","16":"purchasable","17":"product-type-simple"},"_links":{"self":[{"href":"https:\/\/roveyayinevi.com.tr\/index.php\/wp-json\/wp\/v2\/product\/759495","targetHints":{"allow":["GET"]}}],"collection":[{"href":"https:\/\/roveyayinevi.com.tr\/index.php\/wp-json\/wp\/v2\/product"}],"about":[{"href":"https:\/\/roveyayinevi.com.tr\/index.php\/wp-json\/wp\/v2\/types\/product"}],"wp:attachment":[{"href":"https:\/\/roveyayinevi.com.tr\/index.php\/wp-json\/wp\/v2\/media?parent=759495"}],"wp:term":[{"taxonomy":"product_brand","embeddable":true,"href":"https:\/\/roveyayinevi.com.tr\/index.php\/wp-json\/wp\/v2\/product_brand?post=759495"},{"taxonomy":"product_cat","embeddable":true,"href":"https:\/\/roveyayinevi.com.tr\/index.php\/wp-json\/wp\/v2\/product_cat?post=759495"},{"taxonomy":"product_tag","embeddable":true,"href":"https:\/\/roveyayinevi.com.tr\/index.php\/wp-json\/wp\/v2\/product_tag?post=759495"}],"curies":[{"name":"wp","href":"https:\/\/api.w.org\/{rel}","templated":true}]}}