{"id":759492,"date":"2025-08-28T08:36:34","date_gmt":"2025-08-28T05:36:34","guid":{"rendered":"https:\/\/roveyayinevi.com.tr\/index.php\/urun\/elementaller\/"},"modified":"2026-04-16T03:12:33","modified_gmt":"2026-04-16T00:12:33","slug":"elementaller","status":"publish","type":"product","link":"https:\/\/roveyayinevi.com.tr\/index.php\/urun\/elementaller\/","title":{"rendered":"Elementaller"},"content":{"rendered":"<p>\u201cAmerikan korku edebiyat\u0131n\u0131n en iyi yazarlar\u0131ndan biri.\u201d \u2013Stephen KingBeetlejuice\u2019un senaryosunu yazan ve The Nightmare Before Christmas\u2019\u0131 Tim Burton\u2019\u0131n \u015fiirinden uyarlayan Michael McDowell gen\u00e7 ya\u015fta hayat\u0131n\u0131 kaybetmesine ra\u011fmen hem pop\u00fcler k\u00fclt\u00fcrde hem de edebiyatta ad\u0131n\u0131 unutulmazlar aras\u0131na yazd\u0131rd\u0131. McDowell\u2019\u0131n en \u00fcnl\u00fc eseri, modern g\u00fcney goti\u011finin nadide \u00f6rneklerinden Elementaller kaleme al\u0131nm\u0131\u015f en s\u0131rad\u0131\u015f\u0131 hayaletli ev romanlar\u0131ndan biri.Aile b\u00fcy\u00fc\u011f\u00fc Marian Savage&#8217;\u0131n cenazesinde ya\u015fanan tuhaf ve rahats\u0131z edici bir olay\u0131n ard\u0131ndan McCray ve Savage aileleri Alabama&#8217;n\u0131n K\u00f6rfez K\u0131y\u0131s\u0131&#8217;ndaki p\u0131r\u0131l p\u0131r\u0131l kumsal\u0131n \u00fczerinde Viktoryen d\u00f6nemden kalma \u00fc\u00e7 evin y\u00fckseldi\u011fi Beldame&#8217;de huzurlu bir yaz ge\u00e7irmeyi iple \u00e7ekiyorlard\u0131. Evlerden ikisi ya\u015fanabilir durumdayd\u0131, \u00fc\u00e7\u00fcnc\u00fcs\u00fc ise yava\u015f ve gizemli bir \u015fekilde g\u00f6z kama\u015ft\u0131r\u0131c\u0131 beyaz kumlardan olu\u015fan devasa bir kum tepesinin i\u00e7ine g\u00f6m\u00fcl\u00fcyordu. Bu evde uzun s\u00fcredir hi\u00e7bir insan ya\u015famamas\u0131na ra\u011fmen ev bo\u015f de\u011fildi. Dauphin Savage ve Luker McCray&#8217;i \u00e7ocukluklar\u0131ndan beri deh\u015fete d\u00fc\u015f\u00fcren ve h\u00e2l\u00e2 k\u00e2buslar\u0131na giren bir \u015fey i\u00e7eride onlar\u0131 bekliyordu. Y\u0131llar \u00f6nceki korkun\u00e7 ve a\u00e7\u0131klanamayan \u00f6l\u00fcmlerden sorumlu olabilecek, yeniden can almaya haz\u0131r, habis bir \u015fey\u2026\u00d6l\u00fclerin konu\u015ftu\u011fu bir yer buras\u0131\u2026<\/p>\n","protected":false},"excerpt":{"rendered":"<p>\u201cAmerikan korku edebiyat\u0131n\u0131n en iyi yazarlar\u0131ndan biri.\u201d \u2013Stephen KingBeetlejuice\u2019un senaryosunu yazan ve The Nightmare Before Christmas\u2019\u0131 Tim Burton\u2019\u0131n \u015fiirinden uyarlayan Michael McDowell gen\u00e7 ya\u015fta hayat\u0131n\u0131 kaybetmesine<span class=\"excerpt-hellip\"> [\u2026]<\/span><\/p>\n","protected":false},"featured_media":0,"template":"","meta":{"_monsterinsights_skip_tracking":false,"_monsterinsights_sitenote_active":false,"_monsterinsights_sitenote_note":"","_monsterinsights_sitenote_category":0},"product_brand":[],"product_cat":[12291,17033],"product_tag":[],"class_list":{"0":"post-759492","1":"product","2":"type-product","3":"status-publish","5":"product_cat-edebiyat","6":"product_cat-korku-gerilim","7":"pa_cilt-ciltsiz","8":"pa_tur-kitap","9":"pa_yayinevi-ithaki-yayinlari","10":"pa_yazar-michael-mcdowell","12":"first","13":"instock","14":"sale","15":"shipping-taxable","16":"purchasable","17":"product-type-simple"},"_links":{"self":[{"href":"https:\/\/roveyayinevi.com.tr\/index.php\/wp-json\/wp\/v2\/product\/759492","targetHints":{"allow":["GET"]}}],"collection":[{"href":"https:\/\/roveyayinevi.com.tr\/index.php\/wp-json\/wp\/v2\/product"}],"about":[{"href":"https:\/\/roveyayinevi.com.tr\/index.php\/wp-json\/wp\/v2\/types\/product"}],"wp:attachment":[{"href":"https:\/\/roveyayinevi.com.tr\/index.php\/wp-json\/wp\/v2\/media?parent=759492"}],"wp:term":[{"taxonomy":"product_brand","embeddable":true,"href":"https:\/\/roveyayinevi.com.tr\/index.php\/wp-json\/wp\/v2\/product_brand?post=759492"},{"taxonomy":"product_cat","embeddable":true,"href":"https:\/\/roveyayinevi.com.tr\/index.php\/wp-json\/wp\/v2\/product_cat?post=759492"},{"taxonomy":"product_tag","embeddable":true,"href":"https:\/\/roveyayinevi.com.tr\/index.php\/wp-json\/wp\/v2\/product_tag?post=759492"}],"curies":[{"name":"wp","href":"https:\/\/api.w.org\/{rel}","templated":true}]}}