{"id":759491,"date":"2025-08-28T08:36:32","date_gmt":"2025-08-28T05:36:32","guid":{"rendered":"https:\/\/roveyayinevi.com.tr\/index.php\/urun\/minecraft-hatali-kodlama\/"},"modified":"2026-04-16T03:12:33","modified_gmt":"2026-04-16T00:12:33","slug":"minecraft-hatali-kodlama","status":"publish","type":"product","link":"https:\/\/roveyayinevi.com.tr\/index.php\/urun\/minecraft-hatali-kodlama\/","title":{"rendered":"Minecraft &#8211; Hatal\u0131 Kodlama"},"content":{"rendered":"<p>NE MODLADI\u011eINA D\u0130KKAT ET, BAKARSIN GER\u00c7EK OLUR!   Ekibin yeni \u00fcyesi Theo, Minecraft\u2019\u0131n gizemli d\u00fcnyas\u0131nda maceralara at\u0131lmak i\u00e7in do\u011fru modlama becerilerine sahip. Fakat oyunu kurcalayarak yeni ve korkun\u00e7 bir tehdit yaratm\u0131\u015f olabilir. Art\u0131k arkada\u015flar\u0131 ona g\u00fcvenmese de d\u00fc\u015fman yarat\u0131klar\u0131 alt etmek ve koddaki hatan\u0131n neden oldu\u011fu de\u011fi\u015fikliklerle y\u00fczle\u015fmek i\u00e7in \u015fimdi hep birlikte \u00e7al\u0131\u015fmalar\u0131 gerekiyor! <\/p>\n","protected":false},"excerpt":{"rendered":"<p>NE MODLADI\u011eINA D\u0130KKAT ET, BAKARSIN GER\u00c7EK OLUR! Ekibin yeni \u00fcyesi Theo, Minecraft\u2019\u0131n gizemli d\u00fcnyas\u0131nda maceralara at\u0131lmak i\u00e7in do\u011fru modlama becerilerine sahip. Fakat oyunu kurcalayarak yeni ve<span class=\"excerpt-hellip\"> [\u2026]<\/span><\/p>\n","protected":false},"featured_media":0,"template":"","meta":{"_monsterinsights_skip_tracking":false,"_monsterinsights_sitenote_active":false,"_monsterinsights_sitenote_note":"","_monsterinsights_sitenote_category":0},"product_brand":[],"product_cat":[12291,12711],"product_tag":[],"class_list":{"0":"post-759491","1":"product","2":"type-product","3":"status-publish","5":"product_cat-edebiyat","6":"product_cat-roman-oyku","7":"pa_cilt-ciltsiz","8":"pa_tur-kitap","9":"pa_yayinevi-x-libris","10":"pa_yazar-nick-eliopulos-alan-batson-chris-hill","12":"first","13":"instock","14":"sale","15":"shipping-taxable","16":"purchasable","17":"product-type-simple"},"_links":{"self":[{"href":"https:\/\/roveyayinevi.com.tr\/index.php\/wp-json\/wp\/v2\/product\/759491","targetHints":{"allow":["GET"]}}],"collection":[{"href":"https:\/\/roveyayinevi.com.tr\/index.php\/wp-json\/wp\/v2\/product"}],"about":[{"href":"https:\/\/roveyayinevi.com.tr\/index.php\/wp-json\/wp\/v2\/types\/product"}],"wp:attachment":[{"href":"https:\/\/roveyayinevi.com.tr\/index.php\/wp-json\/wp\/v2\/media?parent=759491"}],"wp:term":[{"taxonomy":"product_brand","embeddable":true,"href":"https:\/\/roveyayinevi.com.tr\/index.php\/wp-json\/wp\/v2\/product_brand?post=759491"},{"taxonomy":"product_cat","embeddable":true,"href":"https:\/\/roveyayinevi.com.tr\/index.php\/wp-json\/wp\/v2\/product_cat?post=759491"},{"taxonomy":"product_tag","embeddable":true,"href":"https:\/\/roveyayinevi.com.tr\/index.php\/wp-json\/wp\/v2\/product_tag?post=759491"}],"curies":[{"name":"wp","href":"https:\/\/api.w.org\/{rel}","templated":true}]}}