{"id":759490,"date":"2025-08-28T08:36:30","date_gmt":"2025-08-28T05:36:30","guid":{"rendered":"https:\/\/roveyayinevi.com.tr\/index.php\/urun\/kucuk-bir-olum\/"},"modified":"2026-04-16T03:12:33","modified_gmt":"2026-04-16T00:12:33","slug":"kucuk-bir-olum","status":"publish","type":"product","link":"https:\/\/roveyayinevi.com.tr\/index.php\/urun\/kucuk-bir-olum\/","title":{"rendered":"K\u00fc\u00e7\u00fck Bir \u00d6l\u00fcm"},"content":{"rendered":"<p>Hayat\u0131 ve d\u00fc\u015f\u00fcnceleri hem Do\u011fu\u2019da hem de Bat\u0131\u2019da her kesimden pek \u00e7ok ki\u015fiyi etkileyen b\u00fcy\u00fck sufi \u0130bn\u00fc\u2019l-Arab\u00ee, 12. y\u00fczy\u0131lda End\u00fcl\u00fcs\u2019te do\u011fdu. Binlerce kilometre yol katederek Azerbaycan, Fas, M\u0131s\u0131r, Hicaz, Suriye, Irak ve T\u00fcrkiye\u2019den ge\u00e7erek hem fiziksel hem de ruhsal bir ke\u015fif yolculu\u011funa \u00e7\u0131kt\u0131. Zira m\u00fcmin her zaman seyahat eder, b\u00fct\u00fcn varolu\u015f bir yolculuktur. \u00c7a\u011f\u0131n\u0131n g\u00fczelliklerine ve zalimliklerine tan\u0131kl\u0131k etti, d\u00f6rt imparatorlu\u011fun siyasi y\u00f6netimine maruz kald\u0131. \u0130\u00e7sel \u00e7alkant\u0131larla m\u00fccadele etti, nihayetinde \u201cben\u201dine kar\u015f\u0131 hi\u00e7bir arzusu kalmad\u0131.   Muhammed Hasan Alv\u00e2n\u2019\u0131n \u00f6d\u00fcll\u00fc roman\u0131 K\u00fc\u00e7\u00fck Bir \u00d6l\u00fcm, ete kemi\u011fe b\u00fcr\u00fcnm\u00fc\u015f bir insan olarak \u0130bn\u00fc\u2019l-Arab\u00ee\u2019nin hayat\u0131n\u0131n izini s\u00fcr\u00fcyor. Onu ana rahminden \u00e7ekip alan elin, kalbini i\u015faret ederek, \u201cBunu temizle,\u201d \u00f6\u011f\u00fcd\u00fcn\u00fcn pe\u015finde bir hayat\u2026 Kitab\u0131n ad\u0131 ise ilahi emrin kutbu, zaman\u0131n gavs\u0131, Hakk\u2019\u0131n aynas\u0131, feyzin k\u0131stas\u0131 \u0130bn\u00fc\u2019l-Arab\u00ee\u2019nin bir s\u00f6z\u00fcne at\u0131f yap\u0131yor:   A\u015fk, k\u00fc\u00e7\u00fck bir \u00f6l\u00fcmd\u00fcr. <\/p>\n","protected":false},"excerpt":{"rendered":"<p>Hayat\u0131 ve d\u00fc\u015f\u00fcnceleri hem Do\u011fu\u2019da hem de Bat\u0131\u2019da her kesimden pek \u00e7ok ki\u015fiyi etkileyen b\u00fcy\u00fck sufi \u0130bn\u00fc\u2019l-Arab\u00ee, 12. y\u00fczy\u0131lda End\u00fcl\u00fcs\u2019te do\u011fdu. Binlerce kilometre yol katederek Azerbaycan,<span class=\"excerpt-hellip\"> [\u2026]<\/span><\/p>\n","protected":false},"featured_media":0,"template":"","meta":{"_monsterinsights_skip_tracking":false,"_monsterinsights_sitenote_active":false,"_monsterinsights_sitenote_note":"","_monsterinsights_sitenote_category":0},"product_brand":[],"product_cat":[12291,12711],"product_tag":[],"class_list":{"0":"post-759490","1":"product","2":"type-product","3":"status-publish","5":"product_cat-edebiyat","6":"product_cat-roman-oyku","7":"pa_cilt-ciltsiz","8":"pa_tur-kitap","9":"pa_yayinevi-ketebe-yayinlari","10":"pa_yazar-muhammed-hasan-alvan","12":"first","13":"instock","14":"sale","15":"shipping-taxable","16":"purchasable","17":"product-type-simple"},"_links":{"self":[{"href":"https:\/\/roveyayinevi.com.tr\/index.php\/wp-json\/wp\/v2\/product\/759490","targetHints":{"allow":["GET"]}}],"collection":[{"href":"https:\/\/roveyayinevi.com.tr\/index.php\/wp-json\/wp\/v2\/product"}],"about":[{"href":"https:\/\/roveyayinevi.com.tr\/index.php\/wp-json\/wp\/v2\/types\/product"}],"wp:attachment":[{"href":"https:\/\/roveyayinevi.com.tr\/index.php\/wp-json\/wp\/v2\/media?parent=759490"}],"wp:term":[{"taxonomy":"product_brand","embeddable":true,"href":"https:\/\/roveyayinevi.com.tr\/index.php\/wp-json\/wp\/v2\/product_brand?post=759490"},{"taxonomy":"product_cat","embeddable":true,"href":"https:\/\/roveyayinevi.com.tr\/index.php\/wp-json\/wp\/v2\/product_cat?post=759490"},{"taxonomy":"product_tag","embeddable":true,"href":"https:\/\/roveyayinevi.com.tr\/index.php\/wp-json\/wp\/v2\/product_tag?post=759490"}],"curies":[{"name":"wp","href":"https:\/\/api.w.org\/{rel}","templated":true}]}}