{"id":759489,"date":"2025-08-28T08:36:29","date_gmt":"2025-08-28T05:36:29","guid":{"rendered":"https:\/\/roveyayinevi.com.tr\/index.php\/urun\/birlikte-iyilesecegiz\/"},"modified":"2026-04-16T03:12:33","modified_gmt":"2026-04-16T00:12:33","slug":"birlikte-iyilesecegiz","status":"publish","type":"product","link":"https:\/\/roveyayinevi.com.tr\/index.php\/urun\/birlikte-iyilesecegiz\/","title":{"rendered":"Birlikte \u0130yile\u015fece\u011fiz"},"content":{"rendered":"<p>S\u0131k s\u0131k hastalan\u0131yor musunuz?  Ge\u00e7meyen a\u011fr\u0131lar\u0131n\u0131z ve kronik yorgunlu\u011funuz mu var? S\u00fcrekli mide ve ba\u011f\u0131rsak problemleri mi ya\u015f\u0131yorsunuz? Kilo vermekte zorlan\u0131yor musunuz? Ya\u015fam kalitenizi alt\u00fcst eden alerjilerden kurtulam\u0131yor musunuz?   Bu sorunlardan herhangi birinden muzdaripseniz diyetisyen Ye\u015fim Temel \u00d6zcan, sizi hayat\u0131n\u0131z\u0131 de\u011fi\u015ftirecek bir iyile\u015fme yolculu\u011funa davet ediyor. Ye\u015fim Temel \u00d6zcan, bu kitapta kronik hastal\u0131klar\u0131n ard\u0131nda yatan nedene odaklan\u0131yor ve fonksiyonel beslenmeyle ger\u00e7ek iyile\u015fmenin g\u00fcc\u00fcn\u00fc ortaya koyuyor. Sa\u011fl\u0131\u011f\u0131n\u0131z\u0131 iyile\u015ftirmek ve ya\u015fam kalitenizi art\u0131rmak i\u00e7in siz de Ye\u015fim Temel \u00d6zcan\u2019\u0131n \u00e7a\u011fr\u0131s\u0131na kulak verin: \u201cBirlikte iyile\u015felim.\u201d   \u201cYe\u015fim Temel \u00d6zcan, sizi sizden fazla d\u00fc\u015f\u00fcnen, ruh eviniz olan bedeninize nas\u0131l iyi bakaca\u011f\u0131n\u0131z\u0131 size anlatacak e\u015fsiz bir rehber\u2026\u201d   Do\u00e7. Dr. G\u00f6khan \u00d6z\u0131\u015f\u0131k \u0130\u00e7 Hastal\u0131klar\u0131, Endokrinoloji ve Metabolizma Uzman\u0131 <\/p>\n","protected":false},"excerpt":{"rendered":"<p>S\u0131k s\u0131k hastalan\u0131yor musunuz? Ge\u00e7meyen a\u011fr\u0131lar\u0131n\u0131z ve kronik yorgunlu\u011funuz mu var? S\u00fcrekli mide ve ba\u011f\u0131rsak problemleri mi ya\u015f\u0131yorsunuz? Kilo vermekte zorlan\u0131yor musunuz? Ya\u015fam kalitenizi alt\u00fcst eden<span class=\"excerpt-hellip\"> [\u2026]<\/span><\/p>\n","protected":false},"featured_media":0,"template":"","meta":{"_monsterinsights_skip_tracking":false,"_monsterinsights_sitenote_active":false,"_monsterinsights_sitenote_note":"","_monsterinsights_sitenote_category":0},"product_brand":[],"product_cat":[13365],"product_tag":[],"class_list":{"0":"post-759489","1":"product","2":"type-product","3":"status-publish","5":"product_cat-saglik","6":"pa_cilt-ciltsiz","7":"pa_tur-kitap","8":"pa_yayinevi-dogan-kitap","9":"pa_yazar-yesim-temel-ozcan","11":"first","12":"instock","13":"sale","14":"shipping-taxable","15":"purchasable","16":"product-type-simple"},"_links":{"self":[{"href":"https:\/\/roveyayinevi.com.tr\/index.php\/wp-json\/wp\/v2\/product\/759489","targetHints":{"allow":["GET"]}}],"collection":[{"href":"https:\/\/roveyayinevi.com.tr\/index.php\/wp-json\/wp\/v2\/product"}],"about":[{"href":"https:\/\/roveyayinevi.com.tr\/index.php\/wp-json\/wp\/v2\/types\/product"}],"wp:attachment":[{"href":"https:\/\/roveyayinevi.com.tr\/index.php\/wp-json\/wp\/v2\/media?parent=759489"}],"wp:term":[{"taxonomy":"product_brand","embeddable":true,"href":"https:\/\/roveyayinevi.com.tr\/index.php\/wp-json\/wp\/v2\/product_brand?post=759489"},{"taxonomy":"product_cat","embeddable":true,"href":"https:\/\/roveyayinevi.com.tr\/index.php\/wp-json\/wp\/v2\/product_cat?post=759489"},{"taxonomy":"product_tag","embeddable":true,"href":"https:\/\/roveyayinevi.com.tr\/index.php\/wp-json\/wp\/v2\/product_tag?post=759489"}],"curies":[{"name":"wp","href":"https:\/\/api.w.org\/{rel}","templated":true}]}}