{"id":759487,"date":"2025-08-28T08:36:26","date_gmt":"2025-08-28T05:36:26","guid":{"rendered":"https:\/\/roveyayinevi.com.tr\/index.php\/urun\/dostluk-dostluk-sevgi-mila-ve-sarpin-matematik-oykuleri-9\/"},"modified":"2026-04-16T03:12:33","modified_gmt":"2026-04-16T00:12:33","slug":"dostluk-dostluk-sevgi-mila-ve-sarpin-matematik-oykuleri-9","status":"publish","type":"product","link":"https:\/\/roveyayinevi.com.tr\/index.php\/urun\/dostluk-dostluk-sevgi-mila-ve-sarpin-matematik-oykuleri-9\/","title":{"rendered":"Dostluk Dostluk Sevgi &#8211; Mila ve Sarp\u2019\u0131n Matematik \u00d6yk\u00fcleri &#8211; 9"},"content":{"rendered":"<p>Mila ve Sarp 6 ya\u015f\u0131nda \u00e7ok iyi anla\u015fan iki arkada\u015f. Ayn\u0131 okula gidiyorlar, ayn\u0131 sokakta oturuyorlar ve okul sonras\u0131 zamanlar\u0131n\u0131n \u00e7o\u011funu birlikte ge\u00e7iriyorlar. Serinin bu kitab\u0131nda, Sarp Mila\u2019ya kitap okuma al\u0131\u015fkanl\u0131\u011f\u0131 kazand\u0131rmaya \u00e7al\u0131\u015f\u0131yor. Sarp, \u00f6r\u00fcnt\u00fclerden yola \u00e7\u0131karak bunu ba\u015farabilecek mi acaba? Serinin 9. kitab\u0131nda Mila ve Sarp, \u00f6r\u00fcnt\u00fcleri g\u00fcnl\u00fck hayat\u0131n pek \u00e7ok alan\u0131nda kullanarak peki\u015ftiriyorlar.<\/p>\n","protected":false},"excerpt":{"rendered":"<p>Mila ve Sarp 6 ya\u015f\u0131nda \u00e7ok iyi anla\u015fan iki arkada\u015f. Ayn\u0131 okula gidiyorlar, ayn\u0131 sokakta oturuyorlar ve okul sonras\u0131 zamanlar\u0131n\u0131n \u00e7o\u011funu birlikte ge\u00e7iriyorlar. Serinin bu kitab\u0131nda,<span class=\"excerpt-hellip\"> [\u2026]<\/span><\/p>\n","protected":false},"featured_media":0,"template":"","meta":{"_monsterinsights_skip_tracking":false,"_monsterinsights_sitenote_active":false,"_monsterinsights_sitenote_note":"","_monsterinsights_sitenote_category":0},"product_brand":[],"product_cat":[12274,15842],"product_tag":[],"class_list":{"0":"post-759487","1":"product","2":"type-product","3":"status-publish","5":"product_cat-cocuk-ve-genclik-kitaplari","6":"product_cat-egitici-kitaplar","7":"pa_cilt-ciltsiz","8":"pa_tur-kitap","9":"pa_yayinevi-potikare-yayincilik","10":"pa_yazar-kolektif","12":"first","13":"instock","14":"sale","15":"shipping-taxable","16":"purchasable","17":"product-type-simple"},"_links":{"self":[{"href":"https:\/\/roveyayinevi.com.tr\/index.php\/wp-json\/wp\/v2\/product\/759487","targetHints":{"allow":["GET"]}}],"collection":[{"href":"https:\/\/roveyayinevi.com.tr\/index.php\/wp-json\/wp\/v2\/product"}],"about":[{"href":"https:\/\/roveyayinevi.com.tr\/index.php\/wp-json\/wp\/v2\/types\/product"}],"wp:attachment":[{"href":"https:\/\/roveyayinevi.com.tr\/index.php\/wp-json\/wp\/v2\/media?parent=759487"}],"wp:term":[{"taxonomy":"product_brand","embeddable":true,"href":"https:\/\/roveyayinevi.com.tr\/index.php\/wp-json\/wp\/v2\/product_brand?post=759487"},{"taxonomy":"product_cat","embeddable":true,"href":"https:\/\/roveyayinevi.com.tr\/index.php\/wp-json\/wp\/v2\/product_cat?post=759487"},{"taxonomy":"product_tag","embeddable":true,"href":"https:\/\/roveyayinevi.com.tr\/index.php\/wp-json\/wp\/v2\/product_tag?post=759487"}],"curies":[{"name":"wp","href":"https:\/\/api.w.org\/{rel}","templated":true}]}}