{"id":759486,"date":"2025-08-28T08:36:24","date_gmt":"2025-08-28T05:36:24","guid":{"rendered":"https:\/\/roveyayinevi.com.tr\/index.php\/urun\/kayip-varis\/"},"modified":"2026-04-16T03:12:33","modified_gmt":"2026-04-16T00:12:33","slug":"kayip-varis","status":"publish","type":"product","link":"https:\/\/roveyayinevi.com.tr\/index.php\/urun\/kayip-varis\/","title":{"rendered":"Kay\u0131p Varis"},"content":{"rendered":"<p>A\u015fk, \u00e7alamayaca\u011f\u0131n tek \u015feydir. Nessa Griffin ailenin g\u00f6zbebe\u011fidir. \u0130\u00e7inde b\u00fcy\u00fcd\u00fc\u011f\u00fc mafya d\u00fcnyas\u0131na g\u00f6re fazla \u015fefkatli ve nazik olan Nessa, bu mafya imparatorlu\u011funda hi\u00e7bir rol \u00fcstlenmez. Hem evde hem de son derece rekabet\u00e7i bale toplulu\u011funda kendini kan\u0131tlamak ad\u0131na \u00e7abalar. Mikolaj Wilk, Chicago\u2019nun en gaddar su\u00e7lular\u0131ndan biridir ve intikam pe\u015findedir. Onu Var\u015fova sokaklar\u0131ndan kurtaran \u00fcvey babas\u0131na yap\u0131lanlar\u0131n hesab\u0131n\u0131 mutlaka soracakt\u0131r. Mikolaj, intikam plan\u0131n\u0131n bir par\u00e7as\u0131 olarak Nessa\u2019y\u0131 ka\u00e7\u0131r\u0131r ve onu \u00e7\u00fcr\u00fcyen, eski malik\u00e2nesinde esir tutar. Gen\u00e7 kad\u0131n, ailesinin su\u00e7lar\u0131n\u0131n bedelini \u00f6demeyi hak etmez; ne yaz\u0131k ki bu d\u00fcnyada kurt, ne kadar nazik ve masum olursa olsun kuzuyu yer. Ancak Mikolaj, Griffin ailesinin de\u011fer verdi\u011fi her \u015feyi yok etme planlar\u0131 yaparken, kendisini esirine kap\u0131lm\u0131\u015f halde bulur. Bu balerinin danslar\u0131n\u0131n sadece ona \u00f6zel olmas\u0131n\u0131 istemeye ba\u015flar. Nessa ise kendisini ka\u00e7\u0131ran adamla ya\u015fad\u0131\u011f\u0131 tutkulu gerilimin i\u00e7inde kaybolmu\u015ftur. Bu s\u0131rada, aralar\u0131ndaki \u00e7arp\u0131k ili\u015fki yeni, korkutucu \u015fekillerde geli\u015fir. Nessa, a\u015fka yenik d\u00fc\u015fmeden \u00f6nce Mikolaj\u2019\u0131n canavar etiketinin alt\u0131ndaki kalbi bulabilecek midir? <\/p>\n","protected":false},"excerpt":{"rendered":"<p>A\u015fk, \u00e7alamayaca\u011f\u0131n tek \u015feydir. Nessa Griffin ailenin g\u00f6zbebe\u011fidir. \u0130\u00e7inde b\u00fcy\u00fcd\u00fc\u011f\u00fc mafya d\u00fcnyas\u0131na g\u00f6re fazla \u015fefkatli ve nazik olan Nessa, bu mafya imparatorlu\u011funda hi\u00e7bir rol \u00fcstlenmez. Hem<span class=\"excerpt-hellip\"> [\u2026]<\/span><\/p>\n","protected":false},"featured_media":0,"template":"","meta":{"_monsterinsights_skip_tracking":false,"_monsterinsights_sitenote_active":false,"_monsterinsights_sitenote_note":"","_monsterinsights_sitenote_category":0},"product_brand":[],"product_cat":[12291,12711],"product_tag":[],"class_list":{"0":"post-759486","1":"product","2":"type-product","3":"status-publish","5":"product_cat-edebiyat","6":"product_cat-roman-oyku","7":"pa_cilt-ciltsiz","8":"pa_tur-kitap","9":"pa_yayinevi-nemesis-kitap","10":"pa_yazar-sophie-lark","12":"first","13":"instock","14":"sale","15":"shipping-taxable","16":"purchasable","17":"product-type-simple"},"_links":{"self":[{"href":"https:\/\/roveyayinevi.com.tr\/index.php\/wp-json\/wp\/v2\/product\/759486","targetHints":{"allow":["GET"]}}],"collection":[{"href":"https:\/\/roveyayinevi.com.tr\/index.php\/wp-json\/wp\/v2\/product"}],"about":[{"href":"https:\/\/roveyayinevi.com.tr\/index.php\/wp-json\/wp\/v2\/types\/product"}],"wp:attachment":[{"href":"https:\/\/roveyayinevi.com.tr\/index.php\/wp-json\/wp\/v2\/media?parent=759486"}],"wp:term":[{"taxonomy":"product_brand","embeddable":true,"href":"https:\/\/roveyayinevi.com.tr\/index.php\/wp-json\/wp\/v2\/product_brand?post=759486"},{"taxonomy":"product_cat","embeddable":true,"href":"https:\/\/roveyayinevi.com.tr\/index.php\/wp-json\/wp\/v2\/product_cat?post=759486"},{"taxonomy":"product_tag","embeddable":true,"href":"https:\/\/roveyayinevi.com.tr\/index.php\/wp-json\/wp\/v2\/product_tag?post=759486"}],"curies":[{"name":"wp","href":"https:\/\/api.w.org\/{rel}","templated":true}]}}